{"id":100004,"date":"2021-02-21T22:32:09","date_gmt":"2021-02-21T22:32:09","guid":{"rendered":"https:\/\/www.autonvaraosahaku.fi\/?product=blue-print-adt34285-jarrupalat"},"modified":"2021-02-21T22:32:15","modified_gmt":"2021-02-21T22:32:15","slug":"blue-print-adt34285-jarrupalat","status":"publish","type":"product","link":"https:\/\/www.autonvaraosahaku.fi\/?product=blue-print-adt34285-jarrupalat","title":{"rendered":"Blue Print ADT34285 Jarrupalat"},"content":{"rendered":"<p>Pituus (mm): 133,2; Leveys (mm): 53,0; Tarkistuskilpi: ECE R90 Approved; Asennuspuoli: Etuakseli; Paksuus 1 [mm]: 17,5; Paino [kg]: 1,44; Kulumisenilmaisimen liitos: akustisella kulumavaroittimella, akustisella kulumavaroittimella; M\u00e4\u00e4r\u00e4yksikk\u00f6: Akselisarja; Jarrulevyl\u00e4pimitalle [mm]: 255; TOYOTA: COROLLA Liftback _E11_,COROLLA Compact _E11_,RAV 4 I SXA1_,PICNIC _XM10,COROLLA Compact _E10_,CARINA E _T19_,CELICA ST20_, AT20_,COROLLA _E11_,CARINA E Stufenheck _T19_,COROLLA Wagon __E11_,CARINA E Sportswagon _T19_,RAV 4 \u00a0 SXA1_,CAMRY _CV2_, _XV2_,COROLLA Liftback _E10_,COROLLA Liftback _E9_,COROLLA _E10_,CAMRY _CV1_, _XV1_, _V1_,COROLLA Compact _E9_,CAMRY Station Wagon _XV1_, _CV1_, _V10,COROLLA Wagon _E10_,CELICA Cabriolet AT20_, ST20_,CARINA Stufenheck _T21_,PRIUS Stufenheck _W1_; 18029118, 94858707, 0018029118, 0446502020, 0446505010, 0446506010, 0446512110, 0446512230, 0446512500, 0446512530, 0446512540, 0446512593, 0446520110, 0446520120, 0446520130, 0446520140, 0446520450, 0446520490, 0446522280, 0446530240, 0446532200, 0446533020, 0446533021, 0446533040, 0446533050, 0446533090, 0446533160, 0446533210, 0446542010, 0446542011, 0446542012, 0446542020, 0446542040, 0446542041, 0446542050, 0446542060, 0446542090, 0446542100, 0446542120, 0446544020, 0446544030, 0446544040, 0446544110, 0446544120, 0446547010, 04465YZZ01, 04465YZZ51, 04465YZZA0, 04465YZZAB, 04465YZZD0, 0449102030, 0449105010, 0449106010, 0449106030, 0449106070, 0449112640, 0449112650, 0449112651, 0449112660, 0449120880, 0449120890, 0449122370, 044912B010, 044912B050, 0449132420, 0449133010, 0449133011, 0449133030, 0449133060, 0449133080, 0449142010, 0449142011, 0449142012, 18029118, 446533021, 446533210, 446542050, 4774605010, 4774705010, 4775705010; Jarrupalasarja,Jarrupala, Levyjarru<\/p>\n","protected":false},"excerpt":{"rendered":"<p>BLUE PRINT Jarrupalat ADT34285 Jarrupalasarja,Jarrupala, Levyjarru TOYOTA,COROLLA Liftback _E11_,COROLLA Compact _E11_,RAV 4 I SXA1_,PICNIC _XM10<\/p>\n","protected":false},"featured_media":0,"template":"","meta":{"site-sidebar-layout":"default","site-content-layout":"default","ast-global-header-display":"","ast-main-header-display":"","ast-hfb-above-header-display":"","ast-hfb-below-header-display":"","ast-hfb-mobile-header-display":"","site-post-title":"","ast-breadcrumbs-content":"","ast-featured-img":"","footer-sml-layout":"","theme-transparent-header-meta":"","adv-header-id-meta":"","stick-header-meta":"","header-above-stick-meta":"","header-main-stick-meta":"","header-below-stick-meta":""},"pwb-brand":[533],"product_cat":[100],"product_tag":[],"class_list":{"0":"post-100004","1":"product","2":"type-product","3":"status-publish","5":"pwb-brand-blue-print","6":"product_cat-jarrupalat","7":"desktop-align-left","8":"tablet-align-left","9":"mobile-align-left","11":"first","12":"instock","13":"product-type-external"},"brands":[{"id":533,"name":"Blue Print","slug":"blue-print"}],"_links":{"self":[{"href":"https:\/\/www.autonvaraosahaku.fi\/index.php?rest_route=\/wp\/v2\/product\/100004","targetHints":{"allow":["GET"]}}],"collection":[{"href":"https:\/\/www.autonvaraosahaku.fi\/index.php?rest_route=\/wp\/v2\/product"}],"about":[{"href":"https:\/\/www.autonvaraosahaku.fi\/index.php?rest_route=\/wp\/v2\/types\/product"}],"wp:attachment":[{"href":"https:\/\/www.autonvaraosahaku.fi\/index.php?rest_route=%2Fwp%2Fv2%2Fmedia&parent=100004"}],"wp:term":[{"taxonomy":"pwb-brand","embeddable":true,"href":"https:\/\/www.autonvaraosahaku.fi\/index.php?rest_route=%2Fwp%2Fv2%2Fpwb-brand&post=100004"},{"taxonomy":"product_cat","embeddable":true,"href":"https:\/\/www.autonvaraosahaku.fi\/index.php?rest_route=%2Fwp%2Fv2%2Fproduct_cat&post=100004"},{"taxonomy":"product_tag","embeddable":true,"href":"https:\/\/www.autonvaraosahaku.fi\/index.php?rest_route=%2Fwp%2Fv2%2Fproduct_tag&post=100004"}],"curies":[{"name":"wp","href":"https:\/\/api.w.org\/{rel}","templated":true}]}}