{"id":100009,"date":"2021-02-21T22:32:09","date_gmt":"2021-02-21T22:32:09","guid":{"rendered":"https:\/\/www.autonvaraosahaku.fi\/?product=blue-print-adt32393-polttoainesuodatin"},"modified":"2021-02-21T22:32:16","modified_gmt":"2021-02-21T22:32:16","slug":"blue-print-adt32393-polttoainesuodatin","status":"publish","type":"product","link":"https:\/\/www.autonvaraosahaku.fi\/?product=blue-print-adt32393-polttoainesuodatin","title":{"rendered":"Blue Print ADT32393 Polttoainesuodatin"},"content":{"rendered":"<p>Korkeus (mm): 88; Ulkol\u00e4pimitta [mm]: 91,0; Asennuspuoli: polttoaines\u00e4ili\u00f6ss\u00e4; Paino [kg]: 0,156, 0,156; Huomioi tekniset tiedot: ; LEXUS: RX MHU3_, GSU3_, MCU3_; TOYOTA: YARIS SCP9_, NSP9_, KSP9_, NCP9_, ZSP9_,RAV 4 III ACA3_, ACE_, ALA3_, GSA3_, ZSA3_,VIOS\/YARIS Stufenheck ZSP9_, NCP9_,HIACE IV Kasten TRH2_, KDH2_,HIACE \/ COMMUTER IV TRH2_, KDH2_; 2330021030, 2330021030<\/p>\n","protected":false},"excerpt":{"rendered":"<p>BLUE PRINT Polttoainesuodatin ADT32393  LEXUS,TOYOTA,RX MHU3_, GSU3_, MCU3_,YARIS SCP9_, NSP9_, KSP9_, NCP9_, ZSP9_<\/p>\n","protected":false},"featured_media":0,"template":"","meta":{"site-sidebar-layout":"default","site-content-layout":"default","ast-global-header-display":"","ast-main-header-display":"","ast-hfb-above-header-display":"","ast-hfb-below-header-display":"","ast-hfb-mobile-header-display":"","site-post-title":"","ast-breadcrumbs-content":"","ast-featured-img":"","footer-sml-layout":"","theme-transparent-header-meta":"","adv-header-id-meta":"","stick-header-meta":"","header-above-stick-meta":"","header-main-stick-meta":"","header-below-stick-meta":""},"pwb-brand":[533],"product_cat":[29],"product_tag":[],"class_list":{"0":"post-100009","1":"product","2":"type-product","3":"status-publish","5":"pwb-brand-blue-print","6":"product_cat-polttoainesuodatin","7":"desktop-align-left","8":"tablet-align-left","9":"mobile-align-left","11":"first","12":"instock","13":"product-type-external"},"brands":[{"id":533,"name":"Blue Print","slug":"blue-print"}],"_links":{"self":[{"href":"https:\/\/www.autonvaraosahaku.fi\/index.php?rest_route=\/wp\/v2\/product\/100009","targetHints":{"allow":["GET"]}}],"collection":[{"href":"https:\/\/www.autonvaraosahaku.fi\/index.php?rest_route=\/wp\/v2\/product"}],"about":[{"href":"https:\/\/www.autonvaraosahaku.fi\/index.php?rest_route=\/wp\/v2\/types\/product"}],"wp:attachment":[{"href":"https:\/\/www.autonvaraosahaku.fi\/index.php?rest_route=%2Fwp%2Fv2%2Fmedia&parent=100009"}],"wp:term":[{"taxonomy":"pwb-brand","embeddable":true,"href":"https:\/\/www.autonvaraosahaku.fi\/index.php?rest_route=%2Fwp%2Fv2%2Fpwb-brand&post=100009"},{"taxonomy":"product_cat","embeddable":true,"href":"https:\/\/www.autonvaraosahaku.fi\/index.php?rest_route=%2Fwp%2Fv2%2Fproduct_cat&post=100009"},{"taxonomy":"product_tag","embeddable":true,"href":"https:\/\/www.autonvaraosahaku.fi\/index.php?rest_route=%2Fwp%2Fv2%2Fproduct_tag&post=100009"}],"curies":[{"name":"wp","href":"https:\/\/api.w.org\/{rel}","templated":true}]}}