{"id":100015,"date":"2021-02-21T22:32:18","date_gmt":"2021-02-21T22:32:18","guid":{"rendered":"https:\/\/www.autonvaraosahaku.fi\/?product=blue-print-adc44321-jarrulevyt"},"modified":"2021-02-21T22:32:20","modified_gmt":"2021-02-21T22:32:20","slug":"blue-print-adc44321-jarrulevyt","status":"publish","type":"product","link":"https:\/\/www.autonvaraosahaku.fi\/?product=blue-print-adc44321-jarrulevyt","title":{"rendered":"Blue Print ADC44321 Jarrulevyt"},"content":{"rendered":"<p>Jarrulevyn paksuus (mm): 24; Kiinnitysreikien lukum\u00e4\u00e4r\u00e4: 4, 2; Paksuus [mm]: 45,5; Ulkol\u00e4pimitta [mm]: 256,0; Reik\u00e4ympyr\u00e4-\u00d8 [mm]: 114,3; Pinta: pinnoitettu; Jarrulevytyyppi: Tuuletettu, sis\u00e4; Asennuspuoli: Etuakseli; V\u00e4himm\u00e4ispaksuus (mm): 22,4; Paino [kg]: 5,040; keskitt\u00e4misl\u00e4pimitta [mm]: 69, 69; Valmistusvuosi alkaen: 10\/1986; VOLVO: V40 Kombi VW,S40 I VS; MITSUBISHI: SPACE STAR DG_A,CARISMA DA_,OUTLANDER I CU_W,CARISMA Stufenheck DA_,GALANT VI Station Wagon EA_,GALANT VI EA_,LANCER Stufenheck CS_A, CT0,SPACE RUNNER N1_W, N2_W,LANCER VI CJ-CP_,LANCER V Station Wagon CB_W, CD_W,GALANT IV E3_A,LANCER V CB\/D_A,SPACE WAGON N3_W, N4_W,GALANT IV Stufenheck E3_A,GALANT V Stufenheck E5_A, E7_A, E8_A,GALANT V E5_A, E7_A, E8_A,GALANT III E1_A,SAPPORO III E16A; MB407639, MB668107, MB928994, MB928995, MB995994, MM928994, MR128153, MR205584, MR205585, MR235505, MR389721, MR389722, MR475330, MR955636, MR955637, PW820577, 30872319, 30872926; Jarrulevy<\/p>\n","protected":false},"excerpt":{"rendered":"<p>BLUE PRINT Jarrulevyt ADC44321 Jarrulevy VOLVO,MITSUBISHI,V40 Kombi VW,S40 I VS,SPACE STAR DG_A,CARISMA DA_,OUTLANDER I CU_W,CARISMA Stufenheck DA_<\/p>\n","protected":false},"featured_media":0,"template":"","meta":{"site-sidebar-layout":"default","site-content-layout":"default","ast-global-header-display":"","ast-main-header-display":"","ast-hfb-above-header-display":"","ast-hfb-below-header-display":"","ast-hfb-mobile-header-display":"","site-post-title":"","ast-breadcrumbs-content":"","ast-featured-img":"","footer-sml-layout":"","theme-transparent-header-meta":"","adv-header-id-meta":"","stick-header-meta":"","header-above-stick-meta":"","header-main-stick-meta":"","header-below-stick-meta":""},"pwb-brand":[533],"product_cat":[66],"product_tag":[],"class_list":{"0":"post-100015","1":"product","2":"type-product","3":"status-publish","5":"pwb-brand-blue-print","6":"product_cat-jarrulevyt","7":"desktop-align-left","8":"tablet-align-left","9":"mobile-align-left","11":"first","12":"instock","13":"product-type-external"},"brands":[{"id":533,"name":"Blue Print","slug":"blue-print"}],"_links":{"self":[{"href":"https:\/\/www.autonvaraosahaku.fi\/index.php?rest_route=\/wp\/v2\/product\/100015","targetHints":{"allow":["GET"]}}],"collection":[{"href":"https:\/\/www.autonvaraosahaku.fi\/index.php?rest_route=\/wp\/v2\/product"}],"about":[{"href":"https:\/\/www.autonvaraosahaku.fi\/index.php?rest_route=\/wp\/v2\/types\/product"}],"wp:attachment":[{"href":"https:\/\/www.autonvaraosahaku.fi\/index.php?rest_route=%2Fwp%2Fv2%2Fmedia&parent=100015"}],"wp:term":[{"taxonomy":"pwb-brand","embeddable":true,"href":"https:\/\/www.autonvaraosahaku.fi\/index.php?rest_route=%2Fwp%2Fv2%2Fpwb-brand&post=100015"},{"taxonomy":"product_cat","embeddable":true,"href":"https:\/\/www.autonvaraosahaku.fi\/index.php?rest_route=%2Fwp%2Fv2%2Fproduct_cat&post=100015"},{"taxonomy":"product_tag","embeddable":true,"href":"https:\/\/www.autonvaraosahaku.fi\/index.php?rest_route=%2Fwp%2Fv2%2Fproduct_tag&post=100015"}],"curies":[{"name":"wp","href":"https:\/\/api.w.org\/{rel}","templated":true}]}}