{"id":100021,"date":"2021-02-21T22:32:18","date_gmt":"2021-02-21T22:32:18","guid":{"rendered":"https:\/\/www.autonvaraosahaku.fi\/?product=blue-print-adc44243-jarrupalat"},"modified":"2021-02-21T22:32:23","modified_gmt":"2021-02-21T22:32:23","slug":"blue-print-adc44243-jarrupalat","status":"publish","type":"product","link":"https:\/\/www.autonvaraosahaku.fi\/?product=blue-print-adc44243-jarrupalat","title":{"rendered":"Blue Print ADC44243 Jarrupalat"},"content":{"rendered":"<p>Pituus (mm): 107,8; Leveys (mm): 43,5; Tarkistuskilpi: ECE R90 Approved; Asennuspuoli: Taka-akseli; Paksuus 1 [mm]: 14; Paino [kg]: 0,860; Kulumisenilmaisimen liitos: akustisella kulumavaroittimella, akustisella kulumavaroittimella; M\u00e4\u00e4r\u00e4yksikk\u00f6: Akselisarja; Moottorinumero: 6G74; MITSUBISHI: PAJERO II V3_W, V2_W, V4_W,L 400 \/ SPACE GEAR Bus PD_W, PC_W, PA_V, PB_V,PAJERO II Canvas Top V2_W, V4_W,DELICA; 9H0M012, MB858463, MN102623, MR205269, MR389571, MR389572, MZ690009, MZ690009EU, MZ690050, MZ690170, MZ690344, X3516004; Jarrupalasarja,Jarrupala, Levyjarru<\/p>\n","protected":false},"excerpt":{"rendered":"<p>BLUE PRINT Jarrupalat ADC44243 Jarrupalasarja,Jarrupala, Levyjarru MITSUBISHI,PAJERO II V3_W, V2_W, V4_W,L 400 \/ SPACE GEAR Bus PD_W, PC_W, PA_V, PB_V<\/p>\n","protected":false},"featured_media":0,"template":"","meta":{"site-sidebar-layout":"default","site-content-layout":"default","ast-global-header-display":"","ast-main-header-display":"","ast-hfb-above-header-display":"","ast-hfb-below-header-display":"","ast-hfb-mobile-header-display":"","site-post-title":"","ast-breadcrumbs-content":"","ast-featured-img":"","footer-sml-layout":"","theme-transparent-header-meta":"","adv-header-id-meta":"","stick-header-meta":"","header-above-stick-meta":"","header-main-stick-meta":"","header-below-stick-meta":""},"pwb-brand":[533],"product_cat":[100],"product_tag":[],"class_list":{"0":"post-100021","1":"product","2":"type-product","3":"status-publish","5":"pwb-brand-blue-print","6":"product_cat-jarrupalat","7":"desktop-align-left","8":"tablet-align-left","9":"mobile-align-left","11":"first","12":"instock","13":"product-type-external"},"brands":[{"id":533,"name":"Blue Print","slug":"blue-print"}],"_links":{"self":[{"href":"https:\/\/www.autonvaraosahaku.fi\/index.php?rest_route=\/wp\/v2\/product\/100021","targetHints":{"allow":["GET"]}}],"collection":[{"href":"https:\/\/www.autonvaraosahaku.fi\/index.php?rest_route=\/wp\/v2\/product"}],"about":[{"href":"https:\/\/www.autonvaraosahaku.fi\/index.php?rest_route=\/wp\/v2\/types\/product"}],"wp:attachment":[{"href":"https:\/\/www.autonvaraosahaku.fi\/index.php?rest_route=%2Fwp%2Fv2%2Fmedia&parent=100021"}],"wp:term":[{"taxonomy":"pwb-brand","embeddable":true,"href":"https:\/\/www.autonvaraosahaku.fi\/index.php?rest_route=%2Fwp%2Fv2%2Fpwb-brand&post=100021"},{"taxonomy":"product_cat","embeddable":true,"href":"https:\/\/www.autonvaraosahaku.fi\/index.php?rest_route=%2Fwp%2Fv2%2Fproduct_cat&post=100021"},{"taxonomy":"product_tag","embeddable":true,"href":"https:\/\/www.autonvaraosahaku.fi\/index.php?rest_route=%2Fwp%2Fv2%2Fproduct_tag&post=100021"}],"curies":[{"name":"wp","href":"https:\/\/api.w.org\/{rel}","templated":true}]}}