{"id":100023,"date":"2021-02-21T22:32:18","date_gmt":"2021-02-21T22:32:18","guid":{"rendered":"https:\/\/www.autonvaraosahaku.fi\/?product=blue-print-ada100106-kierretulppa"},"modified":"2021-02-21T22:32:23","modified_gmt":"2021-02-21T22:32:23","slug":"blue-print-ada100106-kierretulppa","status":"publish","type":"product","link":"https:\/\/www.autonvaraosahaku.fi\/?product=blue-print-ada100106-kierretulppa","title":{"rendered":"Blue Print ADA100106 Kierretulppa"},"content":{"rendered":"<p>Paksuus [mm]: 21,5; Ulkol\u00e4pimitta [mm]: 19,0; Materiaali: Ter\u00e4s, Ter\u00e4s; Paino [kg]: 0,002, 0,002; Valmistusvuosi alkaen: 06\/2015; DAEWOO: KALOS KLAS,MATIZ KLYA,MATIZ Kasten KLA4,KALOS Stufenheck KLAS; CHEVROLET: MATIZ M200, M250,SPARK M300,AVEO Schr\u00e4gheck T250, T255,AVEO Stufenheck T250, T255,SPARK M150; CHRYSLER: STRATUS Cabriolet JX,STRATUS JA; VOLVO: V40 Kombi VW,S40 I VS; CITRO\u00cbN: C-CROSSER EP_; PEUGEOT: 4007 GP_; MITSUBISHI: COLT VI Z3_A, Z2_A,SPACE STAR DG_A,ASX GA_W_,OUTLANDER XL II CW_W,CARISMA DA_,OUTLANDER III GG_W, GF_W, ZJ,GRANDIS NA_W,MIRAGE Schr\u00e4gheck,OUTLANDER I CU_W,LANCER Kombi CS_W,LANCER SPORTBACK CX_A,PAJERO PININ H6_W, H7_W,COLT CZC Cabriolet RG,LANCER Stufenheck CY\/Z_A,CARISMA Stufenheck DA_,PAJERO III V7_W, V6_W,PAJERO IV V8_W, V9_W,SPACE WAGON N9_W, N8_W,L 200 K7_T, K6_T,L 200 KB_T, KA_T,PAJERO II V3_W, V2_W, V4_W,LANCER Stufenheck CS_A, CT0,L 300 Bus P0_W, P1_W, P2_W,PAJERO SPORT K90,PAJERO CLASSIC V2_W,L 300 Pritsche\/Fahrgestell L03_P,L 300 Kasten L03_P,ASX Van GA_W_,PAJERO II V3_W,LANCER V Station Wagon CB_W, CD_W,L 200 Pritsche\/Fahrgestell KA_T, KB_T,PAJERO III Gel\u00e4ndewagen offen V6_W, V7_W,L 300 Kasten P0_W, P1_W,L 300 Bus LO3_P\/G, L0_2P,PAJERO II Canvas Top V2_W, V4_W,L 400 Kasten PD_W, PC_W, PB_V, PA_W, PA_V,GALANT Stufenheck DJ_, ED_, EF_,L 300 Pritsche\/Fahrgestell P1_T,L200 KJ_; 0916814012000, 09168A14012, 09168A14012000, 94525246, 00MD050317, MD050317, 0916814012000, 09168A14012, 09168A14012000, 916814012000, 9168A14012, 9168A14012000, 94525246, 134510406A, MD050317, 30874062; Tiiviste, \u00d6ljynlaskutulppa<\/p>\n","protected":false},"excerpt":{"rendered":"<p>BLUE PRINT \u00d6ljytulpan Tiiviste ADA100106 Tiiviste, \u00d6ljynlaskutulppa DAEWOO,CHEVROLET,CHRYSLER,KALOS KLAS,MATIZ KLYA,MATIZ Kasten KLA4<\/p>\n","protected":false},"featured_media":0,"template":"","meta":{"site-sidebar-layout":"default","site-content-layout":"default","ast-global-header-display":"","ast-main-header-display":"","ast-hfb-above-header-display":"","ast-hfb-below-header-display":"","ast-hfb-mobile-header-display":"","site-post-title":"","ast-breadcrumbs-content":"","ast-featured-img":"","footer-sml-layout":"","theme-transparent-header-meta":"","adv-header-id-meta":"","stick-header-meta":"","header-above-stick-meta":"","header-main-stick-meta":"","header-below-stick-meta":""},"pwb-brand":[533],"product_cat":[40],"product_tag":[],"class_list":{"0":"post-100023","1":"product","2":"type-product","3":"status-publish","5":"pwb-brand-blue-print","6":"product_cat-kierretulppa","7":"desktop-align-left","8":"tablet-align-left","9":"mobile-align-left","11":"first","12":"instock","13":"product-type-external"},"brands":[{"id":533,"name":"Blue Print","slug":"blue-print"}],"_links":{"self":[{"href":"https:\/\/www.autonvaraosahaku.fi\/index.php?rest_route=\/wp\/v2\/product\/100023","targetHints":{"allow":["GET"]}}],"collection":[{"href":"https:\/\/www.autonvaraosahaku.fi\/index.php?rest_route=\/wp\/v2\/product"}],"about":[{"href":"https:\/\/www.autonvaraosahaku.fi\/index.php?rest_route=\/wp\/v2\/types\/product"}],"wp:attachment":[{"href":"https:\/\/www.autonvaraosahaku.fi\/index.php?rest_route=%2Fwp%2Fv2%2Fmedia&parent=100023"}],"wp:term":[{"taxonomy":"pwb-brand","embeddable":true,"href":"https:\/\/www.autonvaraosahaku.fi\/index.php?rest_route=%2Fwp%2Fv2%2Fpwb-brand&post=100023"},{"taxonomy":"product_cat","embeddable":true,"href":"https:\/\/www.autonvaraosahaku.fi\/index.php?rest_route=%2Fwp%2Fv2%2Fproduct_cat&post=100023"},{"taxonomy":"product_tag","embeddable":true,"href":"https:\/\/www.autonvaraosahaku.fi\/index.php?rest_route=%2Fwp%2Fv2%2Fproduct_tag&post=100023"}],"curies":[{"name":"wp","href":"https:\/\/api.w.org\/{rel}","templated":true}]}}