{"id":100036,"date":"2021-02-21T22:32:27","date_gmt":"2021-02-21T22:32:27","guid":{"rendered":"https:\/\/www.autonvaraosahaku.fi\/?product=blue-print-adm54277-jarrupalat"},"modified":"2021-02-21T22:32:29","modified_gmt":"2021-02-21T22:32:29","slug":"blue-print-adm54277-jarrupalat","status":"publish","type":"product","link":"https:\/\/www.autonvaraosahaku.fi\/?product=blue-print-adm54277-jarrupalat","title":{"rendered":"Blue Print ADM54277 Jarrupalat"},"content":{"rendered":"<p>Pituus (mm): 131,9; Leveys (mm): 59,7; Tarkistuskilpi: ECE R90 Approved; Asennuspuoli: Etuakseli; Paksuus 1 [mm]: 17,8; Paino [kg]: 1,650, 1,650; Kulumisenilmaisimen liitos: akustisella kulumavaroittimella, akustisella kulumavaroittimella; M\u00e4\u00e4r\u00e4yksikk\u00f6: Akselisarja; Moottorinumero: LF17; LF18; MAZDA: 6 Station Wagon GY,6 Hatchback GG,6 GG; G2YS3323Z, G2YS3323ZA, G2YS3323ZB, G2YS3328Z, GJYE3323Z, GJYE3323ZA, GJYE3323ZB, GJYE3323ZC, GJYE3323ZD, GJYE3323ZF, GJYE3328Z, GJYE3328ZA, GJYE3328ZB, GJYE3328ZC, GJYE3328ZD, GJYE3328ZF, GJYF3323Z, GJYF3323ZA, GJYF3323ZB, GJYF3323ZC, GJYF3323ZD, GJYF3323ZE, GJYF3328Z, GJYF3328ZA, GJYF3328ZB, GJYF3328ZC, GJYF3328ZE, GJYG3323Z, GJYG3323ZA, GJYG3323ZB, GJYG3328Z, GJYG3328Z9C, GJYG3328ZE; Jarrupalasarja,Jarrupala, Levyjarru<\/p>\n","protected":false},"excerpt":{"rendered":"<p>BLUE PRINT Jarrupalat ADM54277 Jarrupalasarja,Jarrupala, Levyjarru MAZDA,6 Station Wagon GY,6 Hatchback GG,6 GG<\/p>\n","protected":false},"featured_media":0,"template":"","meta":{"site-sidebar-layout":"default","site-content-layout":"default","ast-global-header-display":"","ast-main-header-display":"","ast-hfb-above-header-display":"","ast-hfb-below-header-display":"","ast-hfb-mobile-header-display":"","site-post-title":"","ast-breadcrumbs-content":"","ast-featured-img":"","footer-sml-layout":"","theme-transparent-header-meta":"","adv-header-id-meta":"","stick-header-meta":"","header-above-stick-meta":"","header-main-stick-meta":"","header-below-stick-meta":""},"pwb-brand":[533],"product_cat":[100],"product_tag":[],"class_list":{"0":"post-100036","1":"product","2":"type-product","3":"status-publish","5":"pwb-brand-blue-print","6":"product_cat-jarrupalat","7":"desktop-align-left","8":"tablet-align-left","9":"mobile-align-left","11":"first","12":"instock","13":"product-type-external"},"brands":[{"id":533,"name":"Blue Print","slug":"blue-print"}],"_links":{"self":[{"href":"https:\/\/www.autonvaraosahaku.fi\/index.php?rest_route=\/wp\/v2\/product\/100036","targetHints":{"allow":["GET"]}}],"collection":[{"href":"https:\/\/www.autonvaraosahaku.fi\/index.php?rest_route=\/wp\/v2\/product"}],"about":[{"href":"https:\/\/www.autonvaraosahaku.fi\/index.php?rest_route=\/wp\/v2\/types\/product"}],"wp:attachment":[{"href":"https:\/\/www.autonvaraosahaku.fi\/index.php?rest_route=%2Fwp%2Fv2%2Fmedia&parent=100036"}],"wp:term":[{"taxonomy":"pwb-brand","embeddable":true,"href":"https:\/\/www.autonvaraosahaku.fi\/index.php?rest_route=%2Fwp%2Fv2%2Fpwb-brand&post=100036"},{"taxonomy":"product_cat","embeddable":true,"href":"https:\/\/www.autonvaraosahaku.fi\/index.php?rest_route=%2Fwp%2Fv2%2Fproduct_cat&post=100036"},{"taxonomy":"product_tag","embeddable":true,"href":"https:\/\/www.autonvaraosahaku.fi\/index.php?rest_route=%2Fwp%2Fv2%2Fproduct_tag&post=100036"}],"curies":[{"name":"wp","href":"https:\/\/api.w.org\/{rel}","templated":true}]}}