{"id":100038,"date":"2021-02-21T22:32:27","date_gmt":"2021-02-21T22:32:27","guid":{"rendered":"https:\/\/www.autonvaraosahaku.fi\/?product=blue-print-adg04202-jarrupalat"},"modified":"2021-02-21T22:32:30","modified_gmt":"2021-02-21T22:32:30","slug":"blue-print-adg04202-jarrupalat","status":"publish","type":"product","link":"https:\/\/www.autonvaraosahaku.fi\/?product=blue-print-adg04202-jarrupalat","title":{"rendered":"Blue Print ADG04202 Jarrupalat"},"content":{"rendered":"<p>Pituus (mm): 127,5; Leveys (mm): 49,0; Tarkistuskilpi: ECE R90 Approved; Asennuspuoli: Etuakseli; Paksuus 1 [mm]: 14,5; Paino [kg]: 1,25; Kulumisenilmaisimen liitos: akustisella kulumavaroittimella, akustisella kulumavaroittimella; M\u00e4\u00e4r\u00e4yksikk\u00f6: Akselisarja; TECDOC-moottorinumero: 4568; HYUNDAI: GETZ TB,ACCENT II LC,ACCENT III MC,ACCENT III Stufenheck MC,ACCENT I X-3,ACCENT II Stufenheck LC,ACCENT Stufenheck X-3,PONY X-2,LANTRA I J-1,PONY \/ EXCEL Stufenheck X-2; 45022SA6600, 45022SA6N50, 45022SA6N51, 45022SA6N52, 47510SB3013, 47510SB3023, 47510SB3043, 47510SB3053, 47510SB3063, P173A, 581011CA00, 581011CA10, 5810122A00, 5810122A10, 5810123A00, 5810124A00, 5810124B00, 5810124C00, 5810125A00, 5810125A10, 5810125A20, 5810125A20S1, 5810128A10, 5810129A40, 58115241S0; Jarrupalasarja,Jarrupala, Levyjarru<\/p>\n","protected":false},"excerpt":{"rendered":"<p>BLUE PRINT Jarrupalat ADG04202 Jarrupalasarja,Jarrupala, Levyjarru HYUNDAI,GETZ TB,ACCENT II LC,ACCENT III MC,ACCENT III Stufenheck MC,ACCENT I X-3<\/p>\n","protected":false},"featured_media":0,"template":"","meta":{"site-sidebar-layout":"default","site-content-layout":"default","ast-global-header-display":"","ast-main-header-display":"","ast-hfb-above-header-display":"","ast-hfb-below-header-display":"","ast-hfb-mobile-header-display":"","site-post-title":"","ast-breadcrumbs-content":"","ast-featured-img":"","footer-sml-layout":"","theme-transparent-header-meta":"","adv-header-id-meta":"","stick-header-meta":"","header-above-stick-meta":"","header-main-stick-meta":"","header-below-stick-meta":""},"pwb-brand":[533],"product_cat":[100],"product_tag":[],"class_list":{"0":"post-100038","1":"product","2":"type-product","3":"status-publish","5":"pwb-brand-blue-print","6":"product_cat-jarrupalat","7":"desktop-align-left","8":"tablet-align-left","9":"mobile-align-left","11":"first","12":"instock","13":"product-type-external"},"brands":[{"id":533,"name":"Blue Print","slug":"blue-print"}],"_links":{"self":[{"href":"https:\/\/www.autonvaraosahaku.fi\/index.php?rest_route=\/wp\/v2\/product\/100038","targetHints":{"allow":["GET"]}}],"collection":[{"href":"https:\/\/www.autonvaraosahaku.fi\/index.php?rest_route=\/wp\/v2\/product"}],"about":[{"href":"https:\/\/www.autonvaraosahaku.fi\/index.php?rest_route=\/wp\/v2\/types\/product"}],"wp:attachment":[{"href":"https:\/\/www.autonvaraosahaku.fi\/index.php?rest_route=%2Fwp%2Fv2%2Fmedia&parent=100038"}],"wp:term":[{"taxonomy":"pwb-brand","embeddable":true,"href":"https:\/\/www.autonvaraosahaku.fi\/index.php?rest_route=%2Fwp%2Fv2%2Fpwb-brand&post=100038"},{"taxonomy":"product_cat","embeddable":true,"href":"https:\/\/www.autonvaraosahaku.fi\/index.php?rest_route=%2Fwp%2Fv2%2Fproduct_cat&post=100038"},{"taxonomy":"product_tag","embeddable":true,"href":"https:\/\/www.autonvaraosahaku.fi\/index.php?rest_route=%2Fwp%2Fv2%2Fproduct_tag&post=100038"}],"curies":[{"name":"wp","href":"https:\/\/api.w.org\/{rel}","templated":true}]}}