{"id":100045,"date":"2021-02-21T22:32:27","date_gmt":"2021-02-21T22:32:27","guid":{"rendered":"https:\/\/www.autonvaraosahaku.fi\/?product=blue-print-adt342167-jarrupalat"},"modified":"2021-02-21T22:32:33","modified_gmt":"2021-02-21T22:32:33","slug":"blue-print-adt342167-jarrupalat","status":"publish","type":"product","link":"https:\/\/www.autonvaraosahaku.fi\/?product=blue-print-adt342167-jarrupalat","title":{"rendered":"Blue Print ADT342167 Jarrupalat"},"content":{"rendered":"<p>Pituus (mm): 98,6; Leveys (mm): 42,5; Tarkistuskilpi: ECE R90 Approved; Asennuspuoli: Taka-akseli; Paksuus 1 [mm]: 14,4; Paino [kg]: 0,75; Kulumisenilmaisimen liitos: akustisella kulumavaroittimella, akustisella kulumavaroittimella; M\u00e4\u00e4r\u00e4yksikk\u00f6: Akselisarja; VIN-koodi: JT; LEXUS: CT ZWA1_; SUZUKI: BALENO FW, EW; SUBARU: TREZIA; TOYOTA: YARIS SCP9_, NSP9_, KSP9_, NCP9_, ZSP9_,AURIS NRE15_, ZZE15_, ADE15_, ZRE15_, NDE15_,YARIS NHP13_, NSP13_, NCP13_, KSP13_, NLP13_,AURIS NZE18_, ZRE18_,AURIS TOURING SPORTS ADE18_, ZWE18_, ZRE18_,IQ KPJ1_, NGJ1_, KGJ1_, NUJ1_,PRIUS ZVW3_,VERSO S NLP12_, NCP12_, NSP12_,VIOS\/YARIS Stufenheck ZSP9_, NCP9_,URBAN CRUISER NSP1_, NLP1_, ZSP1_, NCP11_,YARIS NCP15_,VIOS\/YARIS Stufenheck NCP15_,COROLLA Stufenheck E15_,COROLLA Stufenheck NRE18_, ZRE17_, ZRE18_, NDE18_,MATRIX ZZE13_,MATRIX ZRE14_, AZE14_,COROLLA RUMION _AZE15_, _NZE15_, _ZRE15_; ASTON MARTIN: CYGNET; 0446612130, 0446652140, 0446612130, 0446647020, 0446647030, 0446676010, 0446676011, 0446676012, 0446612130, 0446612150, 55910M68P00, 0446602210, 0446602260, 0446602310, 0446612130, 0446612140, 0446612150, 0446621020, 0446647020, 0446647030, 0446652070, 0446652110, 0446652120, 0446652130, 0446652140, 0446652150, 0446652151, 0446652170, 0446676010; Jarrupalasarja,Jarrupala, Levyjarru<\/p>\n","protected":false},"excerpt":{"rendered":"<p>BLUE PRINT Jarrupalat ADT342167 Jarrupalasarja,Jarrupala, Levyjarru LEXUS,SUZUKI,SUBARU,CT ZWA1_,BALENO FW, EW,TREZIA<\/p>\n","protected":false},"featured_media":0,"template":"","meta":{"site-sidebar-layout":"default","site-content-layout":"default","ast-global-header-display":"","ast-main-header-display":"","ast-hfb-above-header-display":"","ast-hfb-below-header-display":"","ast-hfb-mobile-header-display":"","site-post-title":"","ast-breadcrumbs-content":"","ast-featured-img":"","footer-sml-layout":"","theme-transparent-header-meta":"","adv-header-id-meta":"","stick-header-meta":"","header-above-stick-meta":"","header-main-stick-meta":"","header-below-stick-meta":""},"pwb-brand":[533],"product_cat":[100],"product_tag":[],"class_list":{"0":"post-100045","1":"product","2":"type-product","3":"status-publish","5":"pwb-brand-blue-print","6":"product_cat-jarrupalat","7":"desktop-align-left","8":"tablet-align-left","9":"mobile-align-left","11":"first","12":"instock","13":"product-type-external"},"brands":[{"id":533,"name":"Blue Print","slug":"blue-print"}],"_links":{"self":[{"href":"https:\/\/www.autonvaraosahaku.fi\/index.php?rest_route=\/wp\/v2\/product\/100045","targetHints":{"allow":["GET"]}}],"collection":[{"href":"https:\/\/www.autonvaraosahaku.fi\/index.php?rest_route=\/wp\/v2\/product"}],"about":[{"href":"https:\/\/www.autonvaraosahaku.fi\/index.php?rest_route=\/wp\/v2\/types\/product"}],"wp:attachment":[{"href":"https:\/\/www.autonvaraosahaku.fi\/index.php?rest_route=%2Fwp%2Fv2%2Fmedia&parent=100045"}],"wp:term":[{"taxonomy":"pwb-brand","embeddable":true,"href":"https:\/\/www.autonvaraosahaku.fi\/index.php?rest_route=%2Fwp%2Fv2%2Fpwb-brand&post=100045"},{"taxonomy":"product_cat","embeddable":true,"href":"https:\/\/www.autonvaraosahaku.fi\/index.php?rest_route=%2Fwp%2Fv2%2Fproduct_cat&post=100045"},{"taxonomy":"product_tag","embeddable":true,"href":"https:\/\/www.autonvaraosahaku.fi\/index.php?rest_route=%2Fwp%2Fv2%2Fproduct_tag&post=100045"}],"curies":[{"name":"wp","href":"https:\/\/api.w.org\/{rel}","templated":true}]}}