{"id":100059,"date":"2021-02-21T22:32:35","date_gmt":"2021-02-21T22:32:35","guid":{"rendered":"https:\/\/www.autonvaraosahaku.fi\/?product=blue-print-adz94311-jarrulevyt"},"modified":"2021-02-21T22:32:39","modified_gmt":"2021-02-21T22:32:39","slug":"blue-print-adz94311-jarrulevyt","status":"publish","type":"product","link":"https:\/\/www.autonvaraosahaku.fi\/?product=blue-print-adz94311-jarrulevyt","title":{"rendered":"Blue Print ADZ94311 Jarrulevyt"},"content":{"rendered":"<p>Jarrulevyn paksuus (mm): 26; Kiinnitysreikien lukum\u00e4\u00e4r\u00e4: 6; Paksuus [mm]: 36,0; Ulkol\u00e4pimitta [mm]: 280,0; Reik\u00e4ympyr\u00e4-\u00d8 [mm]: 109; Pinta: pinnoitettu; Jarrulevytyyppi: Tuuletettu, sis\u00e4; Asennuspuoli: Etuakseli; V\u00e4himm\u00e4ispaksuus (mm): 24,6; Paino [kg]: 7,225; keskitt\u00e4misl\u00e4pimitta [mm]: 88, 88; Alustanumerosta: SV720103; OPEL: FRONTERA B 6B_,FRONTERA A Sport 5_SUD2,FRONTERA A 5_MWL4,MONTEREY A UBS_,MONTEREY B; VAUXHALL: FRONTERA Mk II B,FRONTERA Mk I A,MONTEREY,FRONTERA Mk I A Sport; ISUZU: TROOPER,TROOPER UB,TROOPER Soft Top; 8943754160, 8943754163, 8943754164, 8943755333, 8943755334, 8970340340, 8970340343, 8970340353, 8970460800, 97034034, 00569050, 0569050, 0569051, 097034034, 569050, 569051, 97034034, 094375416, 094375533, 097034034, 097034035, 94375416, 94375533, 97034034, 97034035; Jarrulevy<\/p>\n","protected":false},"excerpt":{"rendered":"<p>BLUE PRINT Jarrulevyt ADZ94311 Jarrulevy OPEL,VAUXHALL,ISUZU,FRONTERA B 6B_,FRONTERA A Sport 5_SUD2,FRONTERA A 5_MWL4,MONTEREY A UBS_,MONTEREY B<\/p>\n","protected":false},"featured_media":0,"template":"","meta":{"site-sidebar-layout":"default","site-content-layout":"default","ast-global-header-display":"","ast-main-header-display":"","ast-hfb-above-header-display":"","ast-hfb-below-header-display":"","ast-hfb-mobile-header-display":"","site-post-title":"","ast-breadcrumbs-content":"","ast-featured-img":"","footer-sml-layout":"","theme-transparent-header-meta":"","adv-header-id-meta":"","stick-header-meta":"","header-above-stick-meta":"","header-main-stick-meta":"","header-below-stick-meta":""},"pwb-brand":[533],"product_cat":[66],"product_tag":[],"class_list":{"0":"post-100059","1":"product","2":"type-product","3":"status-publish","5":"pwb-brand-blue-print","6":"product_cat-jarrulevyt","7":"desktop-align-left","8":"tablet-align-left","9":"mobile-align-left","11":"first","12":"instock","13":"product-type-external"},"brands":[{"id":533,"name":"Blue Print","slug":"blue-print"}],"_links":{"self":[{"href":"https:\/\/www.autonvaraosahaku.fi\/index.php?rest_route=\/wp\/v2\/product\/100059","targetHints":{"allow":["GET"]}}],"collection":[{"href":"https:\/\/www.autonvaraosahaku.fi\/index.php?rest_route=\/wp\/v2\/product"}],"about":[{"href":"https:\/\/www.autonvaraosahaku.fi\/index.php?rest_route=\/wp\/v2\/types\/product"}],"wp:attachment":[{"href":"https:\/\/www.autonvaraosahaku.fi\/index.php?rest_route=%2Fwp%2Fv2%2Fmedia&parent=100059"}],"wp:term":[{"taxonomy":"pwb-brand","embeddable":true,"href":"https:\/\/www.autonvaraosahaku.fi\/index.php?rest_route=%2Fwp%2Fv2%2Fpwb-brand&post=100059"},{"taxonomy":"product_cat","embeddable":true,"href":"https:\/\/www.autonvaraosahaku.fi\/index.php?rest_route=%2Fwp%2Fv2%2Fproduct_cat&post=100059"},{"taxonomy":"product_tag","embeddable":true,"href":"https:\/\/www.autonvaraosahaku.fi\/index.php?rest_route=%2Fwp%2Fv2%2Fproduct_tag&post=100059"}],"curies":[{"name":"wp","href":"https:\/\/api.w.org\/{rel}","templated":true}]}}