{"id":100064,"date":"2021-02-21T22:32:35","date_gmt":"2021-02-21T22:32:35","guid":{"rendered":"https:\/\/www.autonvaraosahaku.fi\/?product=blue-print-adk84305-jarrulevyt"},"modified":"2021-02-21T22:32:41","modified_gmt":"2021-02-21T22:32:41","slug":"blue-print-adk84305-jarrulevyt","status":"publish","type":"product","link":"https:\/\/www.autonvaraosahaku.fi\/?product=blue-print-adk84305-jarrulevyt","title":{"rendered":"Blue Print ADK84305 Jarrulevyt"},"content":{"rendered":"<p>Jarrulevyn paksuus (mm): 10; Kiinnitysreikien lukum\u00e4\u00e4r\u00e4: 5; Paksuus [mm]: 46,0; Ulkol\u00e4pimitta [mm]: 290,0; Reik\u00e4ympyr\u00e4-\u00d8 [mm]: 139,7; Pinta: pinnoitettu; Jarrulevytyyppi: Vakiomalli; Asennuspuoli: Etuakseli; V\u00e4himm\u00e4ispaksuus (mm): 8; Paino [kg]: 4,680; keskitt\u00e4misl\u00e4pimitta [mm]: 107, 107; Huomioi huolto-ohjeet: ; Valmistusvuoteen: 03\/1998; SUZUKI: JIMNY FJ,SAMURAI SJ,VITARA ET, TA,VITARA Cabrio ET, TA,LJ 80,X-90 EL,VITARA ET,VITARA Cabrio ET,JIMNY Gel\u00e4ndewagen offen SN,SAMURAI Gel\u00e4ndewagen offen SJ; SANTANA: 300\/350; 5521160A00, 5500081810000, 5500081811000, 5521160A00, 5521160A000, 5521160A00000, 5521160A01, 5521160A01000, 5550081811000; Jarrulevy<\/p>\n","protected":false},"excerpt":{"rendered":"<p>BLUE PRINT Jarrulevyt ADK84305 Jarrulevy SUZUKI,SANTANA,JIMNY FJ,SAMURAI SJ,VITARA ET, TA,VITARA Cabrio ET, TA,LJ 80,X-90 EL,VITARA ET<\/p>\n","protected":false},"featured_media":0,"template":"","meta":{"site-sidebar-layout":"default","site-content-layout":"default","ast-global-header-display":"","ast-main-header-display":"","ast-hfb-above-header-display":"","ast-hfb-below-header-display":"","ast-hfb-mobile-header-display":"","site-post-title":"","ast-breadcrumbs-content":"","ast-featured-img":"","footer-sml-layout":"","theme-transparent-header-meta":"","adv-header-id-meta":"","stick-header-meta":"","header-above-stick-meta":"","header-main-stick-meta":"","header-below-stick-meta":""},"pwb-brand":[533],"product_cat":[66],"product_tag":[],"class_list":{"0":"post-100064","1":"product","2":"type-product","3":"status-publish","5":"pwb-brand-blue-print","6":"product_cat-jarrulevyt","7":"desktop-align-left","8":"tablet-align-left","9":"mobile-align-left","11":"first","12":"instock","13":"product-type-external"},"brands":[{"id":533,"name":"Blue Print","slug":"blue-print"}],"_links":{"self":[{"href":"https:\/\/www.autonvaraosahaku.fi\/index.php?rest_route=\/wp\/v2\/product\/100064","targetHints":{"allow":["GET"]}}],"collection":[{"href":"https:\/\/www.autonvaraosahaku.fi\/index.php?rest_route=\/wp\/v2\/product"}],"about":[{"href":"https:\/\/www.autonvaraosahaku.fi\/index.php?rest_route=\/wp\/v2\/types\/product"}],"wp:attachment":[{"href":"https:\/\/www.autonvaraosahaku.fi\/index.php?rest_route=%2Fwp%2Fv2%2Fmedia&parent=100064"}],"wp:term":[{"taxonomy":"pwb-brand","embeddable":true,"href":"https:\/\/www.autonvaraosahaku.fi\/index.php?rest_route=%2Fwp%2Fv2%2Fpwb-brand&post=100064"},{"taxonomy":"product_cat","embeddable":true,"href":"https:\/\/www.autonvaraosahaku.fi\/index.php?rest_route=%2Fwp%2Fv2%2Fproduct_cat&post=100064"},{"taxonomy":"product_tag","embeddable":true,"href":"https:\/\/www.autonvaraosahaku.fi\/index.php?rest_route=%2Fwp%2Fv2%2Fproduct_tag&post=100064"}],"curies":[{"name":"wp","href":"https:\/\/api.w.org\/{rel}","templated":true}]}}