{"id":100065,"date":"2021-02-21T22:32:35","date_gmt":"2021-02-21T22:32:35","guid":{"rendered":"https:\/\/www.autonvaraosahaku.fi\/?product=blue-print-adg04231-jarrupalat"},"modified":"2021-02-21T22:32:41","modified_gmt":"2021-02-21T22:32:41","slug":"blue-print-adg04231-jarrupalat","status":"publish","type":"product","link":"https:\/\/www.autonvaraosahaku.fi\/?product=blue-print-adg04231-jarrupalat","title":{"rendered":"Blue Print ADG04231 Jarrupalat"},"content":{"rendered":"<p>Pituus (mm): 149; Leveys (mm): 58,0; Tarkistuskilpi: ECE R90 Approved; Asennuspuoli: Etuakseli; Paksuus 1 [mm]: 17; Paino [kg]: 1,89; Kulumisenilmaisimen liitos: akustisella kulumavaroittimella, akustisella kulumavaroittimella; M\u00e4\u00e4r\u00e4yksikk\u00f6: Akselisarja; Jarrusatulatyyppi: Bremssattel(2-Kolben); HYUNDAI: SANTA F\u00c9 I SM,TRAJET FO,H-1 Kasten,H-1 \/ STAREX,XG XG,H-1 Pritsche\/Fahrgestell; SSANGYONG: REXTON GAB_; 1Y040NS041, 410604L092, 410605L725, 410609E025, 41060ZG225, 55861370260, 5810126A00, 5810126A10, 5810126A30, 5810126A30S1, 5810139A30, 5810139A40, 581013AA10, 581013AA20, 581013AA30, 5810147A00, 581014AA26, 581014AA90, AY040NS048, AY040NS054, AY040NS081, AY040NS090, 410606M090, 4813008250, 4813008260; Jarrupalasarja,Jarrupala, Levyjarru<\/p>\n","protected":false},"excerpt":{"rendered":"<p>BLUE PRINT Jarrupalat ADG04231 Jarrupalasarja,Jarrupala, Levyjarru HYUNDAI,SSANGYONG,SANTA F\u00c9 I SM,TRAJET FO,H-1 Kasten,H-1 \/ STAREX,XG XG<\/p>\n","protected":false},"featured_media":0,"template":"","meta":{"site-sidebar-layout":"default","site-content-layout":"default","ast-global-header-display":"","ast-main-header-display":"","ast-hfb-above-header-display":"","ast-hfb-below-header-display":"","ast-hfb-mobile-header-display":"","site-post-title":"","ast-breadcrumbs-content":"","ast-featured-img":"","footer-sml-layout":"","theme-transparent-header-meta":"","adv-header-id-meta":"","stick-header-meta":"","header-above-stick-meta":"","header-main-stick-meta":"","header-below-stick-meta":""},"pwb-brand":[533],"product_cat":[100],"product_tag":[],"class_list":{"0":"post-100065","1":"product","2":"type-product","3":"status-publish","5":"pwb-brand-blue-print","6":"product_cat-jarrupalat","7":"desktop-align-left","8":"tablet-align-left","9":"mobile-align-left","11":"first","12":"instock","13":"product-type-external"},"brands":[{"id":533,"name":"Blue Print","slug":"blue-print"}],"_links":{"self":[{"href":"https:\/\/www.autonvaraosahaku.fi\/index.php?rest_route=\/wp\/v2\/product\/100065","targetHints":{"allow":["GET"]}}],"collection":[{"href":"https:\/\/www.autonvaraosahaku.fi\/index.php?rest_route=\/wp\/v2\/product"}],"about":[{"href":"https:\/\/www.autonvaraosahaku.fi\/index.php?rest_route=\/wp\/v2\/types\/product"}],"wp:attachment":[{"href":"https:\/\/www.autonvaraosahaku.fi\/index.php?rest_route=%2Fwp%2Fv2%2Fmedia&parent=100065"}],"wp:term":[{"taxonomy":"pwb-brand","embeddable":true,"href":"https:\/\/www.autonvaraosahaku.fi\/index.php?rest_route=%2Fwp%2Fv2%2Fpwb-brand&post=100065"},{"taxonomy":"product_cat","embeddable":true,"href":"https:\/\/www.autonvaraosahaku.fi\/index.php?rest_route=%2Fwp%2Fv2%2Fproduct_cat&post=100065"},{"taxonomy":"product_tag","embeddable":true,"href":"https:\/\/www.autonvaraosahaku.fi\/index.php?rest_route=%2Fwp%2Fv2%2Fproduct_tag&post=100065"}],"curies":[{"name":"wp","href":"https:\/\/api.w.org\/{rel}","templated":true}]}}