{"id":100075,"date":"2021-02-21T22:32:44","date_gmt":"2021-02-21T22:32:44","guid":{"rendered":"https:\/\/www.autonvaraosahaku.fi\/?product=blue-print-adc44335-jarrulevyt"},"modified":"2021-02-21T22:32:46","modified_gmt":"2021-02-21T22:32:46","slug":"blue-print-adc44335-jarrulevyt","status":"publish","type":"product","link":"https:\/\/www.autonvaraosahaku.fi\/?product=blue-print-adc44335-jarrulevyt","title":{"rendered":"Blue Print ADC44335 Jarrulevyt"},"content":{"rendered":"<p>Jarrulevyn paksuus (mm): 18; Kiinnitysreikien lukum\u00e4\u00e4r\u00e4: 6, 2; Paksuus [mm]: 84,0; Ulkol\u00e4pimitta [mm]: 315,0; Reik\u00e4ympyr\u00e4-\u00d8 [mm]: 139,7; Pinta: pinnoitettu; Jarrulevytyyppi: Vakiomalli; Asennuspuoli: Taka-akseli; V\u00e4himm\u00e4ispaksuus (mm): 16,4; Paino [kg]: 8,870; keskitt\u00e4misl\u00e4pimitta [mm]: 108, 108; Moottorinumero: 6G74; MITSUBISHI: PAJERO II V3_W, V2_W, V4_W,PAJERO SPORT K90,L 400 \/ SPACE GEAR Bus PD_W, PC_W, PA_V, PB_V,PAJERO II Canvas Top V2_W, V4_W,DELICA; MB618797; Jarrulevy<\/p>\n","protected":false},"excerpt":{"rendered":"<p>BLUE PRINT Jarrulevyt ADC44335 Jarrulevy MITSUBISHI,PAJERO II V3_W, V2_W, V4_W,PAJERO SPORT K90,L 400 \/ SPACE GEAR Bus PD_W, PC_W, PA_V, PB_V<\/p>\n","protected":false},"featured_media":0,"template":"","meta":{"site-sidebar-layout":"default","site-content-layout":"default","ast-global-header-display":"","ast-main-header-display":"","ast-hfb-above-header-display":"","ast-hfb-below-header-display":"","ast-hfb-mobile-header-display":"","site-post-title":"","ast-breadcrumbs-content":"","ast-featured-img":"","footer-sml-layout":"","theme-transparent-header-meta":"","adv-header-id-meta":"","stick-header-meta":"","header-above-stick-meta":"","header-main-stick-meta":"","header-below-stick-meta":""},"pwb-brand":[533],"product_cat":[66],"product_tag":[],"class_list":{"0":"post-100075","1":"product","2":"type-product","3":"status-publish","5":"pwb-brand-blue-print","6":"product_cat-jarrulevyt","7":"desktop-align-left","8":"tablet-align-left","9":"mobile-align-left","11":"first","12":"instock","13":"product-type-external"},"brands":[{"id":533,"name":"Blue Print","slug":"blue-print"}],"_links":{"self":[{"href":"https:\/\/www.autonvaraosahaku.fi\/index.php?rest_route=\/wp\/v2\/product\/100075","targetHints":{"allow":["GET"]}}],"collection":[{"href":"https:\/\/www.autonvaraosahaku.fi\/index.php?rest_route=\/wp\/v2\/product"}],"about":[{"href":"https:\/\/www.autonvaraosahaku.fi\/index.php?rest_route=\/wp\/v2\/types\/product"}],"wp:attachment":[{"href":"https:\/\/www.autonvaraosahaku.fi\/index.php?rest_route=%2Fwp%2Fv2%2Fmedia&parent=100075"}],"wp:term":[{"taxonomy":"pwb-brand","embeddable":true,"href":"https:\/\/www.autonvaraosahaku.fi\/index.php?rest_route=%2Fwp%2Fv2%2Fpwb-brand&post=100075"},{"taxonomy":"product_cat","embeddable":true,"href":"https:\/\/www.autonvaraosahaku.fi\/index.php?rest_route=%2Fwp%2Fv2%2Fproduct_cat&post=100075"},{"taxonomy":"product_tag","embeddable":true,"href":"https:\/\/www.autonvaraosahaku.fi\/index.php?rest_route=%2Fwp%2Fv2%2Fproduct_tag&post=100075"}],"curies":[{"name":"wp","href":"https:\/\/api.w.org\/{rel}","templated":true}]}}