{"id":100092,"date":"2021-02-21T22:32:52","date_gmt":"2021-02-21T22:32:52","guid":{"rendered":"https:\/\/www.autonvaraosahaku.fi\/?product=blue-print-adc47524-jakohihna"},"modified":"2021-02-21T22:32:53","modified_gmt":"2021-02-21T22:32:53","slug":"blue-print-adc47524-jakohihna","status":"publish","type":"product","link":"https:\/\/www.autonvaraosahaku.fi\/?product=blue-print-adc47524-jakohihna","title":{"rendered":"Blue Print ADC47524 Jakohihna"},"content":{"rendered":"<p>Leveys (mm): 25,0; Hammasluku: 163; Paino [kg]: 0,260; Hihna: Py\u00f6ristetyll\u00e4 hammasprofiililla, Py\u00f6ristetyll\u00e4 hammasprofiililla; Huomioi tekniset tiedot: ; RENAULT: ESPACE III JE0_,LAGUNA I B56_, 556_,LAGUNA I Grandtour K56_,SAFRANE II B54_; HYUNDAI: TERRACAN HP,GALLOPER II JK-01,H-1 Kasten,H-1 \/ STAREX,H100 Bus P,H100 Kasten,H-1 Pritsche\/Fahrgestell,PORTER Pritsche\/Fahrgestell,H100 Pick-up,H100 Pritsche\/Fahrgestell,PORTER Pick-up; KIA: PREGIO Kasten TB,PREGIO Bus,K2500 SD,BONGO Pritsche\/Fahrgestell; MITSUBISHI: PAJERO III V7_W, V6_W,L 200 K7_T, K6_T,L 200 KB_T, KA_T,PAJERO II V3_W, V2_W, V4_W,L 300 Bus P0_W, P1_W, P2_W,PAJERO SPORT K90,PAJERO CLASSIC V2_W,L 400 \/ SPACE GEAR Bus PD_W, PC_W, PA_V, PB_V,GALLOPER JK-01,L 300 Pritsche\/Fahrgestell L03_P,L 200 Pritsche\/Fahrgestell KA_T, KB_T,PAJERO SPORT VAN K90,PAJERO III Gel\u00e4ndewagen offen V6_W, V7_W,L 300 Kasten P0_W, P1_W,L 200 K3_T, K2_T, K1_T, K0_T,PAJERO II Canvas Top V2_W, V4_W,L 400 Kasten PD_W, PC_W, PB_V, PA_W, PA_V,L 200 Pritsche\/Fahrgestell K3_T, K0_T, K1_T, K2_T,L 300 Pritsche\/Fahrgestell P1_T,DELICA; 2431542011, 2431542101, 2431542200, 2431542200, MD300470, MD306981, XD300470, 7700863011, 7700875412; Jakop\u00e4\u00e4n Hihna,Hammashihna,Hammashihnat<\/p>\n","protected":false},"excerpt":{"rendered":"<p>BLUE PRINT Jakohihna ADC47524 Jakop\u00e4\u00e4n Hihna,Hammashihna RENAULT,HYUNDAI,KIA,ESPACE III JE0_,LAGUNA I B56_, 556_,LAGUNA I Grandtour K56_<\/p>\n","protected":false},"featured_media":0,"template":"","meta":{"site-sidebar-layout":"default","site-content-layout":"default","ast-global-header-display":"","ast-main-header-display":"","ast-hfb-above-header-display":"","ast-hfb-below-header-display":"","ast-hfb-mobile-header-display":"","site-post-title":"","ast-breadcrumbs-content":"","ast-featured-img":"","footer-sml-layout":"","theme-transparent-header-meta":"","adv-header-id-meta":"","stick-header-meta":"","header-above-stick-meta":"","header-main-stick-meta":"","header-below-stick-meta":""},"pwb-brand":[533],"product_cat":[266],"product_tag":[],"class_list":{"0":"post-100092","1":"product","2":"type-product","3":"status-publish","5":"pwb-brand-blue-print","6":"product_cat-jakohihna","7":"desktop-align-left","8":"tablet-align-left","9":"mobile-align-left","11":"first","12":"instock","13":"product-type-external"},"brands":[{"id":533,"name":"Blue Print","slug":"blue-print"}],"_links":{"self":[{"href":"https:\/\/www.autonvaraosahaku.fi\/index.php?rest_route=\/wp\/v2\/product\/100092","targetHints":{"allow":["GET"]}}],"collection":[{"href":"https:\/\/www.autonvaraosahaku.fi\/index.php?rest_route=\/wp\/v2\/product"}],"about":[{"href":"https:\/\/www.autonvaraosahaku.fi\/index.php?rest_route=\/wp\/v2\/types\/product"}],"wp:attachment":[{"href":"https:\/\/www.autonvaraosahaku.fi\/index.php?rest_route=%2Fwp%2Fv2%2Fmedia&parent=100092"}],"wp:term":[{"taxonomy":"pwb-brand","embeddable":true,"href":"https:\/\/www.autonvaraosahaku.fi\/index.php?rest_route=%2Fwp%2Fv2%2Fpwb-brand&post=100092"},{"taxonomy":"product_cat","embeddable":true,"href":"https:\/\/www.autonvaraosahaku.fi\/index.php?rest_route=%2Fwp%2Fv2%2Fproduct_cat&post=100092"},{"taxonomy":"product_tag","embeddable":true,"href":"https:\/\/www.autonvaraosahaku.fi\/index.php?rest_route=%2Fwp%2Fv2%2Fproduct_tag&post=100092"}],"curies":[{"name":"wp","href":"https:\/\/api.w.org\/{rel}","templated":true}]}}