{"id":100094,"date":"2021-02-21T22:32:52","date_gmt":"2021-02-21T22:32:52","guid":{"rendered":"https:\/\/www.autonvaraosahaku.fi\/?product=blue-print-adc41802-hehkutulppa"},"modified":"2021-02-21T22:32:54","modified_gmt":"2021-02-21T22:32:54","slug":"blue-print-adc41802-hehkutulppa","status":"publish","type":"product","link":"https:\/\/www.autonvaraosahaku.fi\/?product=blue-print-adc41802-hehkutulppa","title":{"rendered":"Blue Print ADC41802 Hehkutulppa"},"content":{"rendered":"<p>Asennussyvyys (mm): 22; Pituus (mm): 95; Ulkokierre [mm]: M10 x 1,25; Avainv\u00e4li: 12; J\u00e4nnite (V): 12; V\u00e4ri: Hopea; Paino [kg]: 0,020; Hehkutulppatyyppi: Metallihehkutulppa, Metallihehkutulppa; Huomioi tekniset tiedot: ; HYUNDAI: H100 Bus P,H100 Kasten; MITSUBISHI: PAJERO II V3_W, V2_W, V4_W,L 300 Bus P0_W, P1_W, P2_W,PAJERO I L04_G, L14_G,L 300 Pritsche\/Fahrgestell L03_P,L 300 Kasten L03_P,L 300 Kasten P0_W, P1_W,L 300 Bus LO3_P\/G, L0_2P,PAJERO I Canvas Top L04_G,L 200 K3_T, K2_T, K1_T, K0_T,PAJERO II Canvas Top V2_W, V4_W,LANCER III Station Wagon C1_V, C3_V,GALANT II A16_; 3671042000, 3671042002, 3671042010, 3671042020, 3671042021, 3671042060, 3671042061, 3671042200, 3671042500, 3671042510, 3671042550, MD197511, MD050212, MD070194, MD50212<\/p>\n","protected":false},"excerpt":{"rendered":"<p>BLUE PRINT Hehkutulppa ADC41802  HYUNDAI,MITSUBISHI,H100 Bus P,H100 Kasten,PAJERO II V3_W, V2_W, V4_W,L 300 Bus P0_W, P1_W, P2_W,PAJERO I L04_G, L14_G<\/p>\n","protected":false},"featured_media":0,"template":"","meta":{"site-sidebar-layout":"default","site-content-layout":"default","ast-global-header-display":"","ast-main-header-display":"","ast-hfb-above-header-display":"","ast-hfb-below-header-display":"","ast-hfb-mobile-header-display":"","site-post-title":"","ast-breadcrumbs-content":"","ast-featured-img":"","footer-sml-layout":"","theme-transparent-header-meta":"","adv-header-id-meta":"","stick-header-meta":"","header-above-stick-meta":"","header-main-stick-meta":"","header-below-stick-meta":""},"pwb-brand":[533],"product_cat":[52],"product_tag":[],"class_list":{"0":"post-100094","1":"product","2":"type-product","3":"status-publish","5":"pwb-brand-blue-print","6":"product_cat-hehkutulppa","7":"desktop-align-left","8":"tablet-align-left","9":"mobile-align-left","11":"first","12":"instock","13":"product-type-external"},"brands":[{"id":533,"name":"Blue Print","slug":"blue-print"}],"_links":{"self":[{"href":"https:\/\/www.autonvaraosahaku.fi\/index.php?rest_route=\/wp\/v2\/product\/100094","targetHints":{"allow":["GET"]}}],"collection":[{"href":"https:\/\/www.autonvaraosahaku.fi\/index.php?rest_route=\/wp\/v2\/product"}],"about":[{"href":"https:\/\/www.autonvaraosahaku.fi\/index.php?rest_route=\/wp\/v2\/types\/product"}],"wp:attachment":[{"href":"https:\/\/www.autonvaraosahaku.fi\/index.php?rest_route=%2Fwp%2Fv2%2Fmedia&parent=100094"}],"wp:term":[{"taxonomy":"pwb-brand","embeddable":true,"href":"https:\/\/www.autonvaraosahaku.fi\/index.php?rest_route=%2Fwp%2Fv2%2Fpwb-brand&post=100094"},{"taxonomy":"product_cat","embeddable":true,"href":"https:\/\/www.autonvaraosahaku.fi\/index.php?rest_route=%2Fwp%2Fv2%2Fproduct_cat&post=100094"},{"taxonomy":"product_tag","embeddable":true,"href":"https:\/\/www.autonvaraosahaku.fi\/index.php?rest_route=%2Fwp%2Fv2%2Fproduct_tag&post=100094"}],"curies":[{"name":"wp","href":"https:\/\/api.w.org\/{rel}","templated":true}]}}