{"id":100112,"date":"2021-02-21T22:33:01","date_gmt":"2021-02-21T22:33:01","guid":{"rendered":"https:\/\/www.autonvaraosahaku.fi\/?product=blue-print-adm52263-ilmansuodatin"},"modified":"2021-02-21T22:33:02","modified_gmt":"2021-02-21T22:33:02","slug":"blue-print-adm52263-ilmansuodatin","status":"publish","type":"product","link":"https:\/\/www.autonvaraosahaku.fi\/?product=blue-print-adm52263-ilmansuodatin","title":{"rendered":"Blue Print ADM52263 Ilmansuodatin"},"content":{"rendered":"<p>Suodatintyyppi: Suodatinpanos, Suodatinpanos; Pituus (mm): 222; Leveys (mm): 222,0; Korkeus (mm): 138; Sis\u00e4l\u00e4pimitta [mm]: 135,0; Ulkol\u00e4pimitta [mm]: 222,0; Paino [kg]: 0,762; Huomioi tekniset tiedot: ; FORD: RANGER TKE; MAZDA: BT-50 Pick-up B22, B32, UP; 1720719, 1921356, AB399601AB, U2Y013Z40, U2Y013Z40A<\/p>\n","protected":false},"excerpt":{"rendered":"<p>BLUE PRINT Ilmansuodatin ADM52263  FORD,MAZDA,RANGER TKE,BT-50 Pick-up B22, B32, UP<\/p>\n","protected":false},"featured_media":0,"template":"","meta":{"site-sidebar-layout":"default","site-content-layout":"default","ast-global-header-display":"","ast-main-header-display":"","ast-hfb-above-header-display":"","ast-hfb-below-header-display":"","ast-hfb-mobile-header-display":"","site-post-title":"","ast-breadcrumbs-content":"","ast-featured-img":"","footer-sml-layout":"","theme-transparent-header-meta":"","adv-header-id-meta":"","stick-header-meta":"","header-above-stick-meta":"","header-main-stick-meta":"","header-below-stick-meta":""},"pwb-brand":[533],"product_cat":[31],"product_tag":[],"class_list":{"0":"post-100112","1":"product","2":"type-product","3":"status-publish","5":"pwb-brand-blue-print","6":"product_cat-ilmansuodatin","7":"desktop-align-left","8":"tablet-align-left","9":"mobile-align-left","11":"first","12":"instock","13":"product-type-external"},"brands":[{"id":533,"name":"Blue Print","slug":"blue-print"}],"_links":{"self":[{"href":"https:\/\/www.autonvaraosahaku.fi\/index.php?rest_route=\/wp\/v2\/product\/100112","targetHints":{"allow":["GET"]}}],"collection":[{"href":"https:\/\/www.autonvaraosahaku.fi\/index.php?rest_route=\/wp\/v2\/product"}],"about":[{"href":"https:\/\/www.autonvaraosahaku.fi\/index.php?rest_route=\/wp\/v2\/types\/product"}],"wp:attachment":[{"href":"https:\/\/www.autonvaraosahaku.fi\/index.php?rest_route=%2Fwp%2Fv2%2Fmedia&parent=100112"}],"wp:term":[{"taxonomy":"pwb-brand","embeddable":true,"href":"https:\/\/www.autonvaraosahaku.fi\/index.php?rest_route=%2Fwp%2Fv2%2Fpwb-brand&post=100112"},{"taxonomy":"product_cat","embeddable":true,"href":"https:\/\/www.autonvaraosahaku.fi\/index.php?rest_route=%2Fwp%2Fv2%2Fproduct_cat&post=100112"},{"taxonomy":"product_tag","embeddable":true,"href":"https:\/\/www.autonvaraosahaku.fi\/index.php?rest_route=%2Fwp%2Fv2%2Fproduct_tag&post=100112"}],"curies":[{"name":"wp","href":"https:\/\/api.w.org\/{rel}","templated":true}]}}