{"id":100115,"date":"2021-02-21T22:33:01","date_gmt":"2021-02-21T22:33:01","guid":{"rendered":"https:\/\/www.autonvaraosahaku.fi\/?product=blue-print-ads78504-koiranluu"},"modified":"2021-02-21T22:33:03","modified_gmt":"2021-02-21T22:33:03","slug":"blue-print-ads78504-koiranluu","status":"publish","type":"product","link":"https:\/\/www.autonvaraosahaku.fi\/?product=blue-print-ads78504-koiranluu","title":{"rendered":"Blue Print ADS78504 Koiranluu"},"content":{"rendered":"<p>Pituus (mm): 87; Ulkokierre [mm]: M10 x 1,25; Avainv\u00e4li: 17; Materiaali: Ter\u00e4s; Tanko \/ tuki: Yhdystanko; Asennuspuoli: etuakseli molemminpuoleinen; Paino [kg]: 0,26, 0,26; M\u00e4\u00e4r\u00e4: 1; M\u00e4\u00e4r\u00e4yksikk\u00f6: Kappale; TECDOC-moottorinumero: 25048; SUBARU: FORESTER SG,FORESTER SH,IMPREZA Stufenheck GD,LEGACY IV Station Wagon BL, BP, B13_,IMPREZA Schr\u00e4gheck GR, GH, G3,OUTBACK BL, BP,IMPREZA Station Wagon GG,LEGACY IV BL, BP,OUTBACK BE, BH,OUTBACK BM, BR,LEGACY III BE, BH,IMPREZA Stufenheck GR,LEGACY OUTBACK BG,IMPREZA Schr\u00e4gheck GP,IMPREZA GR  Station Wagon US,IMPREZA Stufenheck GJ; 20470FE000, 20470SA000, 20470SA001; Kallistuksenvakaajan Yhdystanko,Tanko, Kallistuksenvaimennin<\/p>\n","protected":false},"excerpt":{"rendered":"<p>BLUE PRINT Koiranluu ADS78504 Kallistuksenvakaajan Yhdystanko,Tanko, Kallistuksenvaimennin SUBARU,FORESTER SG,FORESTER SH,IMPREZA Stufenheck GD<\/p>\n","protected":false},"featured_media":0,"template":"","meta":{"site-sidebar-layout":"default","site-content-layout":"default","ast-global-header-display":"","ast-main-header-display":"","ast-hfb-above-header-display":"","ast-hfb-below-header-display":"","ast-hfb-mobile-header-display":"","site-post-title":"","ast-breadcrumbs-content":"","ast-featured-img":"","footer-sml-layout":"","theme-transparent-header-meta":"","adv-header-id-meta":"","stick-header-meta":"","header-above-stick-meta":"","header-main-stick-meta":"","header-below-stick-meta":""},"pwb-brand":[533],"product_cat":[38],"product_tag":[],"class_list":{"0":"post-100115","1":"product","2":"type-product","3":"status-publish","5":"pwb-brand-blue-print","6":"product_cat-koiranluu","7":"desktop-align-left","8":"tablet-align-left","9":"mobile-align-left","11":"first","12":"instock","13":"product-type-external"},"brands":[{"id":533,"name":"Blue Print","slug":"blue-print"}],"_links":{"self":[{"href":"https:\/\/www.autonvaraosahaku.fi\/index.php?rest_route=\/wp\/v2\/product\/100115","targetHints":{"allow":["GET"]}}],"collection":[{"href":"https:\/\/www.autonvaraosahaku.fi\/index.php?rest_route=\/wp\/v2\/product"}],"about":[{"href":"https:\/\/www.autonvaraosahaku.fi\/index.php?rest_route=\/wp\/v2\/types\/product"}],"wp:attachment":[{"href":"https:\/\/www.autonvaraosahaku.fi\/index.php?rest_route=%2Fwp%2Fv2%2Fmedia&parent=100115"}],"wp:term":[{"taxonomy":"pwb-brand","embeddable":true,"href":"https:\/\/www.autonvaraosahaku.fi\/index.php?rest_route=%2Fwp%2Fv2%2Fpwb-brand&post=100115"},{"taxonomy":"product_cat","embeddable":true,"href":"https:\/\/www.autonvaraosahaku.fi\/index.php?rest_route=%2Fwp%2Fv2%2Fproduct_cat&post=100115"},{"taxonomy":"product_tag","embeddable":true,"href":"https:\/\/www.autonvaraosahaku.fi\/index.php?rest_route=%2Fwp%2Fv2%2Fproduct_tag&post=100115"}],"curies":[{"name":"wp","href":"https:\/\/api.w.org\/{rel}","templated":true}]}}