{"id":100138,"date":"2021-02-21T22:33:09","date_gmt":"2021-02-21T22:33:09","guid":{"rendered":"https:\/\/www.autonvaraosahaku.fi\/?product=blue-print-adn18117-vetonivelen-suojakumi"},"modified":"2021-02-21T22:33:13","modified_gmt":"2021-02-21T22:33:13","slug":"blue-print-adn18117-vetonivelen-suojakumi","status":"publish","type":"product","link":"https:\/\/www.autonvaraosahaku.fi\/?product=blue-print-adn18117-vetonivelen-suojakumi","title":{"rendered":"Blue Print ADN18117 Vetonivelen suojakumi"},"content":{"rendered":"<p>Pituus (mm): 88; Materiaali: Kumi; Asennuspuoli: Py\u00f6r\u00e4n puoli, Etuakseli; Paino [kg]: 0,280; Sis\u00e4l\u00e4pimitta 1 [mm]: 22; Sis\u00e4l\u00e4pimitta 2 [mm]: 88, 88; Moottorinumero: CA20E; NISSAN: PRIMERA P11,TERRANO II R20,PRIMERA Traveller WP11,PRIMERA Hatchback P11,PRIMERA P10,PRIMERA Hatchback P10,BLUEBIRD T72 , T12,TERRANO Van R20,BLUEBIRD Hatchback T72, T12; FORD: MAVERICK UDS, UNS; 392410F000, 392410F00A, 392412F225, 3924171J25, 39241Q9026<\/p>\n","protected":false},"excerpt":{"rendered":"<p>BLUE PRINT Paljekumisarja, Vetoakseli ADN18117  NISSAN,FORD,PRIMERA P11,TERRANO II R20,PRIMERA Traveller WP11,PRIMERA Hatchback P11,PRIMERA P10<\/p>\n","protected":false},"featured_media":0,"template":"","meta":{"site-sidebar-layout":"default","site-content-layout":"default","ast-global-header-display":"","ast-main-header-display":"","ast-hfb-above-header-display":"","ast-hfb-below-header-display":"","ast-hfb-mobile-header-display":"","site-post-title":"","ast-breadcrumbs-content":"","ast-featured-img":"","footer-sml-layout":"","theme-transparent-header-meta":"","adv-header-id-meta":"","stick-header-meta":"","header-above-stick-meta":"","header-main-stick-meta":"","header-below-stick-meta":""},"pwb-brand":[533],"product_cat":[42],"product_tag":[],"class_list":{"0":"post-100138","1":"product","2":"type-product","3":"status-publish","5":"pwb-brand-blue-print","6":"product_cat-vetonivelen-suojakumi","7":"desktop-align-left","8":"tablet-align-left","9":"mobile-align-left","11":"first","12":"instock","13":"product-type-external"},"brands":[{"id":533,"name":"Blue Print","slug":"blue-print"}],"_links":{"self":[{"href":"https:\/\/www.autonvaraosahaku.fi\/index.php?rest_route=\/wp\/v2\/product\/100138","targetHints":{"allow":["GET"]}}],"collection":[{"href":"https:\/\/www.autonvaraosahaku.fi\/index.php?rest_route=\/wp\/v2\/product"}],"about":[{"href":"https:\/\/www.autonvaraosahaku.fi\/index.php?rest_route=\/wp\/v2\/types\/product"}],"wp:attachment":[{"href":"https:\/\/www.autonvaraosahaku.fi\/index.php?rest_route=%2Fwp%2Fv2%2Fmedia&parent=100138"}],"wp:term":[{"taxonomy":"pwb-brand","embeddable":true,"href":"https:\/\/www.autonvaraosahaku.fi\/index.php?rest_route=%2Fwp%2Fv2%2Fpwb-brand&post=100138"},{"taxonomy":"product_cat","embeddable":true,"href":"https:\/\/www.autonvaraosahaku.fi\/index.php?rest_route=%2Fwp%2Fv2%2Fproduct_cat&post=100138"},{"taxonomy":"product_tag","embeddable":true,"href":"https:\/\/www.autonvaraosahaku.fi\/index.php?rest_route=%2Fwp%2Fv2%2Fproduct_tag&post=100138"}],"curies":[{"name":"wp","href":"https:\/\/api.w.org\/{rel}","templated":true}]}}