{"id":100153,"date":"2021-02-21T22:33:18","date_gmt":"2021-02-21T22:33:18","guid":{"rendered":"https:\/\/www.autonvaraosahaku.fi\/?product=blue-print-adu174203-jarrupalat"},"modified":"2021-02-21T22:33:20","modified_gmt":"2021-02-21T22:33:20","slug":"blue-print-adu174203-jarrupalat","status":"publish","type":"product","link":"https:\/\/www.autonvaraosahaku.fi\/?product=blue-print-adu174203-jarrupalat","title":{"rendered":"Blue Print ADU174203 Jarrupalat"},"content":{"rendered":"<p>Pituus (mm): 141,5, 140,5; Leveys (mm): 59,6, 57,4; Tarkistuskilpi: ECE R90 Approved; Asennuspuoli: Taka-akseli; Paksuus 1 [mm]: 16,5; Paino [kg]: 1,281; Kulumisenilmaisimen liitos: Kulumisenilmaisemelle; Huomioi huolto-ohjeet: ; M\u00e4\u00e4r\u00e4yksikk\u00f6: Akselisarja; Alustanumerosta: A 265054; MERCEDES-BENZ: E-CLASS W211,E-CLASS T-Model S211,E-CLASS W212,E-CLASS T-Model S212,S-CLASS W220,S-CLASS W221,CLS C219,SL R230,E-CLASS Coupe C207,E-CLASS Cabriolet A207,CLS C218,S-CLASS Coupe C215,S-CLASS Coupe C216; 0004230230, 0034205120, 0044204420, 0054206720, 0054207920, 0054209320, 0054209420, 0064200120, 0074201020, 0074206720, A0004230230, A0034205120, A0044204420, A0054206720, A0054207920, A0054209320, A0054209420, A0064200120, A0074201020, A0074206720; Jarrupalasarja,Jarrupala, Levyjarru<\/p>\n","protected":false},"excerpt":{"rendered":"<p>BLUE PRINT Jarrupalat ADU174203 Jarrupalasarja,Jarrupala, Levyjarru MERCEDES-BENZ,E-CLASS W211,E-CLASS T-Model S211,E-CLASS W212,E-CLASS T-Model S212<\/p>\n","protected":false},"featured_media":0,"template":"","meta":{"site-sidebar-layout":"default","site-content-layout":"default","ast-global-header-display":"","ast-main-header-display":"","ast-hfb-above-header-display":"","ast-hfb-below-header-display":"","ast-hfb-mobile-header-display":"","site-post-title":"","ast-breadcrumbs-content":"","ast-featured-img":"","footer-sml-layout":"","theme-transparent-header-meta":"","adv-header-id-meta":"","stick-header-meta":"","header-above-stick-meta":"","header-main-stick-meta":"","header-below-stick-meta":""},"pwb-brand":[533],"product_cat":[100],"product_tag":[],"class_list":{"0":"post-100153","1":"product","2":"type-product","3":"status-publish","5":"pwb-brand-blue-print","6":"product_cat-jarrupalat","7":"desktop-align-left","8":"tablet-align-left","9":"mobile-align-left","11":"first","12":"instock","13":"product-type-external"},"brands":[{"id":533,"name":"Blue Print","slug":"blue-print"}],"_links":{"self":[{"href":"https:\/\/www.autonvaraosahaku.fi\/index.php?rest_route=\/wp\/v2\/product\/100153","targetHints":{"allow":["GET"]}}],"collection":[{"href":"https:\/\/www.autonvaraosahaku.fi\/index.php?rest_route=\/wp\/v2\/product"}],"about":[{"href":"https:\/\/www.autonvaraosahaku.fi\/index.php?rest_route=\/wp\/v2\/types\/product"}],"wp:attachment":[{"href":"https:\/\/www.autonvaraosahaku.fi\/index.php?rest_route=%2Fwp%2Fv2%2Fmedia&parent=100153"}],"wp:term":[{"taxonomy":"pwb-brand","embeddable":true,"href":"https:\/\/www.autonvaraosahaku.fi\/index.php?rest_route=%2Fwp%2Fv2%2Fpwb-brand&post=100153"},{"taxonomy":"product_cat","embeddable":true,"href":"https:\/\/www.autonvaraosahaku.fi\/index.php?rest_route=%2Fwp%2Fv2%2Fproduct_cat&post=100153"},{"taxonomy":"product_tag","embeddable":true,"href":"https:\/\/www.autonvaraosahaku.fi\/index.php?rest_route=%2Fwp%2Fv2%2Fproduct_tag&post=100153"}],"curies":[{"name":"wp","href":"https:\/\/api.w.org\/{rel}","templated":true}]}}