{"id":100174,"date":"2021-02-21T22:33:27","date_gmt":"2021-02-21T22:33:27","guid":{"rendered":"https:\/\/www.autonvaraosahaku.fi\/?product=blue-print-adt343137-jarrulevyt"},"modified":"2021-02-21T22:33:29","modified_gmt":"2021-02-21T22:33:29","slug":"blue-print-adt343137-jarrulevyt","status":"publish","type":"product","link":"https:\/\/www.autonvaraosahaku.fi\/?product=blue-print-adt343137-jarrulevyt","title":{"rendered":"Blue Print ADT343137 Jarrulevyt"},"content":{"rendered":"<p>Jarrulevyn paksuus (mm): 20; Kiinnitysreikien lukum\u00e4\u00e4r\u00e4: 4; Paksuus [mm]: 43,0; Ulkol\u00e4pimitta [mm]: 255,0; Reik\u00e4ympyr\u00e4-\u00d8 [mm]: 100; Pinta: pinnoitettu; Jarrulevytyyppi: Tuuletettu, sis\u00e4; Asennuspuoli: Etuakseli; V\u00e4himm\u00e4ispaksuus (mm): 18; Paino [kg]: 4,490; keskitt\u00e4misl\u00e4pimitta [mm]: 55,1, 55,1; Huomioi huolto-ohjeet: ; Jarrut: f\u00fcr Fahrzeuge mit Scheibenbremse an der Hinterachse; TOYOTA: YARIS SCP1_, NLP1_, NCP1_,YARIS VERSO _NLP2_, _NCP2_,MR 2 III ZZW3_,bB I NCP3_; 435120D030, 435120D050, 4351217120, 4351217130, 4351217131, 4351252030, 4351252040, 4351252090; Jarrulevy<\/p>\n","protected":false},"excerpt":{"rendered":"<p>BLUE PRINT Jarrulevyt ADT343137 Jarrulevy TOYOTA,YARIS SCP1_, NLP1_, NCP1_,YARIS VERSO _NLP2_, _NCP2_,MR 2 III ZZW3_,bB I NCP3_<\/p>\n","protected":false},"featured_media":0,"template":"","meta":{"site-sidebar-layout":"default","site-content-layout":"default","ast-global-header-display":"","ast-main-header-display":"","ast-hfb-above-header-display":"","ast-hfb-below-header-display":"","ast-hfb-mobile-header-display":"","site-post-title":"","ast-breadcrumbs-content":"","ast-featured-img":"","footer-sml-layout":"","theme-transparent-header-meta":"","adv-header-id-meta":"","stick-header-meta":"","header-above-stick-meta":"","header-main-stick-meta":"","header-below-stick-meta":""},"pwb-brand":[533],"product_cat":[66],"product_tag":[],"class_list":{"0":"post-100174","1":"product","2":"type-product","3":"status-publish","5":"pwb-brand-blue-print","6":"product_cat-jarrulevyt","7":"desktop-align-left","8":"tablet-align-left","9":"mobile-align-left","11":"first","12":"instock","13":"product-type-external"},"brands":[{"id":533,"name":"Blue Print","slug":"blue-print"}],"_links":{"self":[{"href":"https:\/\/www.autonvaraosahaku.fi\/index.php?rest_route=\/wp\/v2\/product\/100174","targetHints":{"allow":["GET"]}}],"collection":[{"href":"https:\/\/www.autonvaraosahaku.fi\/index.php?rest_route=\/wp\/v2\/product"}],"about":[{"href":"https:\/\/www.autonvaraosahaku.fi\/index.php?rest_route=\/wp\/v2\/types\/product"}],"wp:attachment":[{"href":"https:\/\/www.autonvaraosahaku.fi\/index.php?rest_route=%2Fwp%2Fv2%2Fmedia&parent=100174"}],"wp:term":[{"taxonomy":"pwb-brand","embeddable":true,"href":"https:\/\/www.autonvaraosahaku.fi\/index.php?rest_route=%2Fwp%2Fv2%2Fpwb-brand&post=100174"},{"taxonomy":"product_cat","embeddable":true,"href":"https:\/\/www.autonvaraosahaku.fi\/index.php?rest_route=%2Fwp%2Fv2%2Fproduct_cat&post=100174"},{"taxonomy":"product_tag","embeddable":true,"href":"https:\/\/www.autonvaraosahaku.fi\/index.php?rest_route=%2Fwp%2Fv2%2Fproduct_tag&post=100174"}],"curies":[{"name":"wp","href":"https:\/\/api.w.org\/{rel}","templated":true}]}}