{"id":100178,"date":"2021-02-21T22:33:27","date_gmt":"2021-02-21T22:33:27","guid":{"rendered":"https:\/\/www.autonvaraosahaku.fi\/?product=blue-print-adn18955-vetonivel"},"modified":"2021-02-21T22:33:30","modified_gmt":"2021-02-21T22:33:30","slug":"blue-print-adn18955-vetonivel","status":"publish","type":"product","link":"https:\/\/www.autonvaraosahaku.fi\/?product=blue-print-adn18955-vetonivel","title":{"rendered":"Blue Print ADN18955 Vetonivel"},"content":{"rendered":"<p>Pituus (mm): 218,5; Ulkol\u00e4pimitta [mm]: 92,5; Asennuspuoli: Py\u00f6r\u00e4n puoli, Etuakseli; Ulkohammastus, py\u00f6r\u00e4npuoli: 27; Sis\u00e4hammastus, py\u00f6r\u00e4npuoli: 32; Tiivisteen l\u00e4pimitta [mm]: 50; Paino [kg]: 3,05, 3,05; NISSAN: TERRANO II R20,TERRANO Van R20; FORD: MAVERICK UDS, UNS; 392110F000, 392117F000; Nivelsarja, Vetoakseli<\/p>\n","protected":false},"excerpt":{"rendered":"<p>BLUE PRINT Vetonivel ADN18955 Nivelsarja, Vetoakseli NISSAN,FORD,TERRANO II R20,TERRANO Van R20,MAVERICK UDS, UNS<\/p>\n","protected":false},"featured_media":0,"template":"","meta":{"site-sidebar-layout":"default","site-content-layout":"default","ast-global-header-display":"","ast-main-header-display":"","ast-hfb-above-header-display":"","ast-hfb-below-header-display":"","ast-hfb-mobile-header-display":"","site-post-title":"","ast-breadcrumbs-content":"","ast-featured-img":"","footer-sml-layout":"","theme-transparent-header-meta":"","adv-header-id-meta":"","stick-header-meta":"","header-above-stick-meta":"","header-main-stick-meta":"","header-below-stick-meta":""},"pwb-brand":[533],"product_cat":[175],"product_tag":[],"class_list":{"0":"post-100178","1":"product","2":"type-product","3":"status-publish","5":"pwb-brand-blue-print","6":"product_cat-vetonivel","7":"desktop-align-left","8":"tablet-align-left","9":"mobile-align-left","11":"first","12":"instock","13":"product-type-external"},"brands":[{"id":533,"name":"Blue Print","slug":"blue-print"}],"_links":{"self":[{"href":"https:\/\/www.autonvaraosahaku.fi\/index.php?rest_route=\/wp\/v2\/product\/100178","targetHints":{"allow":["GET"]}}],"collection":[{"href":"https:\/\/www.autonvaraosahaku.fi\/index.php?rest_route=\/wp\/v2\/product"}],"about":[{"href":"https:\/\/www.autonvaraosahaku.fi\/index.php?rest_route=\/wp\/v2\/types\/product"}],"wp:attachment":[{"href":"https:\/\/www.autonvaraosahaku.fi\/index.php?rest_route=%2Fwp%2Fv2%2Fmedia&parent=100178"}],"wp:term":[{"taxonomy":"pwb-brand","embeddable":true,"href":"https:\/\/www.autonvaraosahaku.fi\/index.php?rest_route=%2Fwp%2Fv2%2Fpwb-brand&post=100178"},{"taxonomy":"product_cat","embeddable":true,"href":"https:\/\/www.autonvaraosahaku.fi\/index.php?rest_route=%2Fwp%2Fv2%2Fproduct_cat&post=100178"},{"taxonomy":"product_tag","embeddable":true,"href":"https:\/\/www.autonvaraosahaku.fi\/index.php?rest_route=%2Fwp%2Fv2%2Fproduct_tag&post=100178"}],"curies":[{"name":"wp","href":"https:\/\/api.w.org\/{rel}","templated":true}]}}