{"id":100198,"date":"2021-02-21T22:33:36","date_gmt":"2021-02-21T22:33:36","guid":{"rendered":"https:\/\/www.autonvaraosahaku.fi\/?product=blue-print-ada104331-jarrulevyt"},"modified":"2021-02-21T22:33:39","modified_gmt":"2021-02-21T22:33:39","slug":"blue-print-ada104331-jarrulevyt","status":"publish","type":"product","link":"https:\/\/www.autonvaraosahaku.fi\/?product=blue-print-ada104331-jarrulevyt","title":{"rendered":"Blue Print ADA104331 Jarrulevyt"},"content":{"rendered":"<p>Jarrulevyn paksuus (mm): 24; Kiinnitysreikien lukum\u00e4\u00e4r\u00e4: 5; Paksuus [mm]: 82,0; Ulkol\u00e4pimitta [mm]: 280,0; Reik\u00e4ympyr\u00e4-\u00d8 [mm]: 114,3; Pinta: pinnoitettu; Jarrulevytyyppi: Tuuletettu, sis\u00e4; Asennuspuoli: Etuakseli; V\u00e4himm\u00e4ispaksuus (mm): 22,7; Paino [kg]: 6,820; keskitt\u00e4misl\u00e4pimitta [mm]: 72, 72; Moottorinumero: EPE; JEEP: GRAND CHEROKEE I ZJ,CHEROKEE XJ,WRANGLER II TJ; 0052005000, 0052007710, 0052008264, 0052008440, 0052208440, 05015965AA, 0K52008440, 5015965AA, 52005000, 52007710, 52008264, 52008440, 52208440, K52008440, 05015965AA, 5015965AA, 52005000, 52008440, 52008440AB, K52008440, V5015965AA, V5015965AB; Jarrulevy<\/p>\n","protected":false},"excerpt":{"rendered":"<p>BLUE PRINT Jarrulevyt ADA104331 Jarrulevy JEEP,GRAND CHEROKEE I ZJ,CHEROKEE XJ,WRANGLER II TJ<\/p>\n","protected":false},"featured_media":0,"template":"","meta":{"site-sidebar-layout":"default","site-content-layout":"default","ast-global-header-display":"","ast-main-header-display":"","ast-hfb-above-header-display":"","ast-hfb-below-header-display":"","ast-hfb-mobile-header-display":"","site-post-title":"","ast-breadcrumbs-content":"","ast-featured-img":"","footer-sml-layout":"","theme-transparent-header-meta":"","adv-header-id-meta":"","stick-header-meta":"","header-above-stick-meta":"","header-main-stick-meta":"","header-below-stick-meta":""},"pwb-brand":[533],"product_cat":[66],"product_tag":[],"class_list":{"0":"post-100198","1":"product","2":"type-product","3":"status-publish","5":"pwb-brand-blue-print","6":"product_cat-jarrulevyt","7":"desktop-align-left","8":"tablet-align-left","9":"mobile-align-left","11":"first","12":"instock","13":"product-type-external"},"brands":[{"id":533,"name":"Blue Print","slug":"blue-print"}],"_links":{"self":[{"href":"https:\/\/www.autonvaraosahaku.fi\/index.php?rest_route=\/wp\/v2\/product\/100198","targetHints":{"allow":["GET"]}}],"collection":[{"href":"https:\/\/www.autonvaraosahaku.fi\/index.php?rest_route=\/wp\/v2\/product"}],"about":[{"href":"https:\/\/www.autonvaraosahaku.fi\/index.php?rest_route=\/wp\/v2\/types\/product"}],"wp:attachment":[{"href":"https:\/\/www.autonvaraosahaku.fi\/index.php?rest_route=%2Fwp%2Fv2%2Fmedia&parent=100198"}],"wp:term":[{"taxonomy":"pwb-brand","embeddable":true,"href":"https:\/\/www.autonvaraosahaku.fi\/index.php?rest_route=%2Fwp%2Fv2%2Fpwb-brand&post=100198"},{"taxonomy":"product_cat","embeddable":true,"href":"https:\/\/www.autonvaraosahaku.fi\/index.php?rest_route=%2Fwp%2Fv2%2Fproduct_cat&post=100198"},{"taxonomy":"product_tag","embeddable":true,"href":"https:\/\/www.autonvaraosahaku.fi\/index.php?rest_route=%2Fwp%2Fv2%2Fproduct_tag&post=100198"}],"curies":[{"name":"wp","href":"https:\/\/api.w.org\/{rel}","templated":true}]}}