{"id":100211,"date":"2021-02-21T22:33:44","date_gmt":"2021-02-21T22:33:44","guid":{"rendered":"https:\/\/www.autonvaraosahaku.fi\/?product=blue-print-adj132107-oljynsuodatin"},"modified":"2021-02-21T22:33:45","modified_gmt":"2021-02-21T22:33:45","slug":"blue-print-adj132107-oljynsuodatin","status":"publish","type":"product","link":"https:\/\/www.autonvaraosahaku.fi\/?product=blue-print-adj132107-oljynsuodatin","title":{"rendered":"Blue Print ADJ132107 \u00d6ljynsuodatin"},"content":{"rendered":"<p>Suodatintyyppi: Suodatinpanos, Suodatinpanos; Sis\u00e4l\u00e4pimitta [mm]: 38,0; Korkeus (mm): 95; Ulkol\u00e4pimitta [mm]: 79,0; Tiivisteen l\u00e4pimitta [mm]: 87; Paino [kg]: 0,060, 0,060; Alustanumeroon: CA999999; LAND ROVER: RANGE ROVER SPORT LS,DISCOVERY IV LA,RANGE ROVER SPORT LW,RANGE ROVER IV LG,RANGE ROVER VELAR L560,DISCOVERY V LR_; JAGUAR: XF _J05_, CC9,XF SPORTBRAKE CC9,XJ X35_, _J12_, _J24_,XF X260,F-PACE X761_,XF SPORTBRAKE X260; CITRO\u00cbN: C5 III Break TD_,C5 III RD_,C6 TD_; PEUGEOT: 407 Coupe 6C_; 1109AV, C2D59623, JDE8751, LR013148, LR124517, 1109AV<\/p>\n","protected":false},"excerpt":{"rendered":"<p>BLUE PRINT \u00d6ljynsuodatin ADJ132107  LAND ROVER,JAGUAR,CITRO\u00cbN,RANGE ROVER SPORT LS,DISCOVERY IV LA,RANGE ROVER SPORT LW,RANGE ROVER IV LG<\/p>\n","protected":false},"featured_media":0,"template":"","meta":{"site-sidebar-layout":"default","site-content-layout":"default","ast-global-header-display":"","ast-main-header-display":"","ast-hfb-above-header-display":"","ast-hfb-below-header-display":"","ast-hfb-mobile-header-display":"","site-post-title":"","ast-breadcrumbs-content":"","ast-featured-img":"","footer-sml-layout":"","theme-transparent-header-meta":"","adv-header-id-meta":"","stick-header-meta":"","header-above-stick-meta":"","header-main-stick-meta":"","header-below-stick-meta":""},"pwb-brand":[533],"product_cat":[30],"product_tag":[],"class_list":{"0":"post-100211","1":"product","2":"type-product","3":"status-publish","5":"pwb-brand-blue-print","6":"product_cat-oljynsuodatin","7":"desktop-align-left","8":"tablet-align-left","9":"mobile-align-left","11":"first","12":"instock","13":"product-type-external"},"brands":[{"id":533,"name":"Blue Print","slug":"blue-print"}],"_links":{"self":[{"href":"https:\/\/www.autonvaraosahaku.fi\/index.php?rest_route=\/wp\/v2\/product\/100211","targetHints":{"allow":["GET"]}}],"collection":[{"href":"https:\/\/www.autonvaraosahaku.fi\/index.php?rest_route=\/wp\/v2\/product"}],"about":[{"href":"https:\/\/www.autonvaraosahaku.fi\/index.php?rest_route=\/wp\/v2\/types\/product"}],"wp:attachment":[{"href":"https:\/\/www.autonvaraosahaku.fi\/index.php?rest_route=%2Fwp%2Fv2%2Fmedia&parent=100211"}],"wp:term":[{"taxonomy":"pwb-brand","embeddable":true,"href":"https:\/\/www.autonvaraosahaku.fi\/index.php?rest_route=%2Fwp%2Fv2%2Fpwb-brand&post=100211"},{"taxonomy":"product_cat","embeddable":true,"href":"https:\/\/www.autonvaraosahaku.fi\/index.php?rest_route=%2Fwp%2Fv2%2Fproduct_cat&post=100211"},{"taxonomy":"product_tag","embeddable":true,"href":"https:\/\/www.autonvaraosahaku.fi\/index.php?rest_route=%2Fwp%2Fv2%2Fproduct_tag&post=100211"}],"curies":[{"name":"wp","href":"https:\/\/api.w.org\/{rel}","templated":true}]}}