{"id":100248,"date":"2021-02-21T22:33:53","date_gmt":"2021-02-21T22:33:53","guid":{"rendered":"https:\/\/www.autonvaraosahaku.fi\/?product=blue-print-adz94327-jarrulevyt"},"modified":"2021-02-21T22:34:01","modified_gmt":"2021-02-21T22:34:01","slug":"blue-print-adz94327-jarrulevyt","status":"publish","type":"product","link":"https:\/\/www.autonvaraosahaku.fi\/?product=blue-print-adz94327-jarrulevyt","title":{"rendered":"Blue Print ADZ94327 Jarrulevyt"},"content":{"rendered":"<p>Jarrulevyn paksuus (mm): 17; Kiinnitysreikien lukum\u00e4\u00e4r\u00e4: 4; Paksuus [mm]: 49,0; Ulkol\u00e4pimitta [mm]: 253,0; Reik\u00e4ympyr\u00e4-\u00d8 [mm]: 100; Pinta: pinnoitettu; Jarrulevytyyppi: Tuuletettu, sis\u00e4; Asennuspuoli: Etuakseli; V\u00e4himm\u00e4ispaksuus (mm): 15; Paino [kg]: 4,15; keskitt\u00e4misl\u00e4pimitta [mm]: 60, 60; Huomioi huolto-ohjeet: ; Alustanumerosta: 3G002368; SUZUKI: WAGON R+ MM,IGNIS FH,IGNIS II,WAGON R,WAGON R CT, CV; OPEL: AGILA A H00; SUBARU: JUSTY III G3X; VAUXHALL: AGILA Mk I A; 04706749, 04707288, 4706749, 4707288, 5531186G02, 5531184E00, 5531184E00000, 5531184E01, 5531184E01000, 5531186G02, 5531186G02000, 093176389, 093179462, 93176389, 93179462; Jarrulevy<\/p>\n","protected":false},"excerpt":{"rendered":"<p>BLUE PRINT Jarrulevyt ADZ94327 Jarrulevy SUZUKI,OPEL,SUBARU,WAGON R+ MM,IGNIS FH,IGNIS II,WAGON R,WAGON R CT, CV,AGILA A H00,JUSTY III G3X<\/p>\n","protected":false},"featured_media":0,"template":"","meta":{"site-sidebar-layout":"default","site-content-layout":"default","ast-global-header-display":"","ast-main-header-display":"","ast-hfb-above-header-display":"","ast-hfb-below-header-display":"","ast-hfb-mobile-header-display":"","site-post-title":"","ast-breadcrumbs-content":"","ast-featured-img":"","footer-sml-layout":"","theme-transparent-header-meta":"","adv-header-id-meta":"","stick-header-meta":"","header-above-stick-meta":"","header-main-stick-meta":"","header-below-stick-meta":""},"pwb-brand":[533],"product_cat":[66],"product_tag":[],"class_list":{"0":"post-100248","1":"product","2":"type-product","3":"status-publish","5":"pwb-brand-blue-print","6":"product_cat-jarrulevyt","7":"desktop-align-left","8":"tablet-align-left","9":"mobile-align-left","11":"first","12":"instock","13":"product-type-external"},"brands":[{"id":533,"name":"Blue Print","slug":"blue-print"}],"_links":{"self":[{"href":"https:\/\/www.autonvaraosahaku.fi\/index.php?rest_route=\/wp\/v2\/product\/100248","targetHints":{"allow":["GET"]}}],"collection":[{"href":"https:\/\/www.autonvaraosahaku.fi\/index.php?rest_route=\/wp\/v2\/product"}],"about":[{"href":"https:\/\/www.autonvaraosahaku.fi\/index.php?rest_route=\/wp\/v2\/types\/product"}],"wp:attachment":[{"href":"https:\/\/www.autonvaraosahaku.fi\/index.php?rest_route=%2Fwp%2Fv2%2Fmedia&parent=100248"}],"wp:term":[{"taxonomy":"pwb-brand","embeddable":true,"href":"https:\/\/www.autonvaraosahaku.fi\/index.php?rest_route=%2Fwp%2Fv2%2Fpwb-brand&post=100248"},{"taxonomy":"product_cat","embeddable":true,"href":"https:\/\/www.autonvaraosahaku.fi\/index.php?rest_route=%2Fwp%2Fv2%2Fproduct_cat&post=100248"},{"taxonomy":"product_tag","embeddable":true,"href":"https:\/\/www.autonvaraosahaku.fi\/index.php?rest_route=%2Fwp%2Fv2%2Fproduct_tag&post=100248"}],"curies":[{"name":"wp","href":"https:\/\/api.w.org\/{rel}","templated":true}]}}