{"id":100262,"date":"2021-02-21T22:34:02","date_gmt":"2021-02-21T22:34:02","guid":{"rendered":"https:\/\/www.autonvaraosahaku.fi\/?product=blue-print-adn18112-vetonivelen-suojakumi"},"modified":"2021-02-21T22:34:07","modified_gmt":"2021-02-21T22:34:07","slug":"blue-print-adn18112-vetonivelen-suojakumi","status":"publish","type":"product","link":"https:\/\/www.autonvaraosahaku.fi\/?product=blue-print-adn18112-vetonivelen-suojakumi","title":{"rendered":"Blue Print ADN18112 Vetonivelen suojakumi"},"content":{"rendered":"<p>Pituus (mm): 100; Materiaali: Kumi; Paino [kg]: 0,310; Sis\u00e4l\u00e4pimitta 1 [mm]: 27, 27; Sis\u00e4l\u00e4pimitta 2 [mm]: 74,5, 74,5, 74,5; Asennuspuoli: Hinterachse; NISSAN: TERRANO II R20,PICK UP D21,PICK UP 720,TERRANO Van R20,BLUEBIRD 910,BLUEBIRD Traveller W910; 397410F000, 397410F00A, 3974141W03, 3974141W25, 3974150W25<\/p>\n","protected":false},"excerpt":{"rendered":"<p>BLUE PRINT Paljekumisarja, Vetoakseli ADN18112  NISSAN,TERRANO II R20,PICK UP D21,PICK UP 720,TERRANO Van R20,BLUEBIRD 910,BLUEBIRD Traveller W910<\/p>\n","protected":false},"featured_media":0,"template":"","meta":{"site-sidebar-layout":"default","site-content-layout":"default","ast-global-header-display":"","ast-main-header-display":"","ast-hfb-above-header-display":"","ast-hfb-below-header-display":"","ast-hfb-mobile-header-display":"","site-post-title":"","ast-breadcrumbs-content":"","ast-featured-img":"","footer-sml-layout":"","theme-transparent-header-meta":"","adv-header-id-meta":"","stick-header-meta":"","header-above-stick-meta":"","header-main-stick-meta":"","header-below-stick-meta":""},"pwb-brand":[533],"product_cat":[42],"product_tag":[],"class_list":{"0":"post-100262","1":"product","2":"type-product","3":"status-publish","5":"pwb-brand-blue-print","6":"product_cat-vetonivelen-suojakumi","7":"desktop-align-left","8":"tablet-align-left","9":"mobile-align-left","11":"first","12":"instock","13":"product-type-external"},"brands":[{"id":533,"name":"Blue Print","slug":"blue-print"}],"_links":{"self":[{"href":"https:\/\/www.autonvaraosahaku.fi\/index.php?rest_route=\/wp\/v2\/product\/100262","targetHints":{"allow":["GET"]}}],"collection":[{"href":"https:\/\/www.autonvaraosahaku.fi\/index.php?rest_route=\/wp\/v2\/product"}],"about":[{"href":"https:\/\/www.autonvaraosahaku.fi\/index.php?rest_route=\/wp\/v2\/types\/product"}],"wp:attachment":[{"href":"https:\/\/www.autonvaraosahaku.fi\/index.php?rest_route=%2Fwp%2Fv2%2Fmedia&parent=100262"}],"wp:term":[{"taxonomy":"pwb-brand","embeddable":true,"href":"https:\/\/www.autonvaraosahaku.fi\/index.php?rest_route=%2Fwp%2Fv2%2Fpwb-brand&post=100262"},{"taxonomy":"product_cat","embeddable":true,"href":"https:\/\/www.autonvaraosahaku.fi\/index.php?rest_route=%2Fwp%2Fv2%2Fproduct_cat&post=100262"},{"taxonomy":"product_tag","embeddable":true,"href":"https:\/\/www.autonvaraosahaku.fi\/index.php?rest_route=%2Fwp%2Fv2%2Fproduct_tag&post=100262"}],"curies":[{"name":"wp","href":"https:\/\/api.w.org\/{rel}","templated":true}]}}