{"id":100266,"date":"2021-02-21T22:34:02","date_gmt":"2021-02-21T22:34:02","guid":{"rendered":"https:\/\/www.autonvaraosahaku.fi\/?product=blue-print-adn14361-jarrulevyt"},"modified":"2021-02-21T22:34:08","modified_gmt":"2021-02-21T22:34:08","slug":"blue-print-adn14361-jarrulevyt","status":"publish","type":"product","link":"https:\/\/www.autonvaraosahaku.fi\/?product=blue-print-adn14361-jarrulevyt","title":{"rendered":"Blue Print ADN14361 Jarrulevyt"},"content":{"rendered":"<p>Jarrulevyn paksuus (mm): 10; Kiinnitysreikien lukum\u00e4\u00e4r\u00e4: 4; Paksuus [mm]: 45,0; Ulkol\u00e4pimitta [mm]: 258,0; Reik\u00e4ympyr\u00e4-\u00d8 [mm]: 114,3; Pinta: pinnoitettu; Jarrulevytyyppi: Vakiomalli; Asennuspuoli: Taka-akseli; V\u00e4himm\u00e4ispaksuus (mm): 9; Paino [kg]: 3,750; keskitt\u00e4misl\u00e4pimitta [mm]: 68, 68; Huomioi huolto-ohjeet: ; Valmistusvuosi alkaen: 05\/1993; NISSAN: ALMERA II Hatchback N16,PRIMERA P11,PRIMERA Traveller WP11,PRIMERA Hatchback P11,ALMERA Mk II N16,PRIMERA P10,PRIMERA Hatchback P10; 4320659J01, 432065M311, 4320699J00, 4320699J01, 532065M311; Jarrulevy<\/p>\n","protected":false},"excerpt":{"rendered":"<p>BLUE PRINT Jarrulevyt ADN14361 Jarrulevy NISSAN,ALMERA II Hatchback N16,PRIMERA P11,PRIMERA Traveller WP11,PRIMERA Hatchback P11,ALMERA Mk II N16<\/p>\n","protected":false},"featured_media":0,"template":"","meta":{"site-sidebar-layout":"default","site-content-layout":"default","ast-global-header-display":"","ast-main-header-display":"","ast-hfb-above-header-display":"","ast-hfb-below-header-display":"","ast-hfb-mobile-header-display":"","site-post-title":"","ast-breadcrumbs-content":"","ast-featured-img":"","footer-sml-layout":"","theme-transparent-header-meta":"","adv-header-id-meta":"","stick-header-meta":"","header-above-stick-meta":"","header-main-stick-meta":"","header-below-stick-meta":""},"pwb-brand":[533],"product_cat":[66],"product_tag":[],"class_list":{"0":"post-100266","1":"product","2":"type-product","3":"status-publish","5":"pwb-brand-blue-print","6":"product_cat-jarrulevyt","7":"desktop-align-left","8":"tablet-align-left","9":"mobile-align-left","11":"first","12":"instock","13":"product-type-external"},"brands":[{"id":533,"name":"Blue Print","slug":"blue-print"}],"_links":{"self":[{"href":"https:\/\/www.autonvaraosahaku.fi\/index.php?rest_route=\/wp\/v2\/product\/100266","targetHints":{"allow":["GET"]}}],"collection":[{"href":"https:\/\/www.autonvaraosahaku.fi\/index.php?rest_route=\/wp\/v2\/product"}],"about":[{"href":"https:\/\/www.autonvaraosahaku.fi\/index.php?rest_route=\/wp\/v2\/types\/product"}],"wp:attachment":[{"href":"https:\/\/www.autonvaraosahaku.fi\/index.php?rest_route=%2Fwp%2Fv2%2Fmedia&parent=100266"}],"wp:term":[{"taxonomy":"pwb-brand","embeddable":true,"href":"https:\/\/www.autonvaraosahaku.fi\/index.php?rest_route=%2Fwp%2Fv2%2Fpwb-brand&post=100266"},{"taxonomy":"product_cat","embeddable":true,"href":"https:\/\/www.autonvaraosahaku.fi\/index.php?rest_route=%2Fwp%2Fv2%2Fproduct_cat&post=100266"},{"taxonomy":"product_tag","embeddable":true,"href":"https:\/\/www.autonvaraosahaku.fi\/index.php?rest_route=%2Fwp%2Fv2%2Fproduct_tag&post=100266"}],"curies":[{"name":"wp","href":"https:\/\/api.w.org\/{rel}","templated":true}]}}