{"id":100285,"date":"2021-02-21T22:34:10","date_gmt":"2021-02-21T22:34:10","guid":{"rendered":"https:\/\/www.autonvaraosahaku.fi\/?product=blue-print-adc48125-vetonivelen-suojakumi"},"modified":"2021-02-21T22:34:16","modified_gmt":"2021-02-21T22:34:16","slug":"blue-print-adc48125-vetonivelen-suojakumi","status":"publish","type":"product","link":"https:\/\/www.autonvaraosahaku.fi\/?product=blue-print-adc48125-vetonivelen-suojakumi","title":{"rendered":"Blue Print ADC48125 Vetonivelen suojakumi"},"content":{"rendered":"<p>Pituus (mm): 124; Materiaali: Kumi; Asennuspuoli: Taka-akseli, Py\u00f6r\u00e4n puoli; Paino [kg]: 0,486; Sis\u00e4l\u00e4pimitta 1 [mm]: 33; Sis\u00e4l\u00e4pimitta 2 [mm]: 119,5, 119,5; Vaihteistomalli: Schaltgetriebe; MITSUBISHI: PAJERO III V7_W, V6_W,PAJERO CLASSIC V2_W,PAJERO II V3_W,PAJERO III Gel\u00e4ndewagen offen V6_W, V7_W; MR528652<\/p>\n","protected":false},"excerpt":{"rendered":"<p>BLUE PRINT Paljekumisarja, Vetoakseli ADC48125  MITSUBISHI,PAJERO III V7_W, V6_W,PAJERO CLASSIC V2_W,PAJERO II V3_W<\/p>\n","protected":false},"featured_media":0,"template":"","meta":{"site-sidebar-layout":"default","site-content-layout":"default","ast-global-header-display":"","ast-main-header-display":"","ast-hfb-above-header-display":"","ast-hfb-below-header-display":"","ast-hfb-mobile-header-display":"","site-post-title":"","ast-breadcrumbs-content":"","ast-featured-img":"","footer-sml-layout":"","theme-transparent-header-meta":"","adv-header-id-meta":"","stick-header-meta":"","header-above-stick-meta":"","header-main-stick-meta":"","header-below-stick-meta":""},"pwb-brand":[533],"product_cat":[42],"product_tag":[],"class_list":{"0":"post-100285","1":"product","2":"type-product","3":"status-publish","5":"pwb-brand-blue-print","6":"product_cat-vetonivelen-suojakumi","7":"desktop-align-left","8":"tablet-align-left","9":"mobile-align-left","11":"first","12":"instock","13":"product-type-external"},"brands":[{"id":533,"name":"Blue Print","slug":"blue-print"}],"_links":{"self":[{"href":"https:\/\/www.autonvaraosahaku.fi\/index.php?rest_route=\/wp\/v2\/product\/100285","targetHints":{"allow":["GET"]}}],"collection":[{"href":"https:\/\/www.autonvaraosahaku.fi\/index.php?rest_route=\/wp\/v2\/product"}],"about":[{"href":"https:\/\/www.autonvaraosahaku.fi\/index.php?rest_route=\/wp\/v2\/types\/product"}],"wp:attachment":[{"href":"https:\/\/www.autonvaraosahaku.fi\/index.php?rest_route=%2Fwp%2Fv2%2Fmedia&parent=100285"}],"wp:term":[{"taxonomy":"pwb-brand","embeddable":true,"href":"https:\/\/www.autonvaraosahaku.fi\/index.php?rest_route=%2Fwp%2Fv2%2Fpwb-brand&post=100285"},{"taxonomy":"product_cat","embeddable":true,"href":"https:\/\/www.autonvaraosahaku.fi\/index.php?rest_route=%2Fwp%2Fv2%2Fproduct_cat&post=100285"},{"taxonomy":"product_tag","embeddable":true,"href":"https:\/\/www.autonvaraosahaku.fi\/index.php?rest_route=%2Fwp%2Fv2%2Fproduct_tag&post=100285"}],"curies":[{"name":"wp","href":"https:\/\/api.w.org\/{rel}","templated":true}]}}