{"id":100327,"date":"2021-02-21T22:34:28","date_gmt":"2021-02-21T22:34:28","guid":{"rendered":"https:\/\/www.autonvaraosahaku.fi\/?product=blue-print-adh22246-ilmansuodatin"},"modified":"2021-02-21T22:34:35","modified_gmt":"2021-02-21T22:34:35","slug":"blue-print-adh22246-ilmansuodatin","status":"publish","type":"product","link":"https:\/\/www.autonvaraosahaku.fi\/?product=blue-print-adh22246-ilmansuodatin","title":{"rendered":"Blue Print ADH22246 Ilmansuodatin"},"content":{"rendered":"<p>Suodatintyyppi: Suodatinpanos, Suodatinpanos; Korkeus (mm): 174,5; Sis\u00e4l\u00e4pimitta [mm]: 82,0; Ulkol\u00e4pimitta [mm]: 139,0; Paino [kg]: 0,360; TECDOC-moottorinumero: 22056; HONDA: CIVIC VII Hatchback EU, EP, EV,CR-V II RD_,FR-V BE,STREAM RN,CIVIC VIII Stufenheck FD, FA,CIVIC VII Stufenheck ES,INTEGRA DC5,STEPWGN RG; 17220PNA003, 17220PNB003, 17220PNBY01, 17220PRAY01, 17220PZDA01<\/p>\n","protected":false},"excerpt":{"rendered":"<p>BLUE PRINT Ilmansuodatin ADH22246  HONDA,CIVIC VII Hatchback EU, EP, EV,CR-V II RD_,FR-V BE,STREAM RN,CIVIC VIII Stufenheck FD, FA<\/p>\n","protected":false},"featured_media":0,"template":"","meta":{"site-sidebar-layout":"default","site-content-layout":"default","ast-global-header-display":"","ast-main-header-display":"","ast-hfb-above-header-display":"","ast-hfb-below-header-display":"","ast-hfb-mobile-header-display":"","site-post-title":"","ast-breadcrumbs-content":"","ast-featured-img":"","footer-sml-layout":"","theme-transparent-header-meta":"","adv-header-id-meta":"","stick-header-meta":"","header-above-stick-meta":"","header-main-stick-meta":"","header-below-stick-meta":""},"pwb-brand":[533],"product_cat":[31],"product_tag":[],"class_list":{"0":"post-100327","1":"product","2":"type-product","3":"status-publish","5":"pwb-brand-blue-print","6":"product_cat-ilmansuodatin","7":"desktop-align-left","8":"tablet-align-left","9":"mobile-align-left","11":"first","12":"instock","13":"product-type-external"},"brands":[{"id":533,"name":"Blue Print","slug":"blue-print"}],"_links":{"self":[{"href":"https:\/\/www.autonvaraosahaku.fi\/index.php?rest_route=\/wp\/v2\/product\/100327","targetHints":{"allow":["GET"]}}],"collection":[{"href":"https:\/\/www.autonvaraosahaku.fi\/index.php?rest_route=\/wp\/v2\/product"}],"about":[{"href":"https:\/\/www.autonvaraosahaku.fi\/index.php?rest_route=\/wp\/v2\/types\/product"}],"wp:attachment":[{"href":"https:\/\/www.autonvaraosahaku.fi\/index.php?rest_route=%2Fwp%2Fv2%2Fmedia&parent=100327"}],"wp:term":[{"taxonomy":"pwb-brand","embeddable":true,"href":"https:\/\/www.autonvaraosahaku.fi\/index.php?rest_route=%2Fwp%2Fv2%2Fpwb-brand&post=100327"},{"taxonomy":"product_cat","embeddable":true,"href":"https:\/\/www.autonvaraosahaku.fi\/index.php?rest_route=%2Fwp%2Fv2%2Fproduct_cat&post=100327"},{"taxonomy":"product_tag","embeddable":true,"href":"https:\/\/www.autonvaraosahaku.fi\/index.php?rest_route=%2Fwp%2Fv2%2Fproduct_tag&post=100327"}],"curies":[{"name":"wp","href":"https:\/\/api.w.org\/{rel}","templated":true}]}}