{"id":100347,"date":"2021-02-21T22:34:37","date_gmt":"2021-02-21T22:34:37","guid":{"rendered":"https:\/\/www.autonvaraosahaku.fi\/?product=blue-print-adk82324-polttoainesuodatin"},"modified":"2021-02-21T22:34:44","modified_gmt":"2021-02-21T22:34:44","slug":"blue-print-adk82324-polttoainesuodatin","status":"publish","type":"product","link":"https:\/\/www.autonvaraosahaku.fi\/?product=blue-print-adk82324-polttoainesuodatin","title":{"rendered":"Blue Print ADK82324 Polttoainesuodatin"},"content":{"rendered":"<p>Suodatintyyppi: Suodatinpanos, Suodatinpanos; Sis\u00e4l\u00e4pimitta [mm]: 14,25; Korkeus (mm): 65,5; Ulkol\u00e4pimitta [mm]: 77,5; Tiivisteen l\u00e4pimitta [mm]: 93; Paino [kg]: 0,085; Valmistaja rajaus: Mahle; SUZUKI: GRAND VITARA I FT; LANCIA: PHEDRA 179,ZETA 220; FIAT: SCUDO 270_,ULYSSE 179AX,SCUDO Kasten 270_,ULYSSE 220,SCUDO Kasten 220L,SCUDO Combinato 220P,SCUDO Pritsche\/Fahrgestell 270_,SCUDO Pritsche\/Fahrgestell 220_; CITRO\u00cbN: BERLINGO MF,C8 EA_, EB_,C4 I LC_,BERLINGO Kasten M_,C5 II Break RE_,C5 I DC_,C5 I Break DE_,C5 II RC_,JUMPY,JUMPY Kasten,EVASION 22, U6,C4 Stufenheck L,JUMPY U6U,JUMPY Kasten BS_, BT_, BY_, BZ_,JUMPY Pritsche\/Fahrgestell BU_, BV_, BW_, BX_; PEUGEOT: 206 Schr\u00e4gheck 2A\/C,307 SW 3H,307 3A\/C,206 SW 2E\/K,807 E,307 Break 3E,607 9D, 9U,406 Break 8E\/F,PARTNER Combispace 5F,PARTNER Kasten 5,406 8B,806 221,EXPERT Tepee VF3V_,EXPERT Kasten VF3A_, VF3U_, VF3X_,EXPERT Kasten 222,EXPERT 224,EXPERT Pritsche\/Fahrgestell 223,EXPERT Pritsche\/Fahrgestell; 190677, 1906A5, 1906A6, 9641087880, E148042, E148135, 71771756, 9401906768, 9401906768, 190676, 1906A2, 1906A6, 9641087880, E148042, E148135, 1541267G10, 1541267G11, 1541286CT1<\/p>\n","protected":false},"excerpt":{"rendered":"<p>BLUE PRINT Polttoainesuodatin ADK82324  SUZUKI,LANCIA,FIAT,GRAND VITARA I FT,PHEDRA 179,ZETA 220,SCUDO 270_,ULYSSE 179AX,SCUDO Kasten 270_,ULYSSE 220<\/p>\n","protected":false},"featured_media":0,"template":"","meta":{"site-sidebar-layout":"default","site-content-layout":"default","ast-global-header-display":"","ast-main-header-display":"","ast-hfb-above-header-display":"","ast-hfb-below-header-display":"","ast-hfb-mobile-header-display":"","site-post-title":"","ast-breadcrumbs-content":"","ast-featured-img":"","footer-sml-layout":"","theme-transparent-header-meta":"","adv-header-id-meta":"","stick-header-meta":"","header-above-stick-meta":"","header-main-stick-meta":"","header-below-stick-meta":""},"pwb-brand":[533],"product_cat":[29],"product_tag":[],"class_list":{"0":"post-100347","1":"product","2":"type-product","3":"status-publish","5":"pwb-brand-blue-print","6":"product_cat-polttoainesuodatin","7":"desktop-align-left","8":"tablet-align-left","9":"mobile-align-left","11":"first","12":"instock","13":"product-type-external"},"brands":[{"id":533,"name":"Blue Print","slug":"blue-print"}],"_links":{"self":[{"href":"https:\/\/www.autonvaraosahaku.fi\/index.php?rest_route=\/wp\/v2\/product\/100347","targetHints":{"allow":["GET"]}}],"collection":[{"href":"https:\/\/www.autonvaraosahaku.fi\/index.php?rest_route=\/wp\/v2\/product"}],"about":[{"href":"https:\/\/www.autonvaraosahaku.fi\/index.php?rest_route=\/wp\/v2\/types\/product"}],"wp:attachment":[{"href":"https:\/\/www.autonvaraosahaku.fi\/index.php?rest_route=%2Fwp%2Fv2%2Fmedia&parent=100347"}],"wp:term":[{"taxonomy":"pwb-brand","embeddable":true,"href":"https:\/\/www.autonvaraosahaku.fi\/index.php?rest_route=%2Fwp%2Fv2%2Fpwb-brand&post=100347"},{"taxonomy":"product_cat","embeddable":true,"href":"https:\/\/www.autonvaraosahaku.fi\/index.php?rest_route=%2Fwp%2Fv2%2Fproduct_cat&post=100347"},{"taxonomy":"product_tag","embeddable":true,"href":"https:\/\/www.autonvaraosahaku.fi\/index.php?rest_route=%2Fwp%2Fv2%2Fproduct_tag&post=100347"}],"curies":[{"name":"wp","href":"https:\/\/api.w.org\/{rel}","templated":true}]}}