{"id":100394,"date":"2021-02-21T22:35:02","date_gmt":"2021-02-21T22:35:02","guid":{"rendered":"https:\/\/www.autonvaraosahaku.fi\/?product=blue-print-adc48226-pyoranlaakerit"},"modified":"2021-02-21T22:35:04","modified_gmt":"2021-02-21T22:35:04","slug":"blue-print-adc48226-pyoranlaakerit","status":"publish","type":"product","link":"https:\/\/www.autonvaraosahaku.fi\/?product=blue-print-adc48226-pyoranlaakerit","title":{"rendered":"Blue Print ADC48226 Py\u00f6r\u00e4nlaakerit"},"content":{"rendered":"<p>Leveys (mm): 55,0; Sis\u00e4l\u00e4pimitta [mm]: 50,0; Ulkol\u00e4pimitta [mm]: 86,0; Laakerityyppi: Kartiorullalaakeri; Korvaava tuote\/korvaava tiedote 2: Py\u00f6r\u00e4nlaakeri integroitu py\u00f6r\u00e4nnapaan; Asennuspuoli: etuakseli molemminpuoleinen; Paino [kg]: 4,460; Huomioi huolto-ohjeet: , ; Moottorinumero: 6G74; MITSUBISHI: PAJERO III V7_W, V6_W,PAJERO CLASSIC V2_W,PAJERO II V3_W,PAJERO III Gel\u00e4ndewagen offen V6_W, V7_W; 3880A024, 3880A024S1, MN103586; Py\u00f6r\u00e4nlaakerisarja<\/p>\n","protected":false},"excerpt":{"rendered":"<p>BLUE PRINT Py\u00f6r\u00e4nlaakerit ADC48226 Py\u00f6r\u00e4nlaakerisarja MITSUBISHI,PAJERO III V7_W, V6_W,PAJERO CLASSIC V2_W,PAJERO II V3_W<\/p>\n","protected":false},"featured_media":0,"template":"","meta":{"site-sidebar-layout":"default","site-content-layout":"default","ast-global-header-display":"","ast-main-header-display":"","ast-hfb-above-header-display":"","ast-hfb-below-header-display":"","ast-hfb-mobile-header-display":"","site-post-title":"","ast-breadcrumbs-content":"","ast-featured-img":"","footer-sml-layout":"","theme-transparent-header-meta":"","adv-header-id-meta":"","stick-header-meta":"","header-above-stick-meta":"","header-main-stick-meta":"","header-below-stick-meta":""},"pwb-brand":[533],"product_cat":[83],"product_tag":[],"class_list":{"0":"post-100394","1":"product","2":"type-product","3":"status-publish","5":"pwb-brand-blue-print","6":"product_cat-pyoranlaakerit","7":"desktop-align-left","8":"tablet-align-left","9":"mobile-align-left","11":"first","12":"instock","13":"product-type-external"},"brands":[{"id":533,"name":"Blue Print","slug":"blue-print"}],"_links":{"self":[{"href":"https:\/\/www.autonvaraosahaku.fi\/index.php?rest_route=\/wp\/v2\/product\/100394","targetHints":{"allow":["GET"]}}],"collection":[{"href":"https:\/\/www.autonvaraosahaku.fi\/index.php?rest_route=\/wp\/v2\/product"}],"about":[{"href":"https:\/\/www.autonvaraosahaku.fi\/index.php?rest_route=\/wp\/v2\/types\/product"}],"wp:attachment":[{"href":"https:\/\/www.autonvaraosahaku.fi\/index.php?rest_route=%2Fwp%2Fv2%2Fmedia&parent=100394"}],"wp:term":[{"taxonomy":"pwb-brand","embeddable":true,"href":"https:\/\/www.autonvaraosahaku.fi\/index.php?rest_route=%2Fwp%2Fv2%2Fpwb-brand&post=100394"},{"taxonomy":"product_cat","embeddable":true,"href":"https:\/\/www.autonvaraosahaku.fi\/index.php?rest_route=%2Fwp%2Fv2%2Fproduct_cat&post=100394"},{"taxonomy":"product_tag","embeddable":true,"href":"https:\/\/www.autonvaraosahaku.fi\/index.php?rest_route=%2Fwp%2Fv2%2Fproduct_tag&post=100394"}],"curies":[{"name":"wp","href":"https:\/\/api.w.org\/{rel}","templated":true}]}}