{"id":100413,"date":"2021-02-21T22:35:11","date_gmt":"2021-02-21T22:35:11","guid":{"rendered":"https:\/\/www.autonvaraosahaku.fi\/?product=blue-print-adg04279-jarrupalat"},"modified":"2021-02-21T22:35:13","modified_gmt":"2021-02-21T22:35:13","slug":"blue-print-adg04279-jarrupalat","status":"publish","type":"product","link":"https:\/\/www.autonvaraosahaku.fi\/?product=blue-print-adg04279-jarrupalat","title":{"rendered":"Blue Print ADG04279 Jarrupalat"},"content":{"rendered":"<p>Pituus (mm): 129,8; Leveys (mm): 56,0; Tarkistuskilpi: ECE R90 Approved; Asennuspuoli: Etuakseli; Paksuus 1 [mm]: 17; Paino [kg]: 1,520, 1,520; Kulumisenilmaisimen liitos: akustisella kulumavaroittimella; M\u00e4\u00e4r\u00e4yksikk\u00f6: Akselisarja; Jarruj\u00e4rjestelm\u00e4: Mando; HYUNDAI: i20 PB, PBT,ACCENT III MC,ACCENT III Stufenheck MC,ACCENT II Stufenheck LC,ACCENT IV RB,ACCENT IV Stufenheck RB; KIA: RIO III UB,RIO II JB,RIO II Stufenheck JB,RIO III Stufenheck UB; 581011GA00, 581011GE00, 581011GE00S1, 581011JA10, 581011GA00, 581011GE00, 581011GE00S1, 581011JA10; Jarrupalasarja,Jarrupala, Levyjarru<\/p>\n","protected":false},"excerpt":{"rendered":"<p>BLUE PRINT Jarrupalat ADG04279 Jarrupalasarja,Jarrupala, Levyjarru HYUNDAI,KIA,i20 PB, PBT,ACCENT III MC,ACCENT III Stufenheck MC<\/p>\n","protected":false},"featured_media":0,"template":"","meta":{"site-sidebar-layout":"default","site-content-layout":"default","ast-global-header-display":"","ast-main-header-display":"","ast-hfb-above-header-display":"","ast-hfb-below-header-display":"","ast-hfb-mobile-header-display":"","site-post-title":"","ast-breadcrumbs-content":"","ast-featured-img":"","footer-sml-layout":"","theme-transparent-header-meta":"","adv-header-id-meta":"","stick-header-meta":"","header-above-stick-meta":"","header-main-stick-meta":"","header-below-stick-meta":""},"pwb-brand":[533],"product_cat":[100],"product_tag":[],"class_list":{"0":"post-100413","1":"product","2":"type-product","3":"status-publish","5":"pwb-brand-blue-print","6":"product_cat-jarrupalat","7":"desktop-align-left","8":"tablet-align-left","9":"mobile-align-left","11":"first","12":"instock","13":"product-type-external"},"brands":[{"id":533,"name":"Blue Print","slug":"blue-print"}],"_links":{"self":[{"href":"https:\/\/www.autonvaraosahaku.fi\/index.php?rest_route=\/wp\/v2\/product\/100413","targetHints":{"allow":["GET"]}}],"collection":[{"href":"https:\/\/www.autonvaraosahaku.fi\/index.php?rest_route=\/wp\/v2\/product"}],"about":[{"href":"https:\/\/www.autonvaraosahaku.fi\/index.php?rest_route=\/wp\/v2\/types\/product"}],"wp:attachment":[{"href":"https:\/\/www.autonvaraosahaku.fi\/index.php?rest_route=%2Fwp%2Fv2%2Fmedia&parent=100413"}],"wp:term":[{"taxonomy":"pwb-brand","embeddable":true,"href":"https:\/\/www.autonvaraosahaku.fi\/index.php?rest_route=%2Fwp%2Fv2%2Fpwb-brand&post=100413"},{"taxonomy":"product_cat","embeddable":true,"href":"https:\/\/www.autonvaraosahaku.fi\/index.php?rest_route=%2Fwp%2Fv2%2Fproduct_cat&post=100413"},{"taxonomy":"product_tag","embeddable":true,"href":"https:\/\/www.autonvaraosahaku.fi\/index.php?rest_route=%2Fwp%2Fv2%2Fproduct_tag&post=100413"}],"curies":[{"name":"wp","href":"https:\/\/api.w.org\/{rel}","templated":true}]}}