{"id":100417,"date":"2021-02-21T22:35:11","date_gmt":"2021-02-21T22:35:11","guid":{"rendered":"https:\/\/www.autonvaraosahaku.fi\/?product=blue-print-adc48008-muut-luokat"},"modified":"2021-02-21T22:35:14","modified_gmt":"2021-02-21T22:35:14","slug":"blue-print-adc48008-muut-luokat","status":"publish","type":"product","link":"https:\/\/www.autonvaraosahaku.fi\/?product=blue-print-adc48008-muut-luokat","title":{"rendered":"Blue Print ADC48008 Muut luokat"},"content":{"rendered":"<p>Paksuus [mm]: 45,0; Sis\u00e4l\u00e4pimitta [mm]: 18,0; Ulkol\u00e4pimitta [mm]: 38,0; Materiaali: Kumi; Asennuspuoli: Taka-akseli, molemminpuolinen; Paino [kg]: 0,036, 0,036; Moottorinumero: 4D56; MITSUBISHI: PAJERO I L04_G, L14_G,GALLOPER JK-01,PAJERO I Canvas Top L04_G; MB111203, MB111203<\/p>\n","protected":false},"excerpt":{"rendered":"<p>BLUE PRINT Laakerin Holkki, Lehtijousi ADC48008  MITSUBISHI,PAJERO I L04_G, L14_G,GALLOPER JK-01,PAJERO I Canvas Top L04_G<\/p>\n","protected":false},"featured_media":0,"template":"","meta":{"site-sidebar-layout":"default","site-content-layout":"default","ast-global-header-display":"","ast-main-header-display":"","ast-hfb-above-header-display":"","ast-hfb-below-header-display":"","ast-hfb-mobile-header-display":"","site-post-title":"","ast-breadcrumbs-content":"","ast-featured-img":"","footer-sml-layout":"","theme-transparent-header-meta":"","adv-header-id-meta":"","stick-header-meta":"","header-above-stick-meta":"","header-main-stick-meta":"","header-below-stick-meta":""},"pwb-brand":[533],"product_cat":[37],"product_tag":[],"class_list":{"0":"post-100417","1":"product","2":"type-product","3":"status-publish","5":"pwb-brand-blue-print","6":"product_cat-muut-luokat","7":"desktop-align-left","8":"tablet-align-left","9":"mobile-align-left","11":"first","12":"instock","13":"product-type-external"},"brands":[{"id":533,"name":"Blue Print","slug":"blue-print"}],"_links":{"self":[{"href":"https:\/\/www.autonvaraosahaku.fi\/index.php?rest_route=\/wp\/v2\/product\/100417","targetHints":{"allow":["GET"]}}],"collection":[{"href":"https:\/\/www.autonvaraosahaku.fi\/index.php?rest_route=\/wp\/v2\/product"}],"about":[{"href":"https:\/\/www.autonvaraosahaku.fi\/index.php?rest_route=\/wp\/v2\/types\/product"}],"wp:attachment":[{"href":"https:\/\/www.autonvaraosahaku.fi\/index.php?rest_route=%2Fwp%2Fv2%2Fmedia&parent=100417"}],"wp:term":[{"taxonomy":"pwb-brand","embeddable":true,"href":"https:\/\/www.autonvaraosahaku.fi\/index.php?rest_route=%2Fwp%2Fv2%2Fpwb-brand&post=100417"},{"taxonomy":"product_cat","embeddable":true,"href":"https:\/\/www.autonvaraosahaku.fi\/index.php?rest_route=%2Fwp%2Fv2%2Fproduct_cat&post=100417"},{"taxonomy":"product_tag","embeddable":true,"href":"https:\/\/www.autonvaraosahaku.fi\/index.php?rest_route=%2Fwp%2Fv2%2Fproduct_tag&post=100417"}],"curies":[{"name":"wp","href":"https:\/\/api.w.org\/{rel}","templated":true}]}}