{"id":100429,"date":"2021-02-21T22:35:11","date_gmt":"2021-02-21T22:35:11","guid":{"rendered":"https:\/\/www.autonvaraosahaku.fi\/?product=blue-print-adn14399-jarrulevyt"},"modified":"2021-02-21T22:35:19","modified_gmt":"2021-02-21T22:35:19","slug":"blue-print-adn14399-jarrulevyt","status":"publish","type":"product","link":"https:\/\/www.autonvaraosahaku.fi\/?product=blue-print-adn14399-jarrulevyt","title":{"rendered":"Blue Print ADN14399 Jarrulevyt"},"content":{"rendered":"<p>Jarrulevyn paksuus (mm): 16; Kiinnitysreikien lukum\u00e4\u00e4r\u00e4: 5; Paksuus [mm]: 62,0; Ulkol\u00e4pimitta [mm]: 292,0; Reik\u00e4ympyr\u00e4-\u00d8 [mm]: 114,3; Pinta: pinnoitettu; Jarrulevytyyppi: Tuuletettu, sis\u00e4; Asennuspuoli: Taka-akseli; V\u00e4himm\u00e4ispaksuus (mm): 14; Paino [kg]: 5,590; keskitt\u00e4misl\u00e4pimitta [mm]: 68,1, 68,1; Moottorinumero: EM57; NISSAN: QASHQAI \/ QASHQAI +2 J10, JJ10,X-TRAIL T30,JUKE F15,X-TRAIL T31,350 Z Z33,350 Z Roadster Z33,LEAF,SKYLINE V35; RENAULT: KOLEOS HY_; 432063NL0A, 432063NL0B, 432068H304, 432068H305, 432068H700, 432068H701, 432068H702, 432000016R, 432003112R; Jarrulevy<\/p>\n","protected":false},"excerpt":{"rendered":"<p>BLUE PRINT Jarrulevyt ADN14399 Jarrulevy NISSAN,RENAULT,QASHQAI \/ QASHQAI +2 J10, JJ10,X-TRAIL T30,JUKE F15,X-TRAIL T31,350 Z Z33,350 Z Roadster Z33<\/p>\n","protected":false},"featured_media":0,"template":"","meta":{"site-sidebar-layout":"default","site-content-layout":"default","ast-global-header-display":"","ast-main-header-display":"","ast-hfb-above-header-display":"","ast-hfb-below-header-display":"","ast-hfb-mobile-header-display":"","site-post-title":"","ast-breadcrumbs-content":"","ast-featured-img":"","footer-sml-layout":"","theme-transparent-header-meta":"","adv-header-id-meta":"","stick-header-meta":"","header-above-stick-meta":"","header-main-stick-meta":"","header-below-stick-meta":""},"pwb-brand":[533],"product_cat":[66],"product_tag":[],"class_list":{"0":"post-100429","1":"product","2":"type-product","3":"status-publish","5":"pwb-brand-blue-print","6":"product_cat-jarrulevyt","7":"desktop-align-left","8":"tablet-align-left","9":"mobile-align-left","11":"first","12":"instock","13":"product-type-external"},"brands":[{"id":533,"name":"Blue Print","slug":"blue-print"}],"_links":{"self":[{"href":"https:\/\/www.autonvaraosahaku.fi\/index.php?rest_route=\/wp\/v2\/product\/100429","targetHints":{"allow":["GET"]}}],"collection":[{"href":"https:\/\/www.autonvaraosahaku.fi\/index.php?rest_route=\/wp\/v2\/product"}],"about":[{"href":"https:\/\/www.autonvaraosahaku.fi\/index.php?rest_route=\/wp\/v2\/types\/product"}],"wp:attachment":[{"href":"https:\/\/www.autonvaraosahaku.fi\/index.php?rest_route=%2Fwp%2Fv2%2Fmedia&parent=100429"}],"wp:term":[{"taxonomy":"pwb-brand","embeddable":true,"href":"https:\/\/www.autonvaraosahaku.fi\/index.php?rest_route=%2Fwp%2Fv2%2Fpwb-brand&post=100429"},{"taxonomy":"product_cat","embeddable":true,"href":"https:\/\/www.autonvaraosahaku.fi\/index.php?rest_route=%2Fwp%2Fv2%2Fproduct_cat&post=100429"},{"taxonomy":"product_tag","embeddable":true,"href":"https:\/\/www.autonvaraosahaku.fi\/index.php?rest_route=%2Fwp%2Fv2%2Fproduct_tag&post=100429"}],"curies":[{"name":"wp","href":"https:\/\/api.w.org\/{rel}","templated":true}]}}