{"id":100431,"date":"2021-02-21T22:35:20","date_gmt":"2021-02-21T22:35:20","guid":{"rendered":"https:\/\/www.autonvaraosahaku.fi\/?product=blue-print-adn143127-jarrulevyt"},"modified":"2021-02-21T22:35:21","modified_gmt":"2021-02-21T22:35:21","slug":"blue-print-adn143127-jarrulevyt","status":"publish","type":"product","link":"https:\/\/www.autonvaraosahaku.fi\/?product=blue-print-adn143127-jarrulevyt","title":{"rendered":"Blue Print ADN143127 Jarrulevyt"},"content":{"rendered":"<p>Jarrulevyn paksuus (mm): 9; Kiinnitysreikien lukum\u00e4\u00e4r\u00e4: 5, 1; Paksuus [mm]: 62,0; Ulkol\u00e4pimitta [mm]: 292,0; Reik\u00e4ympyr\u00e4-\u00d8 [mm]: 114,3; Pinta: pinnoitettu; Jarrulevytyyppi: Vakiomalli; Asennuspuoli: Taka-akseli; V\u00e4himm\u00e4ispaksuus (mm): 8; Paino [kg]: 4,830; keskitt\u00e4misl\u00e4pimitta [mm]: 68, 68; Moottorinumero: K9K; NISSAN: QASHQAI \/ QASHQAI +2 J10, JJ10,JUKE F15,NV200 EVALIA,NV200 Kasten,PULSAR Schr\u00e4gheck C13,TEANA II J32,ALTIMA,TEANA I J31,SERENA C25,SENTRA B16,ALTIMA L33; 432069W000, 432069Y000, 43206JA00A, 43206JD00A; Jarrulevy<\/p>\n","protected":false},"excerpt":{"rendered":"<p>BLUE PRINT Jarrulevyt ADN143127 Jarrulevy NISSAN,QASHQAI \/ QASHQAI +2 J10, JJ10,JUKE F15,NV200 EVALIA,NV200 Kasten,PULSAR Schr\u00e4gheck C13,TEANA II J32<\/p>\n","protected":false},"featured_media":0,"template":"","meta":{"site-sidebar-layout":"default","site-content-layout":"default","ast-global-header-display":"","ast-main-header-display":"","ast-hfb-above-header-display":"","ast-hfb-below-header-display":"","ast-hfb-mobile-header-display":"","site-post-title":"","ast-breadcrumbs-content":"","ast-featured-img":"","footer-sml-layout":"","theme-transparent-header-meta":"","adv-header-id-meta":"","stick-header-meta":"","header-above-stick-meta":"","header-main-stick-meta":"","header-below-stick-meta":""},"pwb-brand":[533],"product_cat":[66],"product_tag":[],"class_list":{"0":"post-100431","1":"product","2":"type-product","3":"status-publish","5":"pwb-brand-blue-print","6":"product_cat-jarrulevyt","7":"desktop-align-left","8":"tablet-align-left","9":"mobile-align-left","11":"first","12":"instock","13":"product-type-external"},"brands":[{"id":533,"name":"Blue Print","slug":"blue-print"}],"_links":{"self":[{"href":"https:\/\/www.autonvaraosahaku.fi\/index.php?rest_route=\/wp\/v2\/product\/100431","targetHints":{"allow":["GET"]}}],"collection":[{"href":"https:\/\/www.autonvaraosahaku.fi\/index.php?rest_route=\/wp\/v2\/product"}],"about":[{"href":"https:\/\/www.autonvaraosahaku.fi\/index.php?rest_route=\/wp\/v2\/types\/product"}],"wp:attachment":[{"href":"https:\/\/www.autonvaraosahaku.fi\/index.php?rest_route=%2Fwp%2Fv2%2Fmedia&parent=100431"}],"wp:term":[{"taxonomy":"pwb-brand","embeddable":true,"href":"https:\/\/www.autonvaraosahaku.fi\/index.php?rest_route=%2Fwp%2Fv2%2Fpwb-brand&post=100431"},{"taxonomy":"product_cat","embeddable":true,"href":"https:\/\/www.autonvaraosahaku.fi\/index.php?rest_route=%2Fwp%2Fv2%2Fproduct_cat&post=100431"},{"taxonomy":"product_tag","embeddable":true,"href":"https:\/\/www.autonvaraosahaku.fi\/index.php?rest_route=%2Fwp%2Fv2%2Fproduct_tag&post=100431"}],"curies":[{"name":"wp","href":"https:\/\/api.w.org\/{rel}","templated":true}]}}