{"id":100437,"date":"2021-02-21T22:35:20","date_gmt":"2021-02-21T22:35:20","guid":{"rendered":"https:\/\/www.autonvaraosahaku.fi\/?product=blue-print-adt380146-jousijalan-tukilaakeri"},"modified":"2021-02-21T22:35:23","modified_gmt":"2021-02-21T22:35:23","slug":"blue-print-adt380146-jousijalan-tukilaakeri","status":"publish","type":"product","link":"https:\/\/www.autonvaraosahaku.fi\/?product=blue-print-adt380146-jousijalan-tukilaakeri","title":{"rendered":"Blue Print ADT380146 Jousijalan tukilaakeri"},"content":{"rendered":"<p>Asennuspuoli: etuakseli molemminpuoleinen, etuakseli molemminpuoleinen; Paino [kg]: 0,001, 0,001; LEXUS: IS II GSE2_, ALE2_, USE2_,IS C GSE2_; 4868053030, 4868053030S1, 4868053031, 4868053031S1; Iskarin Yl\u00e4p\u00e4\u00e4,Iskunvaimentimen Yl\u00e4p\u00e4\u00e4<\/p>\n","protected":false},"excerpt":{"rendered":"<p>BLUE PRINT Jousijalan Tukilaakeri ADT380146 Iskarin Yl\u00e4p\u00e4\u00e4,Iskunvaimentimen Yl\u00e4p\u00e4\u00e4 LEXUS,IS II GSE2_, ALE2_, USE2_,IS C GSE2_<\/p>\n","protected":false},"featured_media":0,"template":"","meta":{"site-sidebar-layout":"default","site-content-layout":"default","ast-global-header-display":"","ast-main-header-display":"","ast-hfb-above-header-display":"","ast-hfb-below-header-display":"","ast-hfb-mobile-header-display":"","site-post-title":"","ast-breadcrumbs-content":"","ast-featured-img":"","footer-sml-layout":"","theme-transparent-header-meta":"","adv-header-id-meta":"","stick-header-meta":"","header-above-stick-meta":"","header-main-stick-meta":"","header-below-stick-meta":""},"pwb-brand":[533],"product_cat":[45],"product_tag":[],"class_list":{"0":"post-100437","1":"product","2":"type-product","3":"status-publish","5":"pwb-brand-blue-print","6":"product_cat-jousijalan-tukilaakeri","7":"desktop-align-left","8":"tablet-align-left","9":"mobile-align-left","11":"first","12":"instock","13":"product-type-external"},"brands":[{"id":533,"name":"Blue Print","slug":"blue-print"}],"_links":{"self":[{"href":"https:\/\/www.autonvaraosahaku.fi\/index.php?rest_route=\/wp\/v2\/product\/100437","targetHints":{"allow":["GET"]}}],"collection":[{"href":"https:\/\/www.autonvaraosahaku.fi\/index.php?rest_route=\/wp\/v2\/product"}],"about":[{"href":"https:\/\/www.autonvaraosahaku.fi\/index.php?rest_route=\/wp\/v2\/types\/product"}],"wp:attachment":[{"href":"https:\/\/www.autonvaraosahaku.fi\/index.php?rest_route=%2Fwp%2Fv2%2Fmedia&parent=100437"}],"wp:term":[{"taxonomy":"pwb-brand","embeddable":true,"href":"https:\/\/www.autonvaraosahaku.fi\/index.php?rest_route=%2Fwp%2Fv2%2Fpwb-brand&post=100437"},{"taxonomy":"product_cat","embeddable":true,"href":"https:\/\/www.autonvaraosahaku.fi\/index.php?rest_route=%2Fwp%2Fv2%2Fproduct_cat&post=100437"},{"taxonomy":"product_tag","embeddable":true,"href":"https:\/\/www.autonvaraosahaku.fi\/index.php?rest_route=%2Fwp%2Fv2%2Fproduct_tag&post=100437"}],"curies":[{"name":"wp","href":"https:\/\/api.w.org\/{rel}","templated":true}]}}