{"id":10045,"date":"2021-02-21T14:07:40","date_gmt":"2021-02-21T14:07:40","guid":{"rendered":"https:\/\/www.autonvaraosahaku.fi\/?product=seim-118001-pissapojan-pumppu"},"modified":"2021-02-21T14:07:41","modified_gmt":"2021-02-21T14:07:41","slug":"seim-118001-pissapojan-pumppu","status":"publish","type":"product","link":"https:\/\/www.autonvaraosahaku.fi\/?product=seim-118001-pissapojan-pumppu","title":{"rendered":"SEIM 118001 Pissapojan pumppu"},"content":{"rendered":"<p>J\u00e4nnite (V): 12; Asennuspuoli: Edess\u00e4; K\u00e4ytt\u00f6: S\u00e4hk\u00f6inen; Varusteet: Autoihin, joissa takalasin pyyhkij\u00e4, f\u00fcr Fahrzeuge mit Heckscheibenwischer; Pumpputyyppi: Kaksoispumppu; ABARTH: 500 \/ 595 312_,PUNTO 199_; OPEL: CORSA D; FORD: KA RU8; FIAT: GRANDE PUNTO 199,500 312,PUNTO EVO 199,CROMA 194,DOBLO Kasten\/Kombi 263,PUNTO 199,QUBO 225,FIORINO Kasten\/Kombi 225,DOBLO Pritsche\/Fahrgestell 263; CITRO\u00cbN: NEMO Kasten AA_,NEMO Kombi; ALFA ROMEO: GIULIETTA 940,MITO 955; PEUGEOT: BIPPER AA_,BIPPER Tepee; 55702893, 71740942, 6434E0, 55702893, 71740942, 1554057, 71740942, 145018555702893, 6434E0; Pesurin Pumppu,Lasinpesurin Pumppu,Pesunestepumppu, Lasinpesu<\/p>\n","protected":false},"excerpt":{"rendered":"<p>SEIM Pissapojan Pumppu 118001 Pesurin Pumppu,Lasinpesurin Pumppu ABARTH,OPEL,FORD,500 \/ 595 312_,PUNTO 199_,CORSA D,KA RU8,GRANDE PUNTO 199,500 312<\/p>\n","protected":false},"featured_media":0,"template":"","meta":{"site-sidebar-layout":"default","site-content-layout":"default","ast-global-header-display":"","ast-main-header-display":"","ast-hfb-above-header-display":"","ast-hfb-below-header-display":"","ast-hfb-mobile-header-display":"","site-post-title":"","ast-breadcrumbs-content":"","ast-featured-img":"","footer-sml-layout":"","theme-transparent-header-meta":"","adv-header-id-meta":"","stick-header-meta":"","header-above-stick-meta":"","header-main-stick-meta":"","header-below-stick-meta":""},"pwb-brand":[191],"product_cat":[182],"product_tag":[],"class_list":{"0":"post-10045","1":"product","2":"type-product","3":"status-publish","5":"pwb-brand-seim","6":"product_cat-pissapojan-pumppu","7":"desktop-align-left","8":"tablet-align-left","9":"mobile-align-left","11":"first","12":"instock","13":"product-type-external"},"brands":[{"id":191,"name":"SEIM","slug":"seim"}],"_links":{"self":[{"href":"https:\/\/www.autonvaraosahaku.fi\/index.php?rest_route=\/wp\/v2\/product\/10045","targetHints":{"allow":["GET"]}}],"collection":[{"href":"https:\/\/www.autonvaraosahaku.fi\/index.php?rest_route=\/wp\/v2\/product"}],"about":[{"href":"https:\/\/www.autonvaraosahaku.fi\/index.php?rest_route=\/wp\/v2\/types\/product"}],"wp:attachment":[{"href":"https:\/\/www.autonvaraosahaku.fi\/index.php?rest_route=%2Fwp%2Fv2%2Fmedia&parent=10045"}],"wp:term":[{"taxonomy":"pwb-brand","embeddable":true,"href":"https:\/\/www.autonvaraosahaku.fi\/index.php?rest_route=%2Fwp%2Fv2%2Fpwb-brand&post=10045"},{"taxonomy":"product_cat","embeddable":true,"href":"https:\/\/www.autonvaraosahaku.fi\/index.php?rest_route=%2Fwp%2Fv2%2Fproduct_cat&post=10045"},{"taxonomy":"product_tag","embeddable":true,"href":"https:\/\/www.autonvaraosahaku.fi\/index.php?rest_route=%2Fwp%2Fv2%2Fproduct_tag&post=10045"}],"curies":[{"name":"wp","href":"https:\/\/api.w.org\/{rel}","templated":true}]}}