{"id":10046,"date":"2021-02-21T14:07:40","date_gmt":"2021-02-21T14:07:40","guid":{"rendered":"https:\/\/www.autonvaraosahaku.fi\/?product=meyle-116-010-0038-alapallonivel"},"modified":"2021-02-21T14:07:41","modified_gmt":"2021-02-21T14:07:41","slug":"meyle-116-010-0038-alapallonivel","status":"publish","type":"product","link":"https:\/\/www.autonvaraosahaku.fi\/?product=meyle-116-010-0038-alapallonivel","title":{"rendered":"MEYLE 116 010 0038 Alapallonivel"},"content":{"rendered":"<p>Asennuspuoli: Yl\u00e4puolella, Etuakseli, vasen, Etuakseli, oikea; Kierremitta: M16x1,5; Ulkol\u00e4pimitta [mm]: 46; Korkeus (mm): 106; Lis\u00e4tarvike\/lis\u00e4tieto: Tarvikkeilla; lis\u00e4tieto: ORIGINAL Quality; Rakennemalli: Caravelle; VW: TRANSPORTER IV Bus 70XB, 70XC, 7DB, 7DW,TRANSPORTER IV Kasten 70XA,TRANSPORTER IV Pritsche\/Fahrgestell 70XD; 701407187, 701407187A, 701407187B; Pallonivel<\/p>\n","protected":false},"excerpt":{"rendered":"<p>MEYLE Alapallonivel 116 010 0038 Pallonivel VW,TRANSPORTER IV Bus 70XB, 70XC, 7DB, 7DW,TRANSPORTER IV Kasten 70XA<\/p>\n","protected":false},"featured_media":0,"template":"","meta":{"site-sidebar-layout":"default","site-content-layout":"default","ast-global-header-display":"","ast-main-header-display":"","ast-hfb-above-header-display":"","ast-hfb-below-header-display":"","ast-hfb-mobile-header-display":"","site-post-title":"","ast-breadcrumbs-content":"","ast-featured-img":"","footer-sml-layout":"","theme-transparent-header-meta":"","adv-header-id-meta":"","stick-header-meta":"","header-above-stick-meta":"","header-main-stick-meta":"","header-below-stick-meta":""},"pwb-brand":[84],"product_cat":[93],"product_tag":[],"class_list":{"0":"post-10046","1":"product","2":"type-product","3":"status-publish","5":"pwb-brand-meyle","6":"product_cat-alapallonivel","7":"desktop-align-left","8":"tablet-align-left","9":"mobile-align-left","11":"first","12":"instock","13":"product-type-external"},"brands":[{"id":84,"name":"MEYLE","slug":"meyle"}],"_links":{"self":[{"href":"https:\/\/www.autonvaraosahaku.fi\/index.php?rest_route=\/wp\/v2\/product\/10046","targetHints":{"allow":["GET"]}}],"collection":[{"href":"https:\/\/www.autonvaraosahaku.fi\/index.php?rest_route=\/wp\/v2\/product"}],"about":[{"href":"https:\/\/www.autonvaraosahaku.fi\/index.php?rest_route=\/wp\/v2\/types\/product"}],"wp:attachment":[{"href":"https:\/\/www.autonvaraosahaku.fi\/index.php?rest_route=%2Fwp%2Fv2%2Fmedia&parent=10046"}],"wp:term":[{"taxonomy":"pwb-brand","embeddable":true,"href":"https:\/\/www.autonvaraosahaku.fi\/index.php?rest_route=%2Fwp%2Fv2%2Fpwb-brand&post=10046"},{"taxonomy":"product_cat","embeddable":true,"href":"https:\/\/www.autonvaraosahaku.fi\/index.php?rest_route=%2Fwp%2Fv2%2Fproduct_cat&post=10046"},{"taxonomy":"product_tag","embeddable":true,"href":"https:\/\/www.autonvaraosahaku.fi\/index.php?rest_route=%2Fwp%2Fv2%2Fproduct_tag&post=10046"}],"curies":[{"name":"wp","href":"https:\/\/api.w.org\/{rel}","templated":true}]}}