{"id":100577,"date":"2021-02-21T22:36:20","date_gmt":"2021-02-21T22:36:20","guid":{"rendered":"https:\/\/www.autonvaraosahaku.fi\/?product=bosch-0-242-236-595-sytytystulpat"},"modified":"2021-02-21T22:36:24","modified_gmt":"2021-02-21T22:36:24","slug":"bosch-0-242-236-595-sytytystulpat","status":"publish","type":"product","link":"https:\/\/www.autonvaraosahaku.fi\/?product=bosch-0-242-236-595-sytytystulpat","title":{"rendered":"Bosch 0 242 236 595 Sytytystulpat"},"content":{"rendered":"<p>K\u00e4rkiv\u00e4li (mm): 0,8; Kiristysmomentti: 28; Kiristyskulma [Grad]: 90; Ulkokierre [mm]: 14; Kierrenousu (mm): 1,25; Kierteen pituus (mm): 19; Avainv\u00e4li: 16; Kipin\u00e4et\u00e4isyys [mm]: 4; Napojen m\u00e4\u00e4r\u00e4: 1; Valmistusvuoteen: 03\/1992; MERCEDES-BENZ: SL R129; OPEL: OMEGA A 16_, 17_, 19_,ASTRA F CC 53_, 54_, 58_, 59_,VIVARO Kasten F7,ASTRA F Caravan 51_, 52_,VIVARO Combi J7,CALIBRA A 85_,VECTRA A 86_, 87_,KADETT E CC 33_, 34_, 43_, 44_,VECTRA A CC 88_, 89_,KADETT E Cabriolet 43B_,VIVARO Pritsche\/Fahrgestell E7; FORD: SIERRA GBG, GB4,SIERRA Schr\u00e4gheck GBC, GBG,SCORPIO I GAE, GGE,ESCORT III GAA,SCORPIO I Stufenheck GGE,SIERRA Kombi BNG,ESCORT III Kombi AWA; RENAULT: TWINGO I C06_,CLIO II BB0\/1\/2_, CB0\/1\/2_,CLIO III BR0\/1, CR0\/1,SC\u00c9NIC II JM0\/1_,KANGOO KC0\/1_,MEGANE III Grandtour KZ0\/1,MODUS \/ GRAND MODUS F\/JP0_,LAGUNA II Grandtour KG0\/1_,MEGANE II Kombi KM0\/1_,SC\u00c9NIC I JA0\/1_,MEGANE II Coup\u00e9-Cabriolet EM0\/1_,SC\u00c9NIC III JZ0\/1_,ESPACE III JE0_,LAGUNA III Grandtour KT0\/1,MEGANE Scenic JA0\/1_,MEGANE III Schr\u00e4gheck BZ0_,LAGUNA II BG0\/1_,MEGANE II BM0\/1_, CM0\/1_,GRAND SC\u00c9NIC III JZ0\/1_,MEGANE I BA0\/1_,MEGANE III Coupe DZ0\/1_,KANGOO \/ GRAND KANGOO KW0\/1_,KANGOO Express FC0\/1_,CLIO Grandtour KR0\/1_,GRAND SC\u00c9NIC II JM0\/1_,MEGANE I Grandtour KA0\/1_,MEGANE I Cabriolet EA0\/1_,LAGUNA I B56_, 556_,CLIO I B\/C57_, 5\/357_,LAGUNA I Grandtour K56_,LAGUNA III BT0\/1,KANGOO Express FW0\/1_,MEGANE II Stufenheck LM0\/1_,TWINGO I Kasten S06_,MEGANE I Classic LA0\/1_,MEGANE I Coach DA0\/1_,KANGOO BE BOP KW0\/1_,CLIO II Kasten SB0\/1\/2_,19 II B\/C53_,RAPID Kasten F40_, G40_,19 I B\/C53_,SAFRANE II B54_,SAFRANE I B54_,19 II Chamade L53_,19 I Chamade L53_,; FIAT: SEICENTO 187,DUCATO Pritsche\/Fahrgestell 230,DUCATO Bus 230,DUCATO Kasten 244,DOBLO Cargo 223,PUNTO 176,DUCATO Pritsche\/Fahrgestell 244,DUCATO Kasten 230L,CINQUECENTO 170,PANDA 141A_,DUCATO Bus 244, Z_,QUBO 225,BRAVO I 182,ULYSSE 220,PUNTO Cabriolet 176C,UNO 146A\/E,FIORINO Kasten\/Kombi 225,PALIO Weekend 178DX,FIORINO Kasten 146,SEICENTO Van 187,TIPO 160,PANDA Van 141_,TEMPRA 159,PUNTO Van 176L,TEMPRA S.W. 159,FIORINO Pick up 146,PALIO 178BX,SIENA 178_; SKODA: FABIA Combi 6Y5,FABIA 6Y2,OCTAVIA 1U2,FABIA Stufenheck 6Y3,FELICIA I 6U1,FELICIA II 6U1,FELICIA I Fun 797,FABIA Praktik,FELICIA I Kombi 6U5,FAVORIT 781,FAVORIT Forman 785,FAVORIT Pick-up 787; PEUGEOT: 206 Schr\u00e4gheck 2A\/C,207 WA_, WC_,307 SW 3H,307 3A\/C,207 SW WK_,206 SW 2E\/K,106 II 1,206+ T3E,307 Break 3E,306 Schr\u00e4gheck 7A, 7C, N3, N5,306 Cabriolet 7D, N3, N5,406 Break 8E\/F,1007 KM_,PARTNER Combispace 5F,106 I 1A, 1C,205 II 20A\/C,PARTNER Kasten 5,406 Coupe 8C,306 Break 7E, N3, N5,406 8B,806 221,BOXER Kasten 230L,BOXER Kasten 244,306 7B, N3, N5,205 I Cabriolet 741B, 20D,207 Stufenheck,EXPERT Kasten 222,206 Stufenheck,BIPPER AA_,309 II 3C, 3A,205 I 741A\/C,BIPPER Tepee,405 I 15B,BOXER Bus 230P,BOXER Bus 244, Z_,BOXER Pritsche\/Fahrgestell ZCT_,605 6B,EXPERT 224,405 II 4B,106 Van 1_,309 I 10C, 10A,306 Van N_, 7_,405 II Break 4E,405 I Break 15E,305 II 581M,305 II Break 581E,205 Kasten,207 Van,PARTNER Pritsche\/Fahrgestell,306 Kasten\/Schr\u00e4gheck; TOYOTA: LAND CRUISER 90 _J9_,COROLLA _E11_,PREVIA TCR2_, TCR1_,CAMRY _CV2_, _XV2_,CAMRY Station Wagon _CV2_, _XV2_; NISSAN: ALMERA II Hatchback N16,PRIMERA Traveller WP11,ALMERA Mk II N16,100 NX B13,SERENA C23M,PRIMERA Traveller W10,SUNNY II Hatchback N13,KUBISTAR Kasten X80,BLUEBIRD T72 , T12,SUNNY III Traveller Y10,BLUEBIRD Hatchback T72, T12,SUNNY II N13,BLUEBIRD Station Wagon WU11,BLUEBIRD U11,SUNNY Kasten Y10,SUNNY II Traveller B12; MAZDA: 626 V Hatchback GF,626 V GF,626 V Station Wagon GW,323 C IV BG,FAMILIA IV BF,626 III GD,626 III Hatchback GD,626 III Coupe GD,626 III Station Wagon GV; AGSP22YE09; Tulpat,Sytytystulppa<\/p>\n","protected":false},"excerpt":{"rendered":"<p>BOSCH Sytytystulpat 0 242 236 595 Tulpat,Sytytystulppa MERCEDES-BENZ,OPEL,FORD,SL R129,OMEGA A 16_, 17_, 19_,ASTRA F CC 53_, 54_, 58_, 59_<\/p>\n","protected":false},"featured_media":0,"template":"","meta":{"site-sidebar-layout":"default","site-content-layout":"default","ast-global-header-display":"","ast-main-header-display":"","ast-hfb-above-header-display":"","ast-hfb-below-header-display":"","ast-hfb-mobile-header-display":"","site-post-title":"","ast-breadcrumbs-content":"","ast-featured-img":"","footer-sml-layout":"","theme-transparent-header-meta":"","adv-header-id-meta":"","stick-header-meta":"","header-above-stick-meta":"","header-main-stick-meta":"","header-below-stick-meta":""},"pwb-brand":[534],"product_cat":[165],"product_tag":[],"class_list":{"0":"post-100577","1":"product","2":"type-product","3":"status-publish","5":"pwb-brand-bosch","6":"product_cat-sytytystulpat","7":"desktop-align-left","8":"tablet-align-left","9":"mobile-align-left","11":"first","12":"instock","13":"product-type-external"},"brands":[{"id":534,"name":"Bosch","slug":"bosch"}],"_links":{"self":[{"href":"https:\/\/www.autonvaraosahaku.fi\/index.php?rest_route=\/wp\/v2\/product\/100577","targetHints":{"allow":["GET"]}}],"collection":[{"href":"https:\/\/www.autonvaraosahaku.fi\/index.php?rest_route=\/wp\/v2\/product"}],"about":[{"href":"https:\/\/www.autonvaraosahaku.fi\/index.php?rest_route=\/wp\/v2\/types\/product"}],"wp:attachment":[{"href":"https:\/\/www.autonvaraosahaku.fi\/index.php?rest_route=%2Fwp%2Fv2%2Fmedia&parent=100577"}],"wp:term":[{"taxonomy":"pwb-brand","embeddable":true,"href":"https:\/\/www.autonvaraosahaku.fi\/index.php?rest_route=%2Fwp%2Fv2%2Fpwb-brand&post=100577"},{"taxonomy":"product_cat","embeddable":true,"href":"https:\/\/www.autonvaraosahaku.fi\/index.php?rest_route=%2Fwp%2Fv2%2Fproduct_cat&post=100577"},{"taxonomy":"product_tag","embeddable":true,"href":"https:\/\/www.autonvaraosahaku.fi\/index.php?rest_route=%2Fwp%2Fv2%2Fproduct_tag&post=100577"}],"curies":[{"name":"wp","href":"https:\/\/api.w.org\/{rel}","templated":true}]}}