{"id":100590,"date":"2021-02-21T22:36:29","date_gmt":"2021-02-21T22:36:29","guid":{"rendered":"https:\/\/www.autonvaraosahaku.fi\/?product=bosch-0-242-129-524-sytytystulpat"},"modified":"2021-02-21T22:36:29","modified_gmt":"2021-02-21T22:36:29","slug":"bosch-0-242-129-524-sytytystulpat","status":"publish","type":"product","link":"https:\/\/www.autonvaraosahaku.fi\/?product=bosch-0-242-129-524-sytytystulpat","title":{"rendered":"Bosch 0 242 129 524 Sytytystulpat"},"content":{"rendered":"<p>K\u00e4rkiv\u00e4li (mm): 1,0; Kiristysmomentti: 23; Kiristyskulma [Grad]: 90; Ulkokierre [mm]: 12; Kierrenousu (mm): 1,25; Kierteen pituus (mm): 26,5; Avainv\u00e4li: 16; Kipin\u00e4et\u00e4isyys [mm]: 5; Napojen m\u00e4\u00e4r\u00e4: 1; Moottorinumero: G4FD; HYUNDAI: ix35 LM, EL, ELH,i40 CW VF,i30 GD,i30 CW GD,i30 Coupe,VELOSTER FS,i40 VF,TUCSON,ACCENT IV RB,SONATA VI YF,GENESIS BH,ACCENT IV Stufenheck RB; KIA: SPORTAGE SL,CEE&#8217;D JD,CEE`D Sportswagon JD,CARENS IV,SOUL AM,PRO CEE\u00b4D JD,OPTIMA,SPORTAGE QL,SOUL II PS,BORREGO,CEE&#8217;D Combi Van JD; SUZUKI: IGNIS MF,SWIFT V AZ,BALENO FW, EW; 1884610060, 1884611060, 1884610060, 1884611060, 0948200647; Tulpat,Sytytystulppa<\/p>\n","protected":false},"excerpt":{"rendered":"<p>BOSCH Sytytystulpat 0 242 129 524 Tulpat,Sytytystulppa HYUNDAI,KIA,SUZUKI,ix35 LM, EL, ELH,i40 CW VF,i30 GD,i30 CW GD,i30 Coupe,VELOSTER FS,i40 VF<\/p>\n","protected":false},"featured_media":0,"template":"","meta":{"site-sidebar-layout":"default","site-content-layout":"default","ast-global-header-display":"","ast-main-header-display":"","ast-hfb-above-header-display":"","ast-hfb-below-header-display":"","ast-hfb-mobile-header-display":"","site-post-title":"","ast-breadcrumbs-content":"","ast-featured-img":"","footer-sml-layout":"","theme-transparent-header-meta":"","adv-header-id-meta":"","stick-header-meta":"","header-above-stick-meta":"","header-main-stick-meta":"","header-below-stick-meta":""},"pwb-brand":[534],"product_cat":[165],"product_tag":[],"class_list":{"0":"post-100590","1":"product","2":"type-product","3":"status-publish","5":"pwb-brand-bosch","6":"product_cat-sytytystulpat","7":"desktop-align-left","8":"tablet-align-left","9":"mobile-align-left","11":"first","12":"instock","13":"product-type-external"},"brands":[{"id":534,"name":"Bosch","slug":"bosch"}],"_links":{"self":[{"href":"https:\/\/www.autonvaraosahaku.fi\/index.php?rest_route=\/wp\/v2\/product\/100590","targetHints":{"allow":["GET"]}}],"collection":[{"href":"https:\/\/www.autonvaraosahaku.fi\/index.php?rest_route=\/wp\/v2\/product"}],"about":[{"href":"https:\/\/www.autonvaraosahaku.fi\/index.php?rest_route=\/wp\/v2\/types\/product"}],"wp:attachment":[{"href":"https:\/\/www.autonvaraosahaku.fi\/index.php?rest_route=%2Fwp%2Fv2%2Fmedia&parent=100590"}],"wp:term":[{"taxonomy":"pwb-brand","embeddable":true,"href":"https:\/\/www.autonvaraosahaku.fi\/index.php?rest_route=%2Fwp%2Fv2%2Fpwb-brand&post=100590"},{"taxonomy":"product_cat","embeddable":true,"href":"https:\/\/www.autonvaraosahaku.fi\/index.php?rest_route=%2Fwp%2Fv2%2Fproduct_cat&post=100590"},{"taxonomy":"product_tag","embeddable":true,"href":"https:\/\/www.autonvaraosahaku.fi\/index.php?rest_route=%2Fwp%2Fv2%2Fproduct_tag&post=100590"}],"curies":[{"name":"wp","href":"https:\/\/api.w.org\/{rel}","templated":true}]}}