{"id":100593,"date":"2021-02-21T22:36:29","date_gmt":"2021-02-21T22:36:29","guid":{"rendered":"https:\/\/www.autonvaraosahaku.fi\/?product=bosch-0-241-135-520-sytytystulpat"},"modified":"2021-02-21T22:36:30","modified_gmt":"2021-02-21T22:36:30","slug":"bosch-0-241-135-520-sytytystulpat","status":"publish","type":"product","link":"https:\/\/www.autonvaraosahaku.fi\/?product=bosch-0-241-135-520-sytytystulpat","title":{"rendered":"Bosch 0 241 135 520 Sytytystulpat"},"content":{"rendered":"<p>K\u00e4rkiv\u00e4li (mm): 1,0; Kiristysmomentti: 23; Kiristyskulma [Grad]: 90; Ulkokierre [mm]: 12; Kierrenousu (mm): 1,25; Kierteen pituus (mm): 19; Avainv\u00e4li: 16; Liittimet: Napf; Kipin\u00e4et\u00e4isyys [mm]: 5; Napojen m\u00e4\u00e4r\u00e4: 1; TECDOC-moottorinumero: 26238; VW: POLO 6R, 6C,GOLF VII 5G1, BE1,UP,GOLF VII Kombi BA5,JETTA IV 162, 163,POLO Stufenheck,GOLF SPORTSVAN AM1,CADDY IV Kombi SAB, SAJ,POLO Van 6R,POLO AW1, BZ1,CADDY IV Kasten SAA, SAH,LOAD UP,FOX; SKODA: OCTAVIA Combi 5E5,YETI 5L,CITIGO,RAPID Spaceback NH1,OCTAVIA 5E3,RAPID NH3,FABIA NJ3,FABIA Kombi NJ5; SEAT: IBIZA V 6J5, 6P5,LEON 5F1,LEON ST 5F8,IBIZA V ST 6J8, 6P8,Mii KF1_,IBIZA V SPORTCOUPE 6J1, 6P1,TOLEDO IV KG3,IBIZA V KJ1,ARONA KJ7; 04C905606, 04C905606A, 04C905616, 04C905616A, 04C905616D, 04C905606, 04C905606A, 04C905616, 04C905616A, 04C905616B, 04C905616D, 04C905606, 04C905606A, 04C905616, 04C905616A, 04C905616B, 04C905616C, 04C905616D, 04C905616F, 04C905616FR1B, 04C905626; Tulpat,Sytytystulppa<\/p>\n","protected":false},"excerpt":{"rendered":"<p>BOSCH Sytytystulpat 0 241 135 520 Tulpat,Sytytystulppa VW,SKODA,SEAT,POLO 6R, 6C,GOLF VII 5G1, BE1,UP,GOLF VII Kombi BA5,JETTA IV 162, 163<\/p>\n","protected":false},"featured_media":0,"template":"","meta":{"site-sidebar-layout":"default","site-content-layout":"default","ast-global-header-display":"","ast-main-header-display":"","ast-hfb-above-header-display":"","ast-hfb-below-header-display":"","ast-hfb-mobile-header-display":"","site-post-title":"","ast-breadcrumbs-content":"","ast-featured-img":"","footer-sml-layout":"","theme-transparent-header-meta":"","adv-header-id-meta":"","stick-header-meta":"","header-above-stick-meta":"","header-main-stick-meta":"","header-below-stick-meta":""},"pwb-brand":[534],"product_cat":[165],"product_tag":[],"class_list":{"0":"post-100593","1":"product","2":"type-product","3":"status-publish","5":"pwb-brand-bosch","6":"product_cat-sytytystulpat","7":"desktop-align-left","8":"tablet-align-left","9":"mobile-align-left","11":"first","12":"instock","13":"product-type-external"},"brands":[{"id":534,"name":"Bosch","slug":"bosch"}],"_links":{"self":[{"href":"https:\/\/www.autonvaraosahaku.fi\/index.php?rest_route=\/wp\/v2\/product\/100593","targetHints":{"allow":["GET"]}}],"collection":[{"href":"https:\/\/www.autonvaraosahaku.fi\/index.php?rest_route=\/wp\/v2\/product"}],"about":[{"href":"https:\/\/www.autonvaraosahaku.fi\/index.php?rest_route=\/wp\/v2\/types\/product"}],"wp:attachment":[{"href":"https:\/\/www.autonvaraosahaku.fi\/index.php?rest_route=%2Fwp%2Fv2%2Fmedia&parent=100593"}],"wp:term":[{"taxonomy":"pwb-brand","embeddable":true,"href":"https:\/\/www.autonvaraosahaku.fi\/index.php?rest_route=%2Fwp%2Fv2%2Fpwb-brand&post=100593"},{"taxonomy":"product_cat","embeddable":true,"href":"https:\/\/www.autonvaraosahaku.fi\/index.php?rest_route=%2Fwp%2Fv2%2Fproduct_cat&post=100593"},{"taxonomy":"product_tag","embeddable":true,"href":"https:\/\/www.autonvaraosahaku.fi\/index.php?rest_route=%2Fwp%2Fv2%2Fproduct_tag&post=100593"}],"curies":[{"name":"wp","href":"https:\/\/api.w.org\/{rel}","templated":true}]}}