{"id":10068,"date":"2021-02-21T14:07:44","date_gmt":"2021-02-21T14:07:44","guid":{"rendered":"https:\/\/www.autonvaraosahaku.fi\/?product=automega-190020110-tiivisteet"},"modified":"2021-02-21T14:07:45","modified_gmt":"2021-02-21T14:07:45","slug":"automega-190020110-tiivisteet","status":"publish","type":"product","link":"https:\/\/www.autonvaraosahaku.fi\/?product=automega-190020110-tiivisteet","title":{"rendered":"AUTOMEGA 190020110 Tiivisteet"},"content":{"rendered":"<p>Sis\u00e4l\u00e4pimitta [mm]: 18; Ulkol\u00e4pimitta [mm]: 30; Leveys (mm): 8; Vaihteistonumero: 3R; VW: GOLF IV 1J1,GOLF IV Variant 1J5,GOLF II 19E, 1G1,JETTA II 19E, 1G2, 165; 020301227D, 020301227F, 020301227D, 020301227F, 020301227D, 020301227F, 020301227D, 020301227F<\/p>\n","protected":false},"excerpt":{"rendered":"<p>AUTOMEGA Akselitiiviste, Vaihteisto 190020110  VW,GOLF IV 1J1,GOLF IV Variant 1J5,GOLF II 19E, 1G1,JETTA II 19E, 1G2, 165<\/p>\n","protected":false},"featured_media":0,"template":"","meta":{"site-sidebar-layout":"default","site-content-layout":"default","ast-global-header-display":"","ast-main-header-display":"","ast-hfb-above-header-display":"","ast-hfb-below-header-display":"","ast-hfb-mobile-header-display":"","site-post-title":"","ast-breadcrumbs-content":"","ast-featured-img":"","footer-sml-layout":"","theme-transparent-header-meta":"","adv-header-id-meta":"","stick-header-meta":"","header-above-stick-meta":"","header-main-stick-meta":"","header-below-stick-meta":""},"pwb-brand":[121],"product_cat":[27],"product_tag":[],"class_list":{"0":"post-10068","1":"product","2":"type-product","3":"status-publish","5":"pwb-brand-automega","6":"product_cat-tiivisteet","7":"desktop-align-left","8":"tablet-align-left","9":"mobile-align-left","11":"first","12":"instock","13":"product-type-external"},"brands":[{"id":121,"name":"AUTOMEGA","slug":"automega"}],"_links":{"self":[{"href":"https:\/\/www.autonvaraosahaku.fi\/index.php?rest_route=\/wp\/v2\/product\/10068","targetHints":{"allow":["GET"]}}],"collection":[{"href":"https:\/\/www.autonvaraosahaku.fi\/index.php?rest_route=\/wp\/v2\/product"}],"about":[{"href":"https:\/\/www.autonvaraosahaku.fi\/index.php?rest_route=\/wp\/v2\/types\/product"}],"wp:attachment":[{"href":"https:\/\/www.autonvaraosahaku.fi\/index.php?rest_route=%2Fwp%2Fv2%2Fmedia&parent=10068"}],"wp:term":[{"taxonomy":"pwb-brand","embeddable":true,"href":"https:\/\/www.autonvaraosahaku.fi\/index.php?rest_route=%2Fwp%2Fv2%2Fpwb-brand&post=10068"},{"taxonomy":"product_cat","embeddable":true,"href":"https:\/\/www.autonvaraosahaku.fi\/index.php?rest_route=%2Fwp%2Fv2%2Fproduct_cat&post=10068"},{"taxonomy":"product_tag","embeddable":true,"href":"https:\/\/www.autonvaraosahaku.fi\/index.php?rest_route=%2Fwp%2Fv2%2Fproduct_tag&post=10068"}],"curies":[{"name":"wp","href":"https:\/\/api.w.org\/{rel}","templated":true}]}}