{"id":10073,"date":"2021-02-21T14:07:44","date_gmt":"2021-02-21T14:07:44","guid":{"rendered":"https:\/\/www.autonvaraosahaku.fi\/?product=automega-130016610-hydraulinen-venttiilinnostin"},"modified":"2021-02-21T14:07:45","modified_gmt":"2021-02-21T14:07:45","slug":"automega-130016610-hydraulinen-venttiilinnostin","status":"publish","type":"product","link":"https:\/\/www.autonvaraosahaku.fi\/?product=automega-130016610-hydraulinen-venttiilinnostin","title":{"rendered":"AUTOMEGA 130016610 Hydraulinen venttiilinnostin"},"content":{"rendered":"<p>K\u00e4ytt\u00f6: Hydraulinen; Ulkol\u00e4pimitta [mm]: 12; Korkeus (mm): 34,7; Tarvittava kappalem\u00e4\u00e4r\u00e4: 16; VW: GOLF IV 1J1,GOLF V 1K1,TOURAN 1T1, 1T2,PASSAT Variant 3C5,GOLF PLUS 5M1, 521,PASSAT Variant 3B6,PASSAT 3C2,GOLF IV Variant 1J5,CADDY III Kombi 2KB, 2KJ, 2CB, 2CJ,TOUAREG 7LA, 7L6, 7L7,GOLF V Variant 1K5,CADDY III Kasten 2KA, 2KH, 2CA, 2CH,BORA 1J2,EOS 1F7, 1F8,NEW BEETLE 9C1, 1C1,PASSAT 3B3,BORA Kombi 1J6,NEW BEETLE Cabriolet 1Y7,JETTA III 1K2; MERCEDES-BENZ: C-CLASS W203,E-CLASS W211,C-CLASS W204,A-CLASS W169,B-CLASS W245,C-CLASS T-Model S204,C-CLASS T-Model S203,E-CLASS T-Model S211,E-CLASS W212,VIANO W639,B-CLASS W246, W242,M-CLASS W164,C-CLASS Coupe CL203,E-CLASS T-Model S212,GLK-CLASS X204,VITO Bus W639,SLK R171,A-CLASS W176,CLK C209,VITO \/ MIXTO Kasten W639,SPRINTER 3,5-t Kasten 906,S-CLASS W221,CLS C219,SL R230,R-CLASS W251, V251,M-CLASS W166,G-CLASS W463,E-CLASS Coupe C207,CLK Cabriolet A209,CLA Coupe C117,C-CLASS Coupe C204,SPRINTER 3,5-t Bus 906,SPRINTER 3-t Kasten 906,SLK R172,E-CLASS Cabriolet A207,CLC-CLASS CL203,GL-CLASS X164,CLS C218,SPRINTER 3,5-t Pritsche\/Fahrgestell 906,S-CLASS Coupe C216,SPRINTER 3-t Bus 906,CLS Shooting Brake X218,S-CLASS W222, V222, X222,SPRINTER 5-t Kasten 906,SPRINTER 5-t Pritsche\/Fahrgestell 906,GL-CLASS X166,SL R231,G-CLASS Cabrio W463,SPRINTER 3-t Pritsche\/Fahrgestell 906,SPRINTER 4,6-t Pritsche\/Fahrgestell 906,SPRINTER 4,6-t Kasten 906,GLA-CLASS X156; OPEL: VIVARO Kasten F7,VIVARO Combi J7,MOVANO B Kasten,VIVARO Pritsche\/Fahrgestell E7,MOVANO B Pritsche\/Fahrgestell; FORD: FIESTA V JH_, JD_,FIESTA VI,MONDEO IV Turnier BA7,S-MAX WA6,FOCUS III Turnier,GALAXY WA6,FUSION JU_,FOCUS III,C-MAX II,MONDEO IV BA7,GRAND C-MAX,B-MAX JK,ECOSPORT,FOCUS III Stufenheck,MONDEO IV Stufenheck BA7,FIESTA V Van,FIESTA VI Van,TOURNEO COURIER Kombi; RENAULT: SC\u00c9NIC II JM0\/1_,MEGANE III Grandtour KZ0\/1,ESPACE IV JK0\/1_,LAGUNA II Grandtour KG0\/1_,MEGANE II Kombi KM0\/1_,MEGANE II Coup\u00e9-Cabriolet EM0\/1_,SC\u00c9NIC III JZ0\/1_,LAGUNA III Grandtour KT0\/1,MEGANE III Schr\u00e4gheck BZ0_,LAGUNA II BG0\/1_,MEGANE II BM0\/1_, CM0\/1_,TRAFIC II Bus JL,GRAND SC\u00c9NIC III JZ0\/1_,TRAFIC II Kasten FL,MEGANE III Coupe DZ0\/1_,KOLEOS HY_,GRAND SC\u00c9NIC II JM0\/1_,LAGUNA III BT0\/1,MASTER III Kasten FV,MEGANE II Stufenheck LM0\/1_,MEGANE CC EZ0\/1_,VEL SATIS BJ0_,LAGUNA Coupe DT0\/1,MASTER III Bus JV,MASTER III Pritsche\/Fahrgestell EV, HV, UV,LATITUDE L70_,TRAFIC II Pritsche\/Fahrgestell EL; FIAT: DUCATO Bus 230,DUCATO Kasten 244,DUCATO Pritsche\/Fahrgestell 244,DUCATO Kasten 230L,DUCATO Bus 244, Z_,ULYSSE 220,SCUDO Kasten 220L,SCUDO Combinato 220P; PEUGEOT: 206 Schr\u00e4gheck 2A\/C,206 CC 2D,207 WA_, WC_,307 SW 3H,407 SW 6E_,307 3A\/C,107,308 SW,206 SW 2E\/K,208,206+ T3E,5008,307 Break 3E,508 SW,306 Schr\u00e4gheck 7A, 7C, N3, N5,607 9D, 9U,407 6D_,3008,406 Break 8E\/F,PARTNER Tepee,1007 KM_,PARTNER Combispace 5F,PARTNER Kasten 5,306 Break 7E, N3, N5,406 8B,806 221,508,BOXER Kasten 230L,EXPERT Kasten VF3A_, VF3U_, VF3X_,BOXER Kasten 244,306 7B, N3, N5,PARTNER Kasten,EXPERT Kasten 222,206 Stufenheck,BIPPER AA_,BIPPER Tepee,BOXER Bus 244, Z_,EXPERT 224,4008,BOXER Pritsche\/Fahrgestell 244,EXPERT Pritsche\/Fahrgestell; TOYOTA: AYGO WNB1_, KGB1_; HYUNDAI: i10 PA,i20 PB, PBT; CITRO\u00cbN: C1 PM_, PN_,BERLINGO MF,XSARA PICASSO N68,C2 JM_,C3 I FC_,BERLINGO B9,C5 III Break TD_,C8 EA_, EB_,C4 I LC_,DS3,BERLINGO Kasten M_,C5 II Break RE_,C3 Picasso,C5 I DC_,C5 I Break DE_,C5 III RD_,C3 II,XSARA N1,C4 Coupe LA_,C3 Pluriel HB_,C4 II B7,C5 II RC_,XSARA Break N2,BERLINGO Kasten B9,JUMPER Kasten 244,C6 TD_,C4 Grand Picasso II,C4 Picasso II,XANTIA X2,DS4,XSARA Coupe N0,NEMO Kasten AA_,DS5,EVASION 22, U6,C4 Stufenheck L,XANTIA Break X2,C4 AIRCROSS,NEMO Kombi,JUMPY U6U,JUMPY Kasten BS_, BT_, BY_, BZ_,JUMPER Kasten 230L,JUMPER Bus 244, Z_,DS3 Cabriolet,JUMPER Pritsche\/Fahrgestell 244,JUMPY Pritsche\/Fahrgestell BU_, BV_, BW_, BX_; 9464396380, 9632372480, 022109423A, 022109423D, 22109423A, 22109423D, 9464396380, 9632372480, 05175440AA, 5175440AA, 094253, 94242, 94252, 94253, 7701062312, 9464396380, 9632372480, 1146061, 1487788, 1489315, 14580R9G0030, 222312A000, 2461003000, 222312A000, 2461003000, 9464396380, 9632372480, Y40112101A, 6420500080, MN960097, MN982505, 1323400Q0A, 94242, 94252, 94253, 7701062312, 022109423A, 022109423D, 022109423A, 022109423D, 6420500080, 022109423A, 022109423D; Venttiilinnostin<\/p>\n","protected":false},"excerpt":{"rendered":"<p>AUTOMEGA Hydraulinen Venttiilinnostin 130016610 Venttiilinnostin VW,MERCEDES-BENZ,OPEL,GOLF IV 1J1,GOLF V 1K1,TOURAN 1T1, 1T2,PASSAT Variant 3C5<\/p>\n","protected":false},"featured_media":0,"template":"","meta":{"site-sidebar-layout":"default","site-content-layout":"default","ast-global-header-display":"","ast-main-header-display":"","ast-hfb-above-header-display":"","ast-hfb-below-header-display":"","ast-hfb-mobile-header-display":"","site-post-title":"","ast-breadcrumbs-content":"","ast-featured-img":"","footer-sml-layout":"","theme-transparent-header-meta":"","adv-header-id-meta":"","stick-header-meta":"","header-above-stick-meta":"","header-main-stick-meta":"","header-below-stick-meta":""},"pwb-brand":[121],"product_cat":[126],"product_tag":[],"class_list":{"0":"post-10073","1":"product","2":"type-product","3":"status-publish","5":"pwb-brand-automega","6":"product_cat-hydraulinen-venttiilinnostin","7":"desktop-align-left","8":"tablet-align-left","9":"mobile-align-left","11":"first","12":"instock","13":"product-type-external"},"brands":[{"id":121,"name":"AUTOMEGA","slug":"automega"}],"_links":{"self":[{"href":"https:\/\/www.autonvaraosahaku.fi\/index.php?rest_route=\/wp\/v2\/product\/10073","targetHints":{"allow":["GET"]}}],"collection":[{"href":"https:\/\/www.autonvaraosahaku.fi\/index.php?rest_route=\/wp\/v2\/product"}],"about":[{"href":"https:\/\/www.autonvaraosahaku.fi\/index.php?rest_route=\/wp\/v2\/types\/product"}],"wp:attachment":[{"href":"https:\/\/www.autonvaraosahaku.fi\/index.php?rest_route=%2Fwp%2Fv2%2Fmedia&parent=10073"}],"wp:term":[{"taxonomy":"pwb-brand","embeddable":true,"href":"https:\/\/www.autonvaraosahaku.fi\/index.php?rest_route=%2Fwp%2Fv2%2Fpwb-brand&post=10073"},{"taxonomy":"product_cat","embeddable":true,"href":"https:\/\/www.autonvaraosahaku.fi\/index.php?rest_route=%2Fwp%2Fv2%2Fproduct_cat&post=10073"},{"taxonomy":"product_tag","embeddable":true,"href":"https:\/\/www.autonvaraosahaku.fi\/index.php?rest_route=%2Fwp%2Fv2%2Fproduct_tag&post=10073"}],"curies":[{"name":"wp","href":"https:\/\/api.w.org\/{rel}","templated":true}]}}