{"id":100767,"date":"2021-02-21T22:37:38","date_gmt":"2021-02-21T22:37:38","guid":{"rendered":"https:\/\/www.autonvaraosahaku.fi\/?product=bosch-0-258-030-046-lambda-anturi"},"modified":"2021-02-21T22:37:44","modified_gmt":"2021-02-21T22:37:44","slug":"bosch-0-258-030-046-lambda-anturi","status":"publish","type":"product","link":"https:\/\/www.autonvaraosahaku.fi\/?product=bosch-0-258-030-046-lambda-anturi","title":{"rendered":"Bosch 0 258 030 046 Lambda anturi"},"content":{"rendered":"<p>Johtojen lukum\u00e4\u00e4r\u00e4: 4; Kokonaispituus (mm): 550; Valmistusvuoteen: 05\/2018; BMW: 5 Touring F11,5 F10, F18,1 F20,3 Touring F31,3 F30, F35, F80,1 F21,5 Gran Turismo F07,3 Gran Turismo F34,4 Coupe F32, F82,X5 F15, F85,2 Coupe F22,6 Gran Coupe F06,6 Coupe F13,4 Cabriolet F33, F83,6 Cabriolet F12,4 Gran Coupe F36,X4 F26,2 Cabriolet F23,X6 F16, F86; 11787645875, 764587502; Lambdatunnistin,Happianturi<\/p>\n","protected":false},"excerpt":{"rendered":"<p>BOSCH Lambda Anturi 0 258 030 046 Lambdatunnistin,Happianturi BMW,5 Touring F11,5 F10, F18,1 F20,3 Touring F31,3 F30, F35, F80,1 F21<\/p>\n","protected":false},"featured_media":0,"template":"","meta":{"site-sidebar-layout":"default","site-content-layout":"default","ast-global-header-display":"","ast-main-header-display":"","ast-hfb-above-header-display":"","ast-hfb-below-header-display":"","ast-hfb-mobile-header-display":"","site-post-title":"","ast-breadcrumbs-content":"","ast-featured-img":"","footer-sml-layout":"","theme-transparent-header-meta":"","adv-header-id-meta":"","stick-header-meta":"","header-above-stick-meta":"","header-main-stick-meta":"","header-below-stick-meta":""},"pwb-brand":[534],"product_cat":[264],"product_tag":[],"class_list":{"0":"post-100767","1":"product","2":"type-product","3":"status-publish","5":"pwb-brand-bosch","6":"product_cat-lambda-anturi","7":"desktop-align-left","8":"tablet-align-left","9":"mobile-align-left","11":"first","12":"instock","13":"product-type-external"},"brands":[{"id":534,"name":"Bosch","slug":"bosch"}],"_links":{"self":[{"href":"https:\/\/www.autonvaraosahaku.fi\/index.php?rest_route=\/wp\/v2\/product\/100767","targetHints":{"allow":["GET"]}}],"collection":[{"href":"https:\/\/www.autonvaraosahaku.fi\/index.php?rest_route=\/wp\/v2\/product"}],"about":[{"href":"https:\/\/www.autonvaraosahaku.fi\/index.php?rest_route=\/wp\/v2\/types\/product"}],"wp:attachment":[{"href":"https:\/\/www.autonvaraosahaku.fi\/index.php?rest_route=%2Fwp%2Fv2%2Fmedia&parent=100767"}],"wp:term":[{"taxonomy":"pwb-brand","embeddable":true,"href":"https:\/\/www.autonvaraosahaku.fi\/index.php?rest_route=%2Fwp%2Fv2%2Fpwb-brand&post=100767"},{"taxonomy":"product_cat","embeddable":true,"href":"https:\/\/www.autonvaraosahaku.fi\/index.php?rest_route=%2Fwp%2Fv2%2Fproduct_cat&post=100767"},{"taxonomy":"product_tag","embeddable":true,"href":"https:\/\/www.autonvaraosahaku.fi\/index.php?rest_route=%2Fwp%2Fv2%2Fproduct_tag&post=100767"}],"curies":[{"name":"wp","href":"https:\/\/api.w.org\/{rel}","templated":true}]}}