{"id":10080,"date":"2021-02-21T14:07:47","date_gmt":"2021-02-21T14:07:47","guid":{"rendered":"https:\/\/www.autonvaraosahaku.fi\/?product=elwis-royal-1526587-venttiilikopan-tiiviste"},"modified":"2021-02-21T14:07:47","modified_gmt":"2021-02-21T14:07:47","slug":"elwis-royal-1526587-venttiilikopan-tiiviste","status":"publish","type":"product","link":"https:\/\/www.autonvaraosahaku.fi\/?product=elwis-royal-1526587-venttiilikopan-tiiviste","title":{"rendered":"ELWIS ROYAL 1526587 Venttiilikopan tiiviste"},"content":{"rendered":"<p>Tarvittava kappalem\u00e4\u00e4r\u00e4: 1; OPEL: FRONTERA A Sport 5_SUD2,FRONTERA A 5_MWL4; FORD: SCORPIO II GFR, GGR,SCORPIO II Kombi GNR, GGR; ALFA ROMEO: 164 164,155 167; JEEP: GRAND CHEROKEE I ZJ,CHEROKEE XJ; CHRYSLER: VOYAGER III GS,VOYAGER II ES; DODGE: CARAVAN NS; VAUXHALL: FRONTERA Mk I A,FRONTERA Mk I A Sport; 04863789AC, 60616993, 60778979, 04863789AC, 04863789AC, 1690030, 04863789AC, 04863789AC; Tiiviste, Venttiilikoppa<\/p>\n","protected":false},"excerpt":{"rendered":"<p>ELWIS ROYAL Venttiilikopan Tiiviste 1526587 Tiiviste, Venttiilikoppa OPEL,FORD,ALFA ROMEO,FRONTERA A Sport 5_SUD2,FRONTERA A 5_MWL4<\/p>\n","protected":false},"featured_media":0,"template":"","meta":{"site-sidebar-layout":"default","site-content-layout":"default","ast-global-header-display":"","ast-main-header-display":"","ast-hfb-above-header-display":"","ast-hfb-below-header-display":"","ast-hfb-mobile-header-display":"","site-post-title":"","ast-breadcrumbs-content":"","ast-featured-img":"","footer-sml-layout":"","theme-transparent-header-meta":"","adv-header-id-meta":"","stick-header-meta":"","header-above-stick-meta":"","header-main-stick-meta":"","header-below-stick-meta":""},"pwb-brand":[120],"product_cat":[44],"product_tag":[],"class_list":{"0":"post-10080","1":"product","2":"type-product","3":"status-publish","5":"pwb-brand-elwis-royal","6":"product_cat-venttiilikopan-tiiviste","7":"desktop-align-left","8":"tablet-align-left","9":"mobile-align-left","11":"first","12":"instock","13":"product-type-external"},"brands":[{"id":120,"name":"ELWIS ROYAL","slug":"elwis-royal"}],"_links":{"self":[{"href":"https:\/\/www.autonvaraosahaku.fi\/index.php?rest_route=\/wp\/v2\/product\/10080","targetHints":{"allow":["GET"]}}],"collection":[{"href":"https:\/\/www.autonvaraosahaku.fi\/index.php?rest_route=\/wp\/v2\/product"}],"about":[{"href":"https:\/\/www.autonvaraosahaku.fi\/index.php?rest_route=\/wp\/v2\/types\/product"}],"wp:attachment":[{"href":"https:\/\/www.autonvaraosahaku.fi\/index.php?rest_route=%2Fwp%2Fv2%2Fmedia&parent=10080"}],"wp:term":[{"taxonomy":"pwb-brand","embeddable":true,"href":"https:\/\/www.autonvaraosahaku.fi\/index.php?rest_route=%2Fwp%2Fv2%2Fpwb-brand&post=10080"},{"taxonomy":"product_cat","embeddable":true,"href":"https:\/\/www.autonvaraosahaku.fi\/index.php?rest_route=%2Fwp%2Fv2%2Fproduct_cat&post=10080"},{"taxonomy":"product_tag","embeddable":true,"href":"https:\/\/www.autonvaraosahaku.fi\/index.php?rest_route=%2Fwp%2Fv2%2Fproduct_tag&post=10080"}],"curies":[{"name":"wp","href":"https:\/\/api.w.org\/{rel}","templated":true}]}}