{"id":100800,"date":"2021-02-21T22:37:55","date_gmt":"2021-02-21T22:37:55","guid":{"rendered":"https:\/\/www.autonvaraosahaku.fi\/?product=bosch-0-242-236-633-sytytystulpat"},"modified":"2021-02-21T22:37:59","modified_gmt":"2021-02-21T22:37:59","slug":"bosch-0-242-236-633-sytytystulpat","status":"publish","type":"product","link":"https:\/\/www.autonvaraosahaku.fi\/?product=bosch-0-242-236-633-sytytystulpat","title":{"rendered":"Bosch 0 242 236 633 Sytytystulpat"},"content":{"rendered":"<p>K\u00e4rkiv\u00e4li (mm): 1,2; Kiristysmomentti: 20; Kiristyskulma [Grad]: 15; Ulkokierre [mm]: 14; Kierrenousu (mm): 1,25; Kierteen pituus (mm): 25; Avainv\u00e4li: 16; Kipin\u00e4et\u00e4isyys [mm]: 3; Napojen m\u00e4\u00e4r\u00e4: 1; Valmistusvuoteen: 03\/2015; FORD: FIESTA V JH_, JD_,FOCUS II Kombi DA_,FIESTA VI,MONDEO IV Turnier BA7,FOCUS Kombi DNW,FOCUS II DA_,FOCUS DAW, DBW,FOCUS III Turnier,FOCUS C-MAX,FUSION JU_,KA RB_,C-MAX DM2,FOCUS III,C-MAX II,MONDEO IV BA7,FIESTA Stufenheck JA8 JR8,GRAND C-MAX,FOCUS Stufenheck DFW,STREET KA RL2,FOCUS II Stufenheck DA_,B-MAX JK,FOCUS II Cabriolet,FOCUS III Stufenheck,MONDEO IV Stufenheck BA7,FIESTA V Van,FIESTA VI Van,B-MAX Van,FOCUS III Kasten\/Schr\u00e4gheck,KA,KA + Stufenheck; 1787829, 1903144, 4M5G12405AA, YN2F12405AA; Tulpat,Sytytystulppa<\/p>\n","protected":false},"excerpt":{"rendered":"<p>BOSCH Sytytystulpat 0 242 236 633 Tulpat,Sytytystulppa FORD,FIESTA V JH_, JD_,FOCUS II Kombi DA_,FIESTA VI,MONDEO IV Turnier BA7,FOCUS Kombi DNW<\/p>\n","protected":false},"featured_media":0,"template":"","meta":{"site-sidebar-layout":"default","site-content-layout":"default","ast-global-header-display":"","ast-main-header-display":"","ast-hfb-above-header-display":"","ast-hfb-below-header-display":"","ast-hfb-mobile-header-display":"","site-post-title":"","ast-breadcrumbs-content":"","ast-featured-img":"","footer-sml-layout":"","theme-transparent-header-meta":"","adv-header-id-meta":"","stick-header-meta":"","header-above-stick-meta":"","header-main-stick-meta":"","header-below-stick-meta":""},"pwb-brand":[534],"product_cat":[165],"product_tag":[],"class_list":{"0":"post-100800","1":"product","2":"type-product","3":"status-publish","5":"pwb-brand-bosch","6":"product_cat-sytytystulpat","7":"desktop-align-left","8":"tablet-align-left","9":"mobile-align-left","11":"first","12":"instock","13":"product-type-external"},"brands":[{"id":534,"name":"Bosch","slug":"bosch"}],"_links":{"self":[{"href":"https:\/\/www.autonvaraosahaku.fi\/index.php?rest_route=\/wp\/v2\/product\/100800","targetHints":{"allow":["GET"]}}],"collection":[{"href":"https:\/\/www.autonvaraosahaku.fi\/index.php?rest_route=\/wp\/v2\/product"}],"about":[{"href":"https:\/\/www.autonvaraosahaku.fi\/index.php?rest_route=\/wp\/v2\/types\/product"}],"wp:attachment":[{"href":"https:\/\/www.autonvaraosahaku.fi\/index.php?rest_route=%2Fwp%2Fv2%2Fmedia&parent=100800"}],"wp:term":[{"taxonomy":"pwb-brand","embeddable":true,"href":"https:\/\/www.autonvaraosahaku.fi\/index.php?rest_route=%2Fwp%2Fv2%2Fpwb-brand&post=100800"},{"taxonomy":"product_cat","embeddable":true,"href":"https:\/\/www.autonvaraosahaku.fi\/index.php?rest_route=%2Fwp%2Fv2%2Fproduct_cat&post=100800"},{"taxonomy":"product_tag","embeddable":true,"href":"https:\/\/www.autonvaraosahaku.fi\/index.php?rest_route=%2Fwp%2Fv2%2Fproduct_tag&post=100800"}],"curies":[{"name":"wp","href":"https:\/\/api.w.org\/{rel}","templated":true}]}}