{"id":10081,"date":"2021-02-21T14:07:47","date_gmt":"2021-02-21T14:07:47","guid":{"rendered":"https:\/\/www.autonvaraosahaku.fi\/?product=dt-12-16025-oljynsuodatin"},"modified":"2021-02-21T14:07:47","modified_gmt":"2021-02-21T14:07:47","slug":"dt-12-16025-oljynsuodatin","status":"publish","type":"product","link":"https:\/\/www.autonvaraosahaku.fi\/?product=dt-12-16025-oljynsuodatin","title":{"rendered":"DT 12.16025 \u00d6ljynsuodatin"},"content":{"rendered":"<p>Paino [g]: 40; Suodatintyyppi: Suodatinpanos; Sis\u00e4l\u00e4pimitta [mm]: 24; Ulkol\u00e4pimitta [mm]: 64; Korkeus (mm): 69; LAND ROVER: FREELANDER 2 FA_,DEFENDER Station Wagon LD,RANGE ROVER EVOQUE LV,DEFENDER Pick-up LD_,DEFENDER Cabrio LD,DEFENDER Pritsche\/Fahrgestell LD,DISCOVERY SPORT LC; VOLVO: V50 MW,V70 III BW,C30,S40 II MS,C70 II Cabriolet,XC70 II,S80 II AS; MINI: MINI R56,MINI CLUBMAN R55,MINI Cabriolet R57,MINI COUNTRYMAN R60,MINI Coupe R58,MINI Roadster R59,MINI PACEMAN R61,MINI CLUBVAN R55; JAGUAR: XF _J05_, CC9,XF SPORTBRAKE CC9; LANCIA: PHEDRA 179; FORD: FOCUS II Kombi DA_,MONDEO IV Turnier BA7,FOCUS II DA_,S-MAX WA6,FOCUS III Turnier,FOCUS C-MAX,GALAXY WA6,KUGA I,C-MAX DM2,FOCUS III,TRANSIT MK-7 Kasten,C-MAX II,MONDEO IV BA7,KUGA II DM2,GRAND C-MAX,TRANSIT MK-7 Bus,TRANSIT Kasten FA_ _,FOCUS II Stufenheck DA_,TRANSIT Bus FD_ _, FB_ _, FS_ _, FZ_ _, FC_ _,FOCUS II Cabriolet,TRANSIT MK-7 Pritsche\/Fahrgestell,TRANSIT Pritsche\/Fahrgestell FM_ _, FN_ _,FOCUS III Stufenheck,TRANSIT CUSTOM Kasten,TOURNEO CUSTOM Bus,MONDEO IV Stufenheck BA7,TRANSIT TOURNEO FB,TRANSIT CUSTOM Bus,TRANSIT Custom Pritsche\/Fahrgestell; TOYOTA: PROACE Kasten\/Kombi; FIAT: DUCATO Kasten 250,DUCATO Pritsche\/Fahrgestell 250,DUCATO Bus 250,SCUDO 270_,ULYSSE 179AX,QUBO 225,SCUDO Kasten 270_,FIORINO Kasten\/Kombi 225,SCUDO Pritsche\/Fahrgestell 270_; CITRO\u00cbN: C1 PM_, PN_,BERLINGO MF,XSARA PICASSO N68,C2 JM_,C3 I FC_,BERLINGO B9,C5 III Break TD_,C4 Picasso I UD_,C4 Grand Picasso I UA_,C8 EA_, EB_,C4 I LC_,JUMPER Kasten,DS3,BERLINGO Kasten M_,C5 II Break RE_,C3 Picasso,C5 III RD_,C3 II,XSARA N1,C4 Coupe LA_,C3 Pluriel HB_,C4 II B7,C5 II RC_,C-CROSSER EP_,XSARA Break N2,JUMPY,BERLINGO Kasten B9,C6 TD_,JUMPY Kasten,C4 Grand Picasso II,C4 Picasso II,DS4,XSARA Coupe N0,NEMO Kasten AA_,JUMPER Bus,DS5,C4 Stufenheck L,JUMPER Pritsche\/Fahrgestell,NEMO Kombi,C-CROSSER ENTERPRISE,DS3 Cabriolet,C-ELYSEE; PEUGEOT: 206 Schr\u00e4gheck 2A\/C,206 CC 2D,207 WA_, WC_,307 SW 3H,207 CC WD_,307 CC 3B,407 SW 6E_,307 3A\/C,207 SW WK_,107,308 SW,206 SW 2E\/K,208,807 E,206+ T3E,308 4A_, 4C_,BOXER Kasten,5008,307 Break 3E,508 SW,607 9D, 9U,407 6D_,3008,PARTNER Tepee,RCZ,308 CC,1007 KM_,PARTNER Combispace 5F,4007 GP_,2008,PARTNER Kasten 5,508,407 Coupe 6C_,EXPERT Tepee VF3V_,EXPERT Kasten VF3A_, VF3U_, VF3X_,PARTNER Kasten,BOXER Bus,206 Stufenheck,BOXER Pritsche\/Fahrgestell,BIPPER AA_,308 II,BIPPER Tepee,301,308 SW II,EXPERT Pritsche\/Fahrgestell,3008 SUV,5008 II; 11427557012, 11427622446, 7622446, 01109A, 0119X4, 1109AH, 1109AJ, 1109CK, 1109CL, 1109L6, 1109X3, 1109X4, 1109Y9, 1109Z0, 1109Z1, 1109Z2, 9467645080, 9467645180, 9818914980, 982324, 1109AH, 9467521180, 9467558380, 9662282580, 1256739, 1303476, 1373069, 1427824, 1427846, 1717510, 1727561, 3M5Q6744AA, 6C1Q6744AA, 6C1Q6744BA, 9662282580, C2S43999, C2S52524, 9467521180, 9467558380, 9662282580, LR001247, LR001261, LR004459, LR028438, LR030778, 11427557012, 11427622446, MN982159, MN982324, MN982380, MN982419, TS200007, 01109A, 0119X4, 1109AH, 1109AJ, 1109CK, 1109CL, 1109L6, 1109X3, 1109X4, 1109Y9, 1109Z0, 1109Z1, 1109Z2, 9467645080, 9467645180, 9818914980, 982324, LR001247, LR004459, SU001A0178, 30650798, 31372700, 31375029<\/p>\n","protected":false},"excerpt":{"rendered":"<p>DT \u00d6ljynsuodatin 12.16025  LAND ROVER,VOLVO,MINI,FREELANDER 2 FA_,DEFENDER Station Wagon LD,RANGE ROVER EVOQUE LV,DEFENDER Pick-up LD_<\/p>\n","protected":false},"featured_media":0,"template":"","meta":{"site-sidebar-layout":"default","site-content-layout":"default","ast-global-header-display":"","ast-main-header-display":"","ast-hfb-above-header-display":"","ast-hfb-below-header-display":"","ast-hfb-mobile-header-display":"","site-post-title":"","ast-breadcrumbs-content":"","ast-featured-img":"","footer-sml-layout":"","theme-transparent-header-meta":"","adv-header-id-meta":"","stick-header-meta":"","header-above-stick-meta":"","header-main-stick-meta":"","header-below-stick-meta":""},"pwb-brand":[75],"product_cat":[30],"product_tag":[],"class_list":{"0":"post-10081","1":"product","2":"type-product","3":"status-publish","5":"pwb-brand-dt","6":"product_cat-oljynsuodatin","7":"desktop-align-left","8":"tablet-align-left","9":"mobile-align-left","11":"first","12":"instock","13":"product-type-external"},"brands":[{"id":75,"name":"DT","slug":"dt"}],"_links":{"self":[{"href":"https:\/\/www.autonvaraosahaku.fi\/index.php?rest_route=\/wp\/v2\/product\/10081","targetHints":{"allow":["GET"]}}],"collection":[{"href":"https:\/\/www.autonvaraosahaku.fi\/index.php?rest_route=\/wp\/v2\/product"}],"about":[{"href":"https:\/\/www.autonvaraosahaku.fi\/index.php?rest_route=\/wp\/v2\/types\/product"}],"wp:attachment":[{"href":"https:\/\/www.autonvaraosahaku.fi\/index.php?rest_route=%2Fwp%2Fv2%2Fmedia&parent=10081"}],"wp:term":[{"taxonomy":"pwb-brand","embeddable":true,"href":"https:\/\/www.autonvaraosahaku.fi\/index.php?rest_route=%2Fwp%2Fv2%2Fpwb-brand&post=10081"},{"taxonomy":"product_cat","embeddable":true,"href":"https:\/\/www.autonvaraosahaku.fi\/index.php?rest_route=%2Fwp%2Fv2%2Fproduct_cat&post=10081"},{"taxonomy":"product_tag","embeddable":true,"href":"https:\/\/www.autonvaraosahaku.fi\/index.php?rest_route=%2Fwp%2Fv2%2Fproduct_tag&post=10081"}],"curies":[{"name":"wp","href":"https:\/\/api.w.org\/{rel}","templated":true}]}}