{"id":100815,"date":"2021-02-21T22:38:03","date_gmt":"2021-02-21T22:38:03","guid":{"rendered":"https:\/\/www.autonvaraosahaku.fi\/?product=bosch-0-242-135-517-sytytystulpat"},"modified":"2021-02-21T22:38:05","modified_gmt":"2021-02-21T22:38:05","slug":"bosch-0-242-135-517-sytytystulpat","status":"publish","type":"product","link":"https:\/\/www.autonvaraosahaku.fi\/?product=bosch-0-242-135-517-sytytystulpat","title":{"rendered":"Bosch 0 242 135 517 Sytytystulpat"},"content":{"rendered":"<p>K\u00e4rkiv\u00e4li (mm): 0,7; Kiristysmomentti: 23; Kiristyskulma [Grad]: 90; Ulkokierre [mm]: 12; Kierrenousu (mm): 1,25; Kierteen pituus (mm): 26,5; Avainv\u00e4li: 14; Kipin\u00e4et\u00e4isyys [mm]: 4; Napojen m\u00e4\u00e4r\u00e4: 1; Valmistusvuoteen: 12\/2015; NISSAN: JUKE F15,QASHQAI J11, J11_,KUBISTAR Kasten X80,PULSAR Schr\u00e4gheck C13,MICRA V K14; DACIA: DUSTER,SANDERO,SANDERO II,LODGY,LOGAN MCV II,DOKKER,LOGAN LS_,DOKKER Express,LOGAN II,DUSTER Kasten; SMART: FORTWO Coupe 453,FORFOUR Schr\u00e4gheck 453,FORTWO Cabriolet 453; CITRO\u00cbN: C2 JM_,C3 I FC_,C4 I LC_,C4 Coupe LA_; PEUGEOT: 206 Schr\u00e4gheck 2A\/C,207 WA_, WC_,307 SW 3H,307 3A\/C,206 SW 2E\/K,307 Break 3E,1007 KM_; RENAULT: TWINGO I C06_,CLIO II BB0\/1\/2_, CB0\/1\/2_,CLIO III BR0\/1, CR0\/1,KANGOO KC0\/1_,MEGANE III Grandtour KZ0\/1,MODUS \/ GRAND MODUS F\/JP0_,SC\u00c9NIC III JZ0\/1_,CLIO IV,MEGANE III Schr\u00e4gheck BZ0_,GRAND SC\u00c9NIC III JZ0\/1_,MEGANE III Coupe DZ0\/1_,KANGOO \/ GRAND KANGOO KW0\/1_,KANGOO Express FC0\/1_,CLIO Grandtour KR0\/1_,CAPTUR,KANGOO Express FW0\/1_,TWINGO I Kasten S06_,CLIO Grandtour IV,MEGANE CC EZ0\/1_,THALIA I LB0\/1\/2_,CLIO III Kasten SB_, SR_,TWINGO III,THALIA II LU1\/2_,KADJAR,MEGANE IV B9A\/M_,MEGANE IV Grandtour K9A\/M_,CLIO IV Kasten,GRAND SC\u00c9NIC IV R9_,SC\u00c9NIC IV J9_,MEGANE IV Stufenheck,SANDERO\/STEPWAY II,LOGAN II Kombi,LOGAN II,THALIA III; 224019133R, 2240100Q0G, 224012047R, 224012377R, 224012047R, 224019133R, 2811590003, A2811590003; Tulpat,Sytytystulppa<\/p>\n","protected":false},"excerpt":{"rendered":"<p>BOSCH Sytytystulpat 0 242 135 517 Tulpat,Sytytystulppa NISSAN,DACIA,SMART,JUKE F15,QASHQAI J11, J11_,KUBISTAR Kasten X80,PULSAR Schr\u00e4gheck C13<\/p>\n","protected":false},"featured_media":0,"template":"","meta":{"site-sidebar-layout":"default","site-content-layout":"default","ast-global-header-display":"","ast-main-header-display":"","ast-hfb-above-header-display":"","ast-hfb-below-header-display":"","ast-hfb-mobile-header-display":"","site-post-title":"","ast-breadcrumbs-content":"","ast-featured-img":"","footer-sml-layout":"","theme-transparent-header-meta":"","adv-header-id-meta":"","stick-header-meta":"","header-above-stick-meta":"","header-main-stick-meta":"","header-below-stick-meta":""},"pwb-brand":[534],"product_cat":[165],"product_tag":[],"class_list":{"0":"post-100815","1":"product","2":"type-product","3":"status-publish","5":"pwb-brand-bosch","6":"product_cat-sytytystulpat","7":"desktop-align-left","8":"tablet-align-left","9":"mobile-align-left","11":"first","12":"instock","13":"product-type-external"},"brands":[{"id":534,"name":"Bosch","slug":"bosch"}],"_links":{"self":[{"href":"https:\/\/www.autonvaraosahaku.fi\/index.php?rest_route=\/wp\/v2\/product\/100815","targetHints":{"allow":["GET"]}}],"collection":[{"href":"https:\/\/www.autonvaraosahaku.fi\/index.php?rest_route=\/wp\/v2\/product"}],"about":[{"href":"https:\/\/www.autonvaraosahaku.fi\/index.php?rest_route=\/wp\/v2\/types\/product"}],"wp:attachment":[{"href":"https:\/\/www.autonvaraosahaku.fi\/index.php?rest_route=%2Fwp%2Fv2%2Fmedia&parent=100815"}],"wp:term":[{"taxonomy":"pwb-brand","embeddable":true,"href":"https:\/\/www.autonvaraosahaku.fi\/index.php?rest_route=%2Fwp%2Fv2%2Fpwb-brand&post=100815"},{"taxonomy":"product_cat","embeddable":true,"href":"https:\/\/www.autonvaraosahaku.fi\/index.php?rest_route=%2Fwp%2Fv2%2Fproduct_cat&post=100815"},{"taxonomy":"product_tag","embeddable":true,"href":"https:\/\/www.autonvaraosahaku.fi\/index.php?rest_route=%2Fwp%2Fv2%2Fproduct_tag&post=100815"}],"curies":[{"name":"wp","href":"https:\/\/api.w.org\/{rel}","templated":true}]}}