{"id":100848,"date":"2021-02-21T22:38:12","date_gmt":"2021-02-21T22:38:12","guid":{"rendered":"https:\/\/www.autonvaraosahaku.fi\/?product=bosch-f-026-407-095-oljynsuodatin"},"modified":"2021-02-21T22:38:19","modified_gmt":"2021-02-21T22:38:19","slug":"bosch-f-026-407-095-oljynsuodatin","status":"publish","type":"product","link":"https:\/\/www.autonvaraosahaku.fi\/?product=bosch-f-026-407-095-oljynsuodatin","title":{"rendered":"Bosch F 026 407 095 \u00d6ljynsuodatin"},"content":{"rendered":"<p>Suodatintyyppi: Suodatinpanos; Korkeus (mm): 105; Korkeus 1 (mm): 75,5; Ulkol\u00e4pimitta [mm]: 64; L\u00e4pimitta 1 [mm]: 24,6; L\u00e4pimitta 2 [mm]: 48; Valmistusvuoteen: 12\/2017; CHEVROLET: MALIBU V300; OPEL: CORSA D,ASTRA J Sports Tourer,INSIGNIA Caravan,ASTRA J,MERIVA B,ZAFIRA TOURER C P12,INSIGNIA,INSIGNIA Stufenheck,ASTRA GTC J,ASTRA J Stufenheck,CORSA D Van,CASCADA W13,COMBO Kasten\/Kombi X12,COMBO Tour X12,INSIGNIA A Country Tourer G09; SAAB: 9-5 YS3G; VAUXHALL: CORSA Mk III D L_8,INSIGNIA Mk I A,INSIGNIA Mk I A Estate,ZAFIRA Mk III P12,ASTRA Mk VI J CC,ASTRA Mk VI J,INSIGNIA Mk I A Sedan,CORSAVAN Mk III D,MERIVA Mk II B,ASTRA Mk VI J Estate,INSIGNIA Mk I A Country Tourer G09,COMBO Mk III D Kasten\/Kombi; 95517794, 55595538, 93167122, 93191747, 93195463, 93195862, 55565960, 55577033, 55595538, 650017, 650061, 650181, 650221, 650231, 860134, 95517794, 95528278, 55577033, 55565960, 55577033, 55595538, 95517794, 95528278<\/p>\n","protected":false},"excerpt":{"rendered":"<p>BOSCH \u00d6ljynsuodatin F 026 407 095  CHEVROLET,OPEL,SAAB,MALIBU V300,CORSA D,ASTRA J Sports Tourer,INSIGNIA Caravan,ASTRA J,MERIVA B,ZAFIRA TOURER C P12<\/p>\n","protected":false},"featured_media":0,"template":"","meta":{"site-sidebar-layout":"default","site-content-layout":"default","ast-global-header-display":"","ast-main-header-display":"","ast-hfb-above-header-display":"","ast-hfb-below-header-display":"","ast-hfb-mobile-header-display":"","site-post-title":"","ast-breadcrumbs-content":"","ast-featured-img":"","footer-sml-layout":"","theme-transparent-header-meta":"","adv-header-id-meta":"","stick-header-meta":"","header-above-stick-meta":"","header-main-stick-meta":"","header-below-stick-meta":""},"pwb-brand":[534],"product_cat":[30],"product_tag":[],"class_list":{"0":"post-100848","1":"product","2":"type-product","3":"status-publish","5":"pwb-brand-bosch","6":"product_cat-oljynsuodatin","7":"desktop-align-left","8":"tablet-align-left","9":"mobile-align-left","11":"first","12":"instock","13":"product-type-external"},"brands":[{"id":534,"name":"Bosch","slug":"bosch"}],"_links":{"self":[{"href":"https:\/\/www.autonvaraosahaku.fi\/index.php?rest_route=\/wp\/v2\/product\/100848","targetHints":{"allow":["GET"]}}],"collection":[{"href":"https:\/\/www.autonvaraosahaku.fi\/index.php?rest_route=\/wp\/v2\/product"}],"about":[{"href":"https:\/\/www.autonvaraosahaku.fi\/index.php?rest_route=\/wp\/v2\/types\/product"}],"wp:attachment":[{"href":"https:\/\/www.autonvaraosahaku.fi\/index.php?rest_route=%2Fwp%2Fv2%2Fmedia&parent=100848"}],"wp:term":[{"taxonomy":"pwb-brand","embeddable":true,"href":"https:\/\/www.autonvaraosahaku.fi\/index.php?rest_route=%2Fwp%2Fv2%2Fpwb-brand&post=100848"},{"taxonomy":"product_cat","embeddable":true,"href":"https:\/\/www.autonvaraosahaku.fi\/index.php?rest_route=%2Fwp%2Fv2%2Fproduct_cat&post=100848"},{"taxonomy":"product_tag","embeddable":true,"href":"https:\/\/www.autonvaraosahaku.fi\/index.php?rest_route=%2Fwp%2Fv2%2Fproduct_tag&post=100848"}],"curies":[{"name":"wp","href":"https:\/\/api.w.org\/{rel}","templated":true}]}}