{"id":10087,"date":"2021-02-21T14:07:47","date_gmt":"2021-02-21T14:07:47","guid":{"rendered":"https:\/\/www.autonvaraosahaku.fi\/?product=topran-116-491-muut-luokat"},"modified":"2021-02-21T14:07:48","modified_gmt":"2021-02-21T14:07:48","slug":"topran-116-491-muut-luokat","status":"publish","type":"product","link":"https:\/\/www.autonvaraosahaku.fi\/?product=topran-116-491-muut-luokat","title":{"rendered":"TOPRAN 116 491 Muut luokat"},"content":{"rendered":"<p>Pistokkeen kotelon muoto: D-muoto; Napojen m\u00e4\u00e4r\u00e4: 2; K\u00e4ytt\u00f6: S\u00e4hk\u00f6-hydraulinen; Lis\u00e4tarvike\/lis\u00e4tieto: Tiivisteill\u00e4; Huomioi ajoneuvovalmistajan vaatimukset: ; Moottorinumero: BVZ; VW: GOLF V 1K1,GOLF VI 5K1,GOLF V Variant 1K5,EOS 1F7, 1F8,SCIROCCO 137, 138,JETTA III 1K2; AUDI: A6 Avant 4F5, C6,A3 8P1,A3 Sportback 8PA,A4 Avant 8ED, B7,A4 8EC, B7,TT 8J3,TT Roadster 8J9; SEAT: LEON 1P1,ALTEA 5P1,ALTEA XL 5P5, 5P8,EXEO ST 3R5,EXEO 3R2,TOLEDO III 5P2; 06F109257A, 06F109257C, 06F109257A, 06F109257C, 06F109257A, 06F109257C<\/p>\n","protected":false},"excerpt":{"rendered":"<p>TOPRAN S\u00e4\u00e4t\u00f6venttiili, Nokka-Akselin Ajoitus (Vvt) 116 491  VW,AUDI,SEAT,GOLF V 1K1,GOLF VI 5K1,GOLF V Variant 1K5,EOS 1F7, 1F8,SCIROCCO 137, 138<\/p>\n","protected":false},"featured_media":0,"template":"","meta":{"site-sidebar-layout":"default","site-content-layout":"default","ast-global-header-display":"","ast-main-header-display":"","ast-hfb-above-header-display":"","ast-hfb-below-header-display":"","ast-hfb-mobile-header-display":"","site-post-title":"","ast-breadcrumbs-content":"","ast-featured-img":"","footer-sml-layout":"","theme-transparent-header-meta":"","adv-header-id-meta":"","stick-header-meta":"","header-above-stick-meta":"","header-main-stick-meta":"","header-below-stick-meta":""},"pwb-brand":[18],"product_cat":[37],"product_tag":[],"class_list":{"0":"post-10087","1":"product","2":"type-product","3":"status-publish","5":"pwb-brand-topran","6":"product_cat-muut-luokat","7":"desktop-align-left","8":"tablet-align-left","9":"mobile-align-left","11":"first","12":"instock","13":"product-type-external"},"brands":[{"id":18,"name":"TOPRAN","slug":"topran"}],"_links":{"self":[{"href":"https:\/\/www.autonvaraosahaku.fi\/index.php?rest_route=\/wp\/v2\/product\/10087","targetHints":{"allow":["GET"]}}],"collection":[{"href":"https:\/\/www.autonvaraosahaku.fi\/index.php?rest_route=\/wp\/v2\/product"}],"about":[{"href":"https:\/\/www.autonvaraosahaku.fi\/index.php?rest_route=\/wp\/v2\/types\/product"}],"wp:attachment":[{"href":"https:\/\/www.autonvaraosahaku.fi\/index.php?rest_route=%2Fwp%2Fv2%2Fmedia&parent=10087"}],"wp:term":[{"taxonomy":"pwb-brand","embeddable":true,"href":"https:\/\/www.autonvaraosahaku.fi\/index.php?rest_route=%2Fwp%2Fv2%2Fpwb-brand&post=10087"},{"taxonomy":"product_cat","embeddable":true,"href":"https:\/\/www.autonvaraosahaku.fi\/index.php?rest_route=%2Fwp%2Fv2%2Fproduct_cat&post=10087"},{"taxonomy":"product_tag","embeddable":true,"href":"https:\/\/www.autonvaraosahaku.fi\/index.php?rest_route=%2Fwp%2Fv2%2Fproduct_tag&post=10087"}],"curies":[{"name":"wp","href":"https:\/\/api.w.org\/{rel}","templated":true}]}}