{"id":100878,"date":"2021-02-21T22:38:29","date_gmt":"2021-02-21T22:38:29","guid":{"rendered":"https:\/\/www.autonvaraosahaku.fi\/?product=bosch-0-242-230-534-sytytystulpat"},"modified":"2021-02-21T22:38:33","modified_gmt":"2021-02-21T22:38:33","slug":"bosch-0-242-230-534-sytytystulpat","status":"publish","type":"product","link":"https:\/\/www.autonvaraosahaku.fi\/?product=bosch-0-242-230-534-sytytystulpat","title":{"rendered":"Bosch 0 242 230 534 Sytytystulpat"},"content":{"rendered":"<p>K\u00e4rkiv\u00e4li (mm): 1,1; Kiristysmomentti: 28; Kiristyskulma [Grad]: 90; Ulkokierre [mm]: 14; Kierrenousu (mm): 1,25; Kierteen pituus (mm): 19; Avainv\u00e4li: 16; Kipin\u00e4et\u00e4isyys [mm]: 3; Napojen m\u00e4\u00e4r\u00e4: 1; Valmistusvuosi alkaen: 09\/1997; MAZDA: 2 DY,2 DE,323 F VI BJ,3 BL,3 BM,DEMIO DW,3 Stufenheck BL,FAMILIA VI BJ,3 Stufenheck BM,2 Stufenheck DE,323 C IV BG,FAMILIA IV BF,626 IV GE,FAMILIA V BA,FAMILIA V BG8,MX-6 GE,FAMILIA IV BG,MPV I LV; CHEVROLET: CAPRICE,CAPRICE Kombi US; JEEP: GRAND CHEROKEE I ZJ; DAEWOO: REZZO KLAU,LANOS KLAT,NUBIRA Stufenheck KLAN,NUBIRA Wagon KLAN,NUBIRA Wagon KLAJ,LANOS Stufenheck KLAT,NUBIRA Stufenheck KLAJ,NUBIRA KLAJ,NUBIRA Kombi J150,NUBIRA Stufenheck J150; NISSAN: MICRA II K11,ALMERA TINO V10,PRIMERA P11,TERRANO II R20,PRIMERA Traveller WP11,PRIMERA Hatchback P11,ALMERA I Hatchback N15,PATHFINDER R50,ALMERA Mk II N16,SERENA C23M,SKYLINE Coupe R33,NP300,SUNNY III N14,SILVIA S12,BLUEBIRD T72 , T12,SKYLINE R33,BLUEBIRD Hatchback T72, T12,MAXIMA II J30,BLUEBIRD Station Wagon WU11,PRAIRIE PRO M11,NAVARA Pritsche\/Fahrgestell D21,PRAIRIE M10, NM10,SENTRA B15; KIA: PICANTO BA,CEE&#8217;D SW ED,CEE&#8217;D Schr\u00e4gheck ED,SPORTAGE JE_, KM_,CARENS II FJ,RIO II JB,CARENS III UN,PRO CEE&#8217;D ED,SOUL AM,CERATO LD,MAGENTIS MG,SPORTAGE K00,CERATO Stufenheck LD,RIO II Stufenheck JB,CLARUS K9A; LEXUS: ES F1, F2; HONDA: CIVIC IV Hatchback EC, ED, EE,CIVIC VI Stufenheck EJ, EK,CIVIC V Stufenheck EG, EH; LAND ROVER: RANGE ROVER SPORT LS,RANGE ROVER III LM,DISCOVERY III TAA,DISCOVERY II LJ, LT,RANGE ROVER II LP; HYUNDAI: i30 FD,GETZ TB,i10 PA,i20 PB, PBT,TUCSON JM,i30 CW FD,MATRIX FC,COUPE GK,ATOS MX,TRAJET FO,SONATA V NF,ACCENT II LC,COUPE RD,ACCENT III MC,ELANTRA XD,ACCENT III Stufenheck MC,ELANTRA Stufenheck XD,ACCENT I X-3,ACCENT II Stufenheck LC,LANTRA II Wagon J-2,LANTRA II J-2,ACCENT Stufenheck X-3,S COUPE SLC,ELANTRA Stufenheck HD; C2A1535, LR005253; Tulpat,Sytytystulppa<\/p>\n","protected":false},"excerpt":{"rendered":"<p>BOSCH Sytytystulpat 0 242 230 534 Tulpat,Sytytystulppa MAZDA,CHEVROLET,JEEP,2 DY,2 DE,323 F VI BJ,3 BL,3 BM,DEMIO DW,3 Stufenheck BL,FAMILIA VI BJ<\/p>\n","protected":false},"featured_media":0,"template":"","meta":{"site-sidebar-layout":"default","site-content-layout":"default","ast-global-header-display":"","ast-main-header-display":"","ast-hfb-above-header-display":"","ast-hfb-below-header-display":"","ast-hfb-mobile-header-display":"","site-post-title":"","ast-breadcrumbs-content":"","ast-featured-img":"","footer-sml-layout":"","theme-transparent-header-meta":"","adv-header-id-meta":"","stick-header-meta":"","header-above-stick-meta":"","header-main-stick-meta":"","header-below-stick-meta":""},"pwb-brand":[534],"product_cat":[165],"product_tag":[],"class_list":{"0":"post-100878","1":"product","2":"type-product","3":"status-publish","5":"pwb-brand-bosch","6":"product_cat-sytytystulpat","7":"desktop-align-left","8":"tablet-align-left","9":"mobile-align-left","11":"first","12":"instock","13":"product-type-external"},"brands":[{"id":534,"name":"Bosch","slug":"bosch"}],"_links":{"self":[{"href":"https:\/\/www.autonvaraosahaku.fi\/index.php?rest_route=\/wp\/v2\/product\/100878","targetHints":{"allow":["GET"]}}],"collection":[{"href":"https:\/\/www.autonvaraosahaku.fi\/index.php?rest_route=\/wp\/v2\/product"}],"about":[{"href":"https:\/\/www.autonvaraosahaku.fi\/index.php?rest_route=\/wp\/v2\/types\/product"}],"wp:attachment":[{"href":"https:\/\/www.autonvaraosahaku.fi\/index.php?rest_route=%2Fwp%2Fv2%2Fmedia&parent=100878"}],"wp:term":[{"taxonomy":"pwb-brand","embeddable":true,"href":"https:\/\/www.autonvaraosahaku.fi\/index.php?rest_route=%2Fwp%2Fv2%2Fpwb-brand&post=100878"},{"taxonomy":"product_cat","embeddable":true,"href":"https:\/\/www.autonvaraosahaku.fi\/index.php?rest_route=%2Fwp%2Fv2%2Fproduct_cat&post=100878"},{"taxonomy":"product_tag","embeddable":true,"href":"https:\/\/www.autonvaraosahaku.fi\/index.php?rest_route=%2Fwp%2Fv2%2Fproduct_tag&post=100878"}],"curies":[{"name":"wp","href":"https:\/\/api.w.org\/{rel}","templated":true}]}}