{"id":100884,"date":"2021-02-21T22:38:29","date_gmt":"2021-02-21T22:38:29","guid":{"rendered":"https:\/\/www.autonvaraosahaku.fi\/?product=bosch-0-242-236-596-sytytystulpat"},"modified":"2021-02-21T22:38:35","modified_gmt":"2021-02-21T22:38:35","slug":"bosch-0-242-236-596-sytytystulpat","status":"publish","type":"product","link":"https:\/\/www.autonvaraosahaku.fi\/?product=bosch-0-242-236-596-sytytystulpat","title":{"rendered":"Bosch 0 242 236 596 Sytytystulpat"},"content":{"rendered":"<p>K\u00e4rkiv\u00e4li (mm): 1,1; Kiristysmomentti: 28; Kiristyskulma [Grad]: 90; Ulkokierre [mm]: 14; Kierrenousu (mm): 1,25; Kierteen pituus (mm): 19; Avainv\u00e4li: 16; Kipin\u00e4et\u00e4isyys [mm]: 3; Napojen m\u00e4\u00e4r\u00e4: 1; Valmistusvuoteen: 09\/1995; VW: PASSAT Variant 3B5,PASSAT 3B2; AUDI: A6 Avant 4F5, C6,A4 8D2, B5,A4 Avant 8E5, B6,A6 Avant 4B5, C5,A4 8E2, B6,A6 4F2, C6,CABRIOLET 8G7, B4,100 4A, C4,A6 Avant 4A, C4,A6 4A, C4,100 Avant 4A, C4; MAZDA: 3 BK,MX-5 II NB,323 F VI BJ,PREMACY CP,MX-5 I NA,DEMIO DW,3 Stufenheck BK,323 P V BA,626 IV Hatchback GE,MX-3 EC,FAMILIA VI BJ,XEDOS 6 CA,323 C IV BG,FAMILIA IV BF,XEDOS 9 TA,626 IV GE,FAMILIA V BA,FAMILIA V BG8,323 III Hatchback BF,121 II DB,MX-6 GE,626 III GD,FAMILIA IV BG,626 III Hatchback GD,626 III Coupe GD,E-SERIE Kasten SR2,626 III Station Wagon GV,323 III BF,MPV I LV,MX-6 GD; BMW: 5 E39,3 Compact E36,3 E36,3 E30,7 E38,3 Coupe E36,Z3 E36,5 E34,3 Cabriolet E30,3 Cabriolet E36,7 E32,8 E31,5 Touring E34; CHEVROLET: CRUZE J300,KALOS,CRUZE Schr\u00e4gheck J305,LACETTI J200,AVEO Stufenheck T250, T255,REZZO,NUBIRA Stufenheck,AVEO Stufenheck T200,AVEO Schr\u00e4gheck T200,CHEVY; JEEP: CHEROKEE XJ,COMANCHE MJ; DAEWOO: KALOS KLAS,LANOS KLAT,LACETTI Schr\u00e4gheck KLAN,KALOS Stufenheck KLAS,NUBIRA Wagon KLAJ,LANOS Stufenheck KLAT,NEXIA KLETN,NUBIRA Stufenheck KLAJ,ESPERO KLEJ,NUBIRA KLAJ,NEXIA Stufenheck KLETN,CIELO Stufenheck,NEXIA Stufenheck,NUBIRA Stufenheck J150,NUBIRA Kombi J150; LADA: KALINA Kombi 1117,KALINA Schr\u00e4gheck 1119,111 2111,110 2110,PRIORA Kombi 2171,KALINA Stufenheck 1118,GRANTA 2190,112 2112,PRIORA Schr\u00e4gheck 2172,KALINA Kombi 2194,KALINA Schr\u00e4gheck 2192; NISSAN: MICRA II K11,ALMERA II Hatchback N16,ALMERA I Hatchback N15,PICK UP D22,NAVARA D22,ALMERA Mk II N16,200 SX S13,100 NX B13,TERRANO I WD21,300 ZX Z31,SUNNY II Coupe B12,NP300,SUNNY III N14,SUNNY II Hatchback N13,SILVIA S12,BLUEBIRD T72 , T12,LAUREL JC32,BLUEBIRD Hatchback T72, T12,MAXIMA II J30,SUNNY II N13,BLUEBIRD Station Wagon WU11,PRAIRIE PRO M11,BLUEBIRD U11,PRAIRIE M10, NM10,SUNNY II Traveller B12,200 SX S15,PATHFINDER,BLUEBIRD Traveller W910,BLUEBIRD Stufenheck 910; KIA: RIO Kombi DC,MAGENTIS MG,SPORTAGE K00,RIO Stufenheck DC_,SHUMA II FB,RETONA CE,SHUMA FB,SHUMA II Stufenheck FB,CLARUS K9A,CLARUS Kombi GC,SEPHIA Stufenheck FA,SEPHIA FA,SEPHIA FB; 2741025000, MD361067; Tulpat,Sytytystulppa<\/p>\n","protected":false},"excerpt":{"rendered":"<p>BOSCH Sytytystulpat 0 242 236 596 Tulpat,Sytytystulppa VW,AUDI,MAZDA,PASSAT Variant 3B5,PASSAT 3B2,A6 Avant 4F5, C6,A4 8D2, B5,A4 Avant 8E5, B6<\/p>\n","protected":false},"featured_media":0,"template":"","meta":{"site-sidebar-layout":"default","site-content-layout":"default","ast-global-header-display":"","ast-main-header-display":"","ast-hfb-above-header-display":"","ast-hfb-below-header-display":"","ast-hfb-mobile-header-display":"","site-post-title":"","ast-breadcrumbs-content":"","ast-featured-img":"","footer-sml-layout":"","theme-transparent-header-meta":"","adv-header-id-meta":"","stick-header-meta":"","header-above-stick-meta":"","header-main-stick-meta":"","header-below-stick-meta":""},"pwb-brand":[534],"product_cat":[165],"product_tag":[],"class_list":{"0":"post-100884","1":"product","2":"type-product","3":"status-publish","5":"pwb-brand-bosch","6":"product_cat-sytytystulpat","7":"desktop-align-left","8":"tablet-align-left","9":"mobile-align-left","11":"first","12":"instock","13":"product-type-external"},"brands":[{"id":534,"name":"Bosch","slug":"bosch"}],"_links":{"self":[{"href":"https:\/\/www.autonvaraosahaku.fi\/index.php?rest_route=\/wp\/v2\/product\/100884","targetHints":{"allow":["GET"]}}],"collection":[{"href":"https:\/\/www.autonvaraosahaku.fi\/index.php?rest_route=\/wp\/v2\/product"}],"about":[{"href":"https:\/\/www.autonvaraosahaku.fi\/index.php?rest_route=\/wp\/v2\/types\/product"}],"wp:attachment":[{"href":"https:\/\/www.autonvaraosahaku.fi\/index.php?rest_route=%2Fwp%2Fv2%2Fmedia&parent=100884"}],"wp:term":[{"taxonomy":"pwb-brand","embeddable":true,"href":"https:\/\/www.autonvaraosahaku.fi\/index.php?rest_route=%2Fwp%2Fv2%2Fpwb-brand&post=100884"},{"taxonomy":"product_cat","embeddable":true,"href":"https:\/\/www.autonvaraosahaku.fi\/index.php?rest_route=%2Fwp%2Fv2%2Fproduct_cat&post=100884"},{"taxonomy":"product_tag","embeddable":true,"href":"https:\/\/www.autonvaraosahaku.fi\/index.php?rest_route=%2Fwp%2Fv2%2Fproduct_tag&post=100884"}],"curies":[{"name":"wp","href":"https:\/\/api.w.org\/{rel}","templated":true}]}}